{"id":8683,"date":"2020-09-07T17:19:30","date_gmt":"2020-09-07T15:19:30","guid":{"rendered":"https:\/\/natureight.com\/?post_type=product&#038;p=8683"},"modified":"2025-02-28T10:39:49","modified_gmt":"2025-02-28T09:39:49","slug":"liquid-capsules","status":"publish","type":"product","link":"https:\/\/natureight.com\/fr\/product\/liquid-capsules\/","title":{"rendered":"Capsules de CBD liquide"},"content":{"rendered":"<h2><strong>CAPSULES D\u2019HUILE DE CBD ET COCO<\/strong><\/h2>\n<p>Les Capsules de CBD liquides Natureight sont compos\u00e9es d\u2019huile de CBD \u00e0 spectre complet et d\u2019huile vierge de noix de coco Bio.<\/p>\n<p><strong>L\u2019huile de CBD<\/strong> est \u00e9labor\u00e9e \u00e0 partir d\u2019un extrait de chanvre complet (Cannabis sativa L.) qui contient du\u00a0<strong>CBD<\/strong>\u00a0(cannabidiol) de mani\u00e8re naturelle ainsi qu\u2019une multitude d\u2019autres compos\u00e9s b\u00e9n\u00e9fiques comme les flavono\u00efdes et les terp\u00e8nes. Le CBD est un cannabino\u00efde\u00a0<strong>non psychoactif<\/strong> qui pr\u00e9sente de <a href=\"https:\/\/natureight.com\/fr\/blog\/\">nombreux atouts th\u00e9rapeutiques.<\/a><em><br \/>\n<\/em><\/p>\n<p><strong>L\u2019huile de Coco <\/strong>quant \u00e0 elle pr\u00e9sente une forte proportion de triglyc\u00e9rides \u00e0 chaine moyenne (TCM), ce qui lui conf\u00e8re de nombreuses propri\u00e9t\u00e9s b\u00e9n\u00e9fiques \u00e0 la sant\u00e9 en termes de production d\u2019\u00e9nergie et de protection du cerveau. Ils augmenteraient \u00e9galement la tol\u00e9rance au glucose. L\u2019huile de noix de coco contient aussi des vitamines, et notamment de la vitamine E. La <strong>vitamine E<\/strong> est connue pour \u00eatre antioxydante, mais elle pr\u00e9sente quelques autres avantages. Elle agit en faveur du syst\u00e8me immunitaire et dans le cadre de la pr\u00e9vention des maladies cardiovasculaires. Elle s\u2019illustre aussi dans la pr\u00e9vention de certaines maladies, et notamment du d\u00e9clin cognitif.<\/p>\n<p>Les <a href=\"https:\/\/natureight.com\/fr\/categorie-produit\/capsules-cbd\/\">capsules<\/a> liquides de CBD Natureight sont<strong> Bio et 100% V\u00e9gan<\/strong>. Elles tirent avantage des rem\u00e8des ancestraux et progr\u00e8s scientifiques pour vous aider \u00e0\u00a0<strong>retrouver l\u2019\u00e9quilibre interne, soulager les troubles plus aigus, afin d\u2019atteindre le bien-\u00eatre dans votre vie quotidienne.<\/strong><\/p>\n<ul>\n<li><strong>Pratique<\/strong><\/li>\n<li><strong>Sans go\u00fbt<\/strong><\/li>\n<li><strong>Facile \u00e0 dig\u00e9rer<\/strong><\/li>\n<\/ul>\n<h2><strong>PRODUCTION \u00c0 BASSES TEMP\u00c9RATURES \u2013 LTP EXTRACT<\/strong><\/h2>\n<p>Toutes les \u00e9tapes de fabrication se font \u00e0\u00a0<strong>basses temp\u00e9ratures<\/strong>, ne d\u00e9passant pas 72\u00baC). Ce\u00a0proc\u00e9d\u00e9 exclusif d\u2019extraction<strong> \u00e9vite la d\u00e9gradation<\/strong>\u00a0thermique du cannabidiol et des autres compos\u00e9s actifs contenus dans l\u2019extrait de chanvre.\u00a0<strong>Ce proc\u00e9d\u00e9 est le plus s\u00fbr, le plus \u00e9cologique et pr\u00e9serve toutes les\u00a0propri\u00e9t\u00e9s b\u00e9n\u00e9fiques de la plante.<\/strong><\/p>\n<h2><strong>LA NATURE, NOTRE \u00c9QUILIBRE<\/strong><\/h2>\n<p>Notre chanvre provient de\u00a0<strong>graines certifi\u00e9es par l\u2019Union Europ\u00e9enne<\/strong>. Il est cultiv\u00e9 sans pesticides, herbicides, hormones de croissance, engrais chimiques ou additifs d\u2019aucune sorte.<\/p>\n<p>L\u2019huile Natureight est soumise \u00e0 un contr\u00f4le strict de la culture jusqu\u2019\u00e0 votre domicile pour vous offrir une\u00a0<strong>qualit\u00e9 et une s\u00e9curit\u00e9 maximales<\/strong>.<\/p>\n<p>&nbsp;<\/p>\n","protected":false},"excerpt":{"rendered":"<p><strong>30 capsules \u2013 750 mg CBD<\/strong><\/p>\n<p>&nbsp; <a href=\"https:\/\/natureight.com\/fr\/product\/liquid-capsules\/\" class=\"read-more-blog\">Lire la suite<\/a><\/p>\n","protected":false},"featured_media":8711,"comment_status":"open","ping_status":"closed","template":"","meta":{"generate_page_header":""},"product_brand":[],"product_cat":[109],"product_tag":[],"class_list":{"0":"post-8683","1":"product","2":"type-product","3":"status-publish","4":"has-post-thumbnail","6":"product_cat-capsules-cbd","8":"first","9":"outofstock","10":"taxable","11":"shipping-taxable","12":"purchasable","13":"product-type-variable"},"yoast_head":"<!-- This site is optimized with the Yoast SEO plugin v25.4 - https:\/\/yoast.com\/wordpress\/plugins\/seo\/ -->\n<title>Retrouvez les meilleures capsules de CBD liquides en Europe<\/title>\n<meta name=\"description\" content=\"Les capsules de CBD liquides NATUREIGHT vous permettent de profiter de la force d&#039;un CBD de haute qualit\u00e9, associ\u00e9 \u00e0 l&#039;huile de coco bio\" \/>\n<meta name=\"robots\" content=\"index, follow, max-snippet:-1, max-image-preview:large, max-video-preview:-1\" \/>\n<link rel=\"canonical\" href=\"https:\/\/natureight.com\/fr\/product\/liquid-capsules\/\" \/>\n<meta property=\"og:locale\" content=\"fr_FR\" \/>\n<meta property=\"og:type\" content=\"article\" \/>\n<meta property=\"og:title\" content=\"Retrouvez les meilleures capsules de CBD liquides en Europe\" \/>\n<meta property=\"og:description\" content=\"Les capsules de CBD liquides NATUREIGHT vous permettent de profiter de la force d&#039;un CBD de haute qualit\u00e9, associ\u00e9 \u00e0 l&#039;huile de coco bio\" \/>\n<meta property=\"og:url\" content=\"https:\/\/natureight.com\/fr\/product\/liquid-capsules\/\" \/>\n<meta property=\"og:site_name\" content=\"Natureight\" \/>\n<meta property=\"article:publisher\" content=\"https:\/\/www.facebook.com\/natureight\/\" \/>\n<meta property=\"article:modified_time\" content=\"2025-02-28T09:39:49+00:00\" \/>\n<meta property=\"og:image\" content=\"https:\/\/natureight.com\/wp-content\/uploads\/2020\/09\/capsules-liquides-cbd.png\" \/>\n\t<meta property=\"og:image:width\" content=\"1200\" \/>\n\t<meta property=\"og:image:height\" content=\"1013\" \/>\n\t<meta property=\"og:image:type\" content=\"image\/png\" \/>\n<meta name=\"twitter:card\" content=\"summary_large_image\" \/>\n<meta name=\"twitter:site\" content=\"@natureight\" \/>\n<meta name=\"twitter:label1\" content=\"Dur\u00e9e de lecture estim\u00e9e\" \/>\n\t<meta name=\"twitter:data1\" content=\"2 minutes\" \/>\n<script type=\"application\/ld+json\" class=\"yoast-schema-graph\">{\"@context\":\"https:\/\/schema.org\",\"@graph\":[{\"@type\":\"WebPage\",\"@id\":\"https:\/\/natureight.com\/fr\/product\/liquid-capsules\/\",\"url\":\"https:\/\/natureight.com\/fr\/product\/liquid-capsules\/\",\"name\":\"Retrouvez les meilleures capsules de CBD liquides en Europe\",\"isPartOf\":{\"@id\":\"https:\/\/natureight.com\/fr\/#website\"},\"primaryImageOfPage\":{\"@id\":\"https:\/\/natureight.com\/fr\/product\/liquid-capsules\/#primaryimage\"},\"image\":{\"@id\":\"https:\/\/natureight.com\/fr\/product\/liquid-capsules\/#primaryimage\"},\"thumbnailUrl\":\"https:\/\/natureight.com\/wp-content\/uploads\/2020\/09\/capsules-liquides-cbd.png\",\"datePublished\":\"2020-09-07T15:19:30+00:00\",\"dateModified\":\"2025-02-28T09:39:49+00:00\",\"description\":\"Les capsules de CBD liquides NATUREIGHT vous permettent de profiter de la force d'un CBD de haute qualit\u00e9, associ\u00e9 \u00e0 l'huile de coco bio\",\"breadcrumb\":{\"@id\":\"https:\/\/natureight.com\/fr\/product\/liquid-capsules\/#breadcrumb\"},\"inLanguage\":\"fr-FR\",\"potentialAction\":[{\"@type\":\"ReadAction\",\"target\":[\"https:\/\/natureight.com\/fr\/product\/liquid-capsules\/\"]}]},{\"@type\":\"ImageObject\",\"inLanguage\":\"fr-FR\",\"@id\":\"https:\/\/natureight.com\/fr\/product\/liquid-capsules\/#primaryimage\",\"url\":\"https:\/\/natureight.com\/wp-content\/uploads\/2020\/09\/capsules-liquides-cbd.png\",\"contentUrl\":\"https:\/\/natureight.com\/wp-content\/uploads\/2020\/09\/capsules-liquides-cbd.png\",\"width\":1200,\"height\":1013,\"caption\":\"capsules liquides cbd\"},{\"@type\":\"BreadcrumbList\",\"@id\":\"https:\/\/natureight.com\/fr\/product\/liquid-capsules\/#breadcrumb\",\"itemListElement\":[{\"@type\":\"ListItem\",\"position\":1,\"name\":\"Inicio\",\"item\":\"https:\/\/natureight.com\/fr\/\"},{\"@type\":\"ListItem\",\"position\":2,\"name\":\"Tous les produits\",\"item\":\"https:\/\/natureight.com\/fr\/produits\/\"},{\"@type\":\"ListItem\",\"position\":3,\"name\":\"Capsules de CBD liquide\"}]},{\"@type\":\"WebSite\",\"@id\":\"https:\/\/natureight.com\/fr\/#website\",\"url\":\"https:\/\/natureight.com\/fr\/\",\"name\":\"Natureight\",\"description\":\"Natureight ofrece una amplia gama de complementos alimenticios elaborados con CBD y extractos de plantas\",\"publisher\":{\"@id\":\"https:\/\/natureight.com\/fr\/#organization\"},\"potentialAction\":[{\"@type\":\"SearchAction\",\"target\":{\"@type\":\"EntryPoint\",\"urlTemplate\":\"https:\/\/natureight.com\/fr\/?s={search_term_string}\"},\"query-input\":{\"@type\":\"PropertyValueSpecification\",\"valueRequired\":true,\"valueName\":\"search_term_string\"}}],\"inLanguage\":\"fr-FR\"},{\"@type\":\"Organization\",\"@id\":\"https:\/\/natureight.com\/fr\/#organization\",\"name\":\"Natureight\",\"url\":\"https:\/\/natureight.com\/fr\/\",\"logo\":{\"@type\":\"ImageObject\",\"inLanguage\":\"fr-FR\",\"@id\":\"https:\/\/natureight.com\/fr\/#\/schema\/logo\/image\/\",\"url\":\"https:\/\/natureight.com\/wp-content\/uploads\/2023\/08\/logo-natureight-fin.png\",\"contentUrl\":\"https:\/\/natureight.com\/wp-content\/uploads\/2023\/08\/logo-natureight-fin.png\",\"width\":1060,\"height\":248,\"caption\":\"Natureight\"},\"image\":{\"@id\":\"https:\/\/natureight.com\/fr\/#\/schema\/logo\/image\/\"},\"sameAs\":[\"https:\/\/www.facebook.com\/natureight\/\",\"https:\/\/x.com\/natureight\",\"https:\/\/www.instagram.com\/natureight_en\/\",\"https:\/\/www.linkedin.com\/company\/27155561\/admin\/\",\"https:\/\/www.youtube.com\/channel\/UCBRRvf6PCPG1C1EqJb6lPkw\"]}]}<\/script>\n<!-- \/ Yoast SEO plugin. -->","yoast_head_json":{"title":"Retrouvez les meilleures capsules de CBD liquides en Europe","description":"Les capsules de CBD liquides NATUREIGHT vous permettent de profiter de la force d'un CBD de haute qualit\u00e9, associ\u00e9 \u00e0 l'huile de coco bio","robots":{"index":"index","follow":"follow","max-snippet":"max-snippet:-1","max-image-preview":"max-image-preview:large","max-video-preview":"max-video-preview:-1"},"canonical":"https:\/\/natureight.com\/fr\/product\/liquid-capsules\/","og_locale":"fr_FR","og_type":"article","og_title":"Retrouvez les meilleures capsules de CBD liquides en Europe","og_description":"Les capsules de CBD liquides NATUREIGHT vous permettent de profiter de la force d'un CBD de haute qualit\u00e9, associ\u00e9 \u00e0 l'huile de coco bio","og_url":"https:\/\/natureight.com\/fr\/product\/liquid-capsules\/","og_site_name":"Natureight","article_publisher":"https:\/\/www.facebook.com\/natureight\/","article_modified_time":"2025-02-28T09:39:49+00:00","og_image":[{"width":1200,"height":1013,"url":"https:\/\/natureight.com\/wp-content\/uploads\/2020\/09\/capsules-liquides-cbd.png","type":"image\/png"}],"twitter_card":"summary_large_image","twitter_site":"@natureight","twitter_misc":{"Dur\u00e9e de lecture estim\u00e9e":"2 minutes"},"schema":{"@context":"https:\/\/schema.org","@graph":[{"@type":"WebPage","@id":"https:\/\/natureight.com\/fr\/product\/liquid-capsules\/","url":"https:\/\/natureight.com\/fr\/product\/liquid-capsules\/","name":"Retrouvez les meilleures capsules de CBD liquides en Europe","isPartOf":{"@id":"https:\/\/natureight.com\/fr\/#website"},"primaryImageOfPage":{"@id":"https:\/\/natureight.com\/fr\/product\/liquid-capsules\/#primaryimage"},"image":{"@id":"https:\/\/natureight.com\/fr\/product\/liquid-capsules\/#primaryimage"},"thumbnailUrl":"https:\/\/natureight.com\/wp-content\/uploads\/2020\/09\/capsules-liquides-cbd.png","datePublished":"2020-09-07T15:19:30+00:00","dateModified":"2025-02-28T09:39:49+00:00","description":"Les capsules de CBD liquides NATUREIGHT vous permettent de profiter de la force d'un CBD de haute qualit\u00e9, associ\u00e9 \u00e0 l'huile de coco bio","breadcrumb":{"@id":"https:\/\/natureight.com\/fr\/product\/liquid-capsules\/#breadcrumb"},"inLanguage":"fr-FR","potentialAction":[{"@type":"ReadAction","target":["https:\/\/natureight.com\/fr\/product\/liquid-capsules\/"]}]},{"@type":"ImageObject","inLanguage":"fr-FR","@id":"https:\/\/natureight.com\/fr\/product\/liquid-capsules\/#primaryimage","url":"https:\/\/natureight.com\/wp-content\/uploads\/2020\/09\/capsules-liquides-cbd.png","contentUrl":"https:\/\/natureight.com\/wp-content\/uploads\/2020\/09\/capsules-liquides-cbd.png","width":1200,"height":1013,"caption":"capsules liquides cbd"},{"@type":"BreadcrumbList","@id":"https:\/\/natureight.com\/fr\/product\/liquid-capsules\/#breadcrumb","itemListElement":[{"@type":"ListItem","position":1,"name":"Inicio","item":"https:\/\/natureight.com\/fr\/"},{"@type":"ListItem","position":2,"name":"Tous les produits","item":"https:\/\/natureight.com\/fr\/produits\/"},{"@type":"ListItem","position":3,"name":"Capsules de CBD liquide"}]},{"@type":"WebSite","@id":"https:\/\/natureight.com\/fr\/#website","url":"https:\/\/natureight.com\/fr\/","name":"Natureight","description":"Natureight ofrece una amplia gama de complementos alimenticios elaborados con CBD y extractos de plantas","publisher":{"@id":"https:\/\/natureight.com\/fr\/#organization"},"potentialAction":[{"@type":"SearchAction","target":{"@type":"EntryPoint","urlTemplate":"https:\/\/natureight.com\/fr\/?s={search_term_string}"},"query-input":{"@type":"PropertyValueSpecification","valueRequired":true,"valueName":"search_term_string"}}],"inLanguage":"fr-FR"},{"@type":"Organization","@id":"https:\/\/natureight.com\/fr\/#organization","name":"Natureight","url":"https:\/\/natureight.com\/fr\/","logo":{"@type":"ImageObject","inLanguage":"fr-FR","@id":"https:\/\/natureight.com\/fr\/#\/schema\/logo\/image\/","url":"https:\/\/natureight.com\/wp-content\/uploads\/2023\/08\/logo-natureight-fin.png","contentUrl":"https:\/\/natureight.com\/wp-content\/uploads\/2023\/08\/logo-natureight-fin.png","width":1060,"height":248,"caption":"Natureight"},"image":{"@id":"https:\/\/natureight.com\/fr\/#\/schema\/logo\/image\/"},"sameAs":["https:\/\/www.facebook.com\/natureight\/","https:\/\/x.com\/natureight","https:\/\/www.instagram.com\/natureight_en\/","https:\/\/www.linkedin.com\/company\/27155561\/admin\/","https:\/\/www.youtube.com\/channel\/UCBRRvf6PCPG1C1EqJb6lPkw"]}]}},"jetpack_sharing_enabled":true,"publishpress_future_workflow_manual_trigger":{"enabledWorkflows":[]},"_links":{"self":[{"href":"https:\/\/natureight.com\/fr\/wp-json\/wp\/v2\/product\/8683","targetHints":{"allow":["GET"]}}],"collection":[{"href":"https:\/\/natureight.com\/fr\/wp-json\/wp\/v2\/product"}],"about":[{"href":"https:\/\/natureight.com\/fr\/wp-json\/wp\/v2\/types\/product"}],"replies":[{"embeddable":true,"href":"https:\/\/natureight.com\/fr\/wp-json\/wp\/v2\/comments?post=8683"}],"wp:featuredmedia":[{"embeddable":true,"href":"https:\/\/natureight.com\/fr\/wp-json\/wp\/v2\/media\/8711"}],"wp:attachment":[{"href":"https:\/\/natureight.com\/fr\/wp-json\/wp\/v2\/media?parent=8683"}],"wp:term":[{"taxonomy":"product_brand","embeddable":true,"href":"https:\/\/natureight.com\/fr\/wp-json\/wp\/v2\/product_brand?post=8683"},{"taxonomy":"product_cat","embeddable":true,"href":"https:\/\/natureight.com\/fr\/wp-json\/wp\/v2\/product_cat?post=8683"},{"taxonomy":"product_tag","embeddable":true,"href":"https:\/\/natureight.com\/fr\/wp-json\/wp\/v2\/product_tag?post=8683"}],"curies":[{"name":"wp","href":"https:\/\/api.w.org\/{rel}","templated":true}]}}