{"id":8111,"date":"2020-07-14T11:19:48","date_gmt":"2020-07-14T09:19:48","guid":{"rendered":"https:\/\/natureight.com\/product\/aceite-de-cbd-gold-20\/"},"modified":"2026-03-11T12:59:26","modified_gmt":"2026-03-11T11:59:26","slug":"huile-de-cbd-20","status":"publish","type":"product","link":"https:\/\/natureight.com\/fr\/product\/huile-de-cbd-20\/","title":{"rendered":"Huile de CBD GOLD 20%"},"content":{"rendered":"<h2><strong>HUILE DE CBD GOLD 20%<\/strong><\/h2>\n<p>L&rsquo;huile CBD Gold 20% pr\u00e9serve toutes les <strong>propri\u00e9t\u00e9s b\u00e9n\u00e9fiques de la plante<\/strong>, gr\u00e2ce \u00e0 un proc\u00e9d\u00e9 exclusif d&rsquo;extraction \u00e0 basse temp\u00e9rature (LTP hemp extract ou Low Temperature Hemp extract).<\/p>\n<p>Toutes les \u00e9tapes de fabrication se font \u00e0 <strong>basses temp\u00e9ratures<\/strong>, ne d\u00e9passant pas 72\u00baC. Nous <strong>\u00e9vitons ainsi la d\u00e9gradation<\/strong> thermique du cannabidiol et des autres compos\u00e9s actifs. L\u2019huile de CBD Gold 20% poss\u00e8de donc 100% des phytocannabino\u00efdes, terp\u00e8nes et flavono\u00efdes contenus dans l\u2019extrait de chanvre. <strong>Ce proc\u00e9d\u00e9 est le plus s\u00fbr et le plus \u00e9cologique.<\/strong><\/p>\n<p>Notre <strong>gamme premium d&rsquo;huiles CBD Gold<\/strong> est n\u00e9e d&rsquo;un processus de purification suppl\u00e9mentaire des cires et des chlorophylles qui donne une <strong>saveur de chanvre plus subtile.<\/strong><\/p>\n<h2><strong>HUILES DE CBD NATUREIGHT<\/strong><\/h2>\n<p>L&rsquo;huile de CBD Natureight est une <strong>huile bio et 100% vegan<\/strong>. Elle combine rem\u00e8des ancestraux et progr\u00e8s scientifiques pour vous aider \u00e0 <strong>retrouver l&rsquo;\u00e9quilibre interne, soulager les troubles plus aigus, afin d\u2019atteindre le bien-\u00eatre dans votre vie quotidienne.<\/strong><\/p>\n<p>L\u2019<a href=\"https:\/\/natureight.com\/fr\/categorie-produit\/huile-de-cbd\/\">huile de CBD<\/a> spectre complet est un compl\u00e9ment alimentaire \u00e0 base d&rsquo;extrait de chanvre complet (Cannabis Sativa L.) qui contient du <strong>CBD<\/strong> (cannabidiol) de mani\u00e8re naturelle. Le CBD est un cannabino\u00efde <strong>non psychoactif<\/strong>, c&rsquo;est-\u00e0-dire qu\u2019il \u00ab\u00a0ne fait pas planer\u201d.<\/p>\n<p>Nous proposons diverses concentrations de CBD pour <strong>r\u00e9pondre \u00e0 tous les besoins et donc maximiser les r\u00e9sultats<\/strong>.<\/p>\n<p>Le proc\u00e9d\u00e9 exclusif d\u2019extraction que nous utilisons et l\u2019exigence de travailler uniquement avec un extrait entier de la plante, conc\u00e8dent aux huiles Natureight la consid\u00e9ration de compl\u00e9ments alimentaires de haute qualit\u00e9.<\/p>\n<h2><strong>LA NATURE, NOTRE \u00c9QUILIBRE<\/strong><\/h2>\n<p>Notre chanvre provient de <strong>graines certifi\u00e9es par l&rsquo;Union Europ\u00e9enne<\/strong>. Il est cultiv\u00e9 sans pesticides, herbicides, hormones de croissance, engrais chimiques ou additifs d&rsquo;aucune sorte.<\/p>\n<p>L&rsquo;huile de CBD Spectre complet est soumise \u00e0 un contr\u00f4le strict \u00e0 chaque \u00e9tape, de la culture \u00e0 votre domicile, pour offrir une <strong>qualit\u00e9 et une s\u00e9curit\u00e9 maximales<\/strong>.<\/p>\n<p>Chez Natureight nous embrassons l\u2019\u00e9norme potentiel de la nature. Nous sommes convaincus de pouvoir aider la soci\u00e9t\u00e9 moderne \u00e0 jouir d\u2019une meilleure qualit\u00e9 de vie en atteignant l\u2019\u00e9quilibre entre les vertus de la phytoth\u00e9rapie traditionelle et l\u2019innovation technologique de pointe.<\/p>\n","protected":false},"excerpt":{"rendered":"<p class=\"ml\">10ML\/30ML<\/p>\n<p class=\"gris\">Huile de graine de chanvre,<br \/>\nExtrait de chanvre spectre complet<\/p>\n<p> <a href=\"https:\/\/natureight.com\/fr\/product\/huile-de-cbd-20\/\" class=\"read-more-blog\">Lire la suite<\/a><\/p>\n","protected":false},"featured_media":8159,"comment_status":"open","ping_status":"closed","template":"","meta":{"generate_page_header":""},"product_brand":[],"product_cat":[107,103],"product_tag":[],"class_list":{"0":"post-8111","1":"product","2":"type-product","3":"status-publish","4":"has-post-thumbnail","6":"product_cat-entourage-gold-fr","7":"product_cat-huile-de-cbd","9":"first","10":"instock","11":"taxable","12":"shipping-taxable","13":"purchasable","14":"product-type-variable","15":"has-default-attributes"},"yoast_head":"<!-- This site is optimized with the Yoast SEO plugin v25.4 - https:\/\/yoast.com\/wordpress\/plugins\/seo\/ -->\n<title>Huile de CBD 20% NATUREIGHT : l&#039;huile la plus forte de notre gamme<\/title>\n<meta name=\"description\" content=\"Retrouvez l&#039;huile de CBD 20% GOLD NATUREIGHT : un extrait de CBD de haute qualit\u00e9 associ\u00e9 \u00e0 l&#039;huile de graines de chanvre biologique\" \/>\n<meta name=\"robots\" content=\"index, follow, max-snippet:-1, max-image-preview:large, max-video-preview:-1\" \/>\n<link rel=\"canonical\" href=\"https:\/\/natureight.com\/fr\/product\/huile-de-cbd-20\/\" \/>\n<meta property=\"og:locale\" content=\"fr_FR\" \/>\n<meta property=\"og:type\" content=\"article\" \/>\n<meta property=\"og:title\" content=\"Huile de CBD 20% NATUREIGHT : l&#039;huile la plus forte de notre gamme\" \/>\n<meta property=\"og:description\" content=\"Retrouvez l&#039;huile de CBD 20% GOLD NATUREIGHT : un extrait de CBD de haute qualit\u00e9 associ\u00e9 \u00e0 l&#039;huile de graines de chanvre biologique\" \/>\n<meta property=\"og:url\" content=\"https:\/\/natureight.com\/fr\/product\/huile-de-cbd-20\/\" \/>\n<meta property=\"og:site_name\" content=\"Natureight\" \/>\n<meta property=\"article:publisher\" content=\"https:\/\/www.facebook.com\/natureight\/\" \/>\n<meta property=\"article:modified_time\" content=\"2026-03-11T11:59:26+00:00\" \/>\n<meta property=\"og:image\" content=\"https:\/\/natureight.com\/wp-content\/uploads\/2020\/07\/Huile-de-CBD-GOLD-20-2-1.jpg\" \/>\n\t<meta property=\"og:image:width\" content=\"1200\" \/>\n\t<meta property=\"og:image:height\" content=\"1108\" \/>\n\t<meta property=\"og:image:type\" content=\"image\/jpeg\" \/>\n<meta name=\"twitter:card\" content=\"summary_large_image\" \/>\n<meta name=\"twitter:site\" content=\"@natureight\" \/>\n<meta name=\"twitter:label1\" content=\"Dur\u00e9e de lecture estim\u00e9e\" \/>\n\t<meta name=\"twitter:data1\" content=\"2 minutes\" \/>\n<script type=\"application\/ld+json\" class=\"yoast-schema-graph\">{\"@context\":\"https:\/\/schema.org\",\"@graph\":[{\"@type\":\"WebPage\",\"@id\":\"https:\/\/natureight.com\/fr\/product\/huile-de-cbd-20\/\",\"url\":\"https:\/\/natureight.com\/fr\/product\/huile-de-cbd-20\/\",\"name\":\"Huile de CBD 20% NATUREIGHT : l'huile la plus forte de notre gamme\",\"isPartOf\":{\"@id\":\"https:\/\/natureight.com\/fr\/#website\"},\"primaryImageOfPage\":{\"@id\":\"https:\/\/natureight.com\/fr\/product\/huile-de-cbd-20\/#primaryimage\"},\"image\":{\"@id\":\"https:\/\/natureight.com\/fr\/product\/huile-de-cbd-20\/#primaryimage\"},\"thumbnailUrl\":\"https:\/\/natureight.com\/wp-content\/uploads\/2020\/07\/Huile-de-CBD-GOLD-20-2-1.jpg\",\"datePublished\":\"2020-07-14T09:19:48+00:00\",\"dateModified\":\"2026-03-11T11:59:26+00:00\",\"description\":\"Retrouvez l'huile de CBD 20% GOLD NATUREIGHT : un extrait de CBD de haute qualit\u00e9 associ\u00e9 \u00e0 l'huile de graines de chanvre biologique\",\"breadcrumb\":{\"@id\":\"https:\/\/natureight.com\/fr\/product\/huile-de-cbd-20\/#breadcrumb\"},\"inLanguage\":\"fr-FR\",\"potentialAction\":[{\"@type\":\"ReadAction\",\"target\":[\"https:\/\/natureight.com\/fr\/product\/huile-de-cbd-20\/\"]}]},{\"@type\":\"ImageObject\",\"inLanguage\":\"fr-FR\",\"@id\":\"https:\/\/natureight.com\/fr\/product\/huile-de-cbd-20\/#primaryimage\",\"url\":\"https:\/\/natureight.com\/wp-content\/uploads\/2020\/07\/Huile-de-CBD-GOLD-20-2-1.jpg\",\"contentUrl\":\"https:\/\/natureight.com\/wp-content\/uploads\/2020\/07\/Huile-de-CBD-GOLD-20-2-1.jpg\",\"width\":1200,\"height\":1108,\"caption\":\"Huile CBD 20%\"},{\"@type\":\"BreadcrumbList\",\"@id\":\"https:\/\/natureight.com\/fr\/product\/huile-de-cbd-20\/#breadcrumb\",\"itemListElement\":[{\"@type\":\"ListItem\",\"position\":1,\"name\":\"Inicio\",\"item\":\"https:\/\/natureight.com\/fr\/\"},{\"@type\":\"ListItem\",\"position\":2,\"name\":\"Tous les produits\",\"item\":\"https:\/\/natureight.com\/fr\/produits\/\"},{\"@type\":\"ListItem\",\"position\":3,\"name\":\"Huile de CBD GOLD 20%\"}]},{\"@type\":\"WebSite\",\"@id\":\"https:\/\/natureight.com\/fr\/#website\",\"url\":\"https:\/\/natureight.com\/fr\/\",\"name\":\"Natureight\",\"description\":\"Natureight ofrece una amplia gama de complementos alimenticios elaborados con CBD y extractos de plantas\",\"publisher\":{\"@id\":\"https:\/\/natureight.com\/fr\/#organization\"},\"potentialAction\":[{\"@type\":\"SearchAction\",\"target\":{\"@type\":\"EntryPoint\",\"urlTemplate\":\"https:\/\/natureight.com\/fr\/?s={search_term_string}\"},\"query-input\":{\"@type\":\"PropertyValueSpecification\",\"valueRequired\":true,\"valueName\":\"search_term_string\"}}],\"inLanguage\":\"fr-FR\"},{\"@type\":\"Organization\",\"@id\":\"https:\/\/natureight.com\/fr\/#organization\",\"name\":\"Natureight\",\"url\":\"https:\/\/natureight.com\/fr\/\",\"logo\":{\"@type\":\"ImageObject\",\"inLanguage\":\"fr-FR\",\"@id\":\"https:\/\/natureight.com\/fr\/#\/schema\/logo\/image\/\",\"url\":\"https:\/\/natureight.com\/wp-content\/uploads\/2023\/08\/logo-natureight-fin.png\",\"contentUrl\":\"https:\/\/natureight.com\/wp-content\/uploads\/2023\/08\/logo-natureight-fin.png\",\"width\":1060,\"height\":248,\"caption\":\"Natureight\"},\"image\":{\"@id\":\"https:\/\/natureight.com\/fr\/#\/schema\/logo\/image\/\"},\"sameAs\":[\"https:\/\/www.facebook.com\/natureight\/\",\"https:\/\/x.com\/natureight\",\"https:\/\/www.instagram.com\/natureight_en\/\",\"https:\/\/www.linkedin.com\/company\/27155561\/admin\/\",\"https:\/\/www.youtube.com\/channel\/UCBRRvf6PCPG1C1EqJb6lPkw\"]}]}<\/script>\n<!-- \/ Yoast SEO plugin. -->","yoast_head_json":{"title":"Huile de CBD 20% NATUREIGHT : l'huile la plus forte de notre gamme","description":"Retrouvez l'huile de CBD 20% GOLD NATUREIGHT : un extrait de CBD de haute qualit\u00e9 associ\u00e9 \u00e0 l'huile de graines de chanvre biologique","robots":{"index":"index","follow":"follow","max-snippet":"max-snippet:-1","max-image-preview":"max-image-preview:large","max-video-preview":"max-video-preview:-1"},"canonical":"https:\/\/natureight.com\/fr\/product\/huile-de-cbd-20\/","og_locale":"fr_FR","og_type":"article","og_title":"Huile de CBD 20% NATUREIGHT : l'huile la plus forte de notre gamme","og_description":"Retrouvez l'huile de CBD 20% GOLD NATUREIGHT : un extrait de CBD de haute qualit\u00e9 associ\u00e9 \u00e0 l'huile de graines de chanvre biologique","og_url":"https:\/\/natureight.com\/fr\/product\/huile-de-cbd-20\/","og_site_name":"Natureight","article_publisher":"https:\/\/www.facebook.com\/natureight\/","article_modified_time":"2026-03-11T11:59:26+00:00","og_image":[{"width":1200,"height":1108,"url":"https:\/\/natureight.com\/wp-content\/uploads\/2020\/07\/Huile-de-CBD-GOLD-20-2-1.jpg","type":"image\/jpeg"}],"twitter_card":"summary_large_image","twitter_site":"@natureight","twitter_misc":{"Dur\u00e9e de lecture estim\u00e9e":"2 minutes"},"schema":{"@context":"https:\/\/schema.org","@graph":[{"@type":"WebPage","@id":"https:\/\/natureight.com\/fr\/product\/huile-de-cbd-20\/","url":"https:\/\/natureight.com\/fr\/product\/huile-de-cbd-20\/","name":"Huile de CBD 20% NATUREIGHT : l'huile la plus forte de notre gamme","isPartOf":{"@id":"https:\/\/natureight.com\/fr\/#website"},"primaryImageOfPage":{"@id":"https:\/\/natureight.com\/fr\/product\/huile-de-cbd-20\/#primaryimage"},"image":{"@id":"https:\/\/natureight.com\/fr\/product\/huile-de-cbd-20\/#primaryimage"},"thumbnailUrl":"https:\/\/natureight.com\/wp-content\/uploads\/2020\/07\/Huile-de-CBD-GOLD-20-2-1.jpg","datePublished":"2020-07-14T09:19:48+00:00","dateModified":"2026-03-11T11:59:26+00:00","description":"Retrouvez l'huile de CBD 20% GOLD NATUREIGHT : un extrait de CBD de haute qualit\u00e9 associ\u00e9 \u00e0 l'huile de graines de chanvre biologique","breadcrumb":{"@id":"https:\/\/natureight.com\/fr\/product\/huile-de-cbd-20\/#breadcrumb"},"inLanguage":"fr-FR","potentialAction":[{"@type":"ReadAction","target":["https:\/\/natureight.com\/fr\/product\/huile-de-cbd-20\/"]}]},{"@type":"ImageObject","inLanguage":"fr-FR","@id":"https:\/\/natureight.com\/fr\/product\/huile-de-cbd-20\/#primaryimage","url":"https:\/\/natureight.com\/wp-content\/uploads\/2020\/07\/Huile-de-CBD-GOLD-20-2-1.jpg","contentUrl":"https:\/\/natureight.com\/wp-content\/uploads\/2020\/07\/Huile-de-CBD-GOLD-20-2-1.jpg","width":1200,"height":1108,"caption":"Huile CBD 20%"},{"@type":"BreadcrumbList","@id":"https:\/\/natureight.com\/fr\/product\/huile-de-cbd-20\/#breadcrumb","itemListElement":[{"@type":"ListItem","position":1,"name":"Inicio","item":"https:\/\/natureight.com\/fr\/"},{"@type":"ListItem","position":2,"name":"Tous les produits","item":"https:\/\/natureight.com\/fr\/produits\/"},{"@type":"ListItem","position":3,"name":"Huile de CBD GOLD 20%"}]},{"@type":"WebSite","@id":"https:\/\/natureight.com\/fr\/#website","url":"https:\/\/natureight.com\/fr\/","name":"Natureight","description":"Natureight ofrece una amplia gama de complementos alimenticios elaborados con CBD y extractos de plantas","publisher":{"@id":"https:\/\/natureight.com\/fr\/#organization"},"potentialAction":[{"@type":"SearchAction","target":{"@type":"EntryPoint","urlTemplate":"https:\/\/natureight.com\/fr\/?s={search_term_string}"},"query-input":{"@type":"PropertyValueSpecification","valueRequired":true,"valueName":"search_term_string"}}],"inLanguage":"fr-FR"},{"@type":"Organization","@id":"https:\/\/natureight.com\/fr\/#organization","name":"Natureight","url":"https:\/\/natureight.com\/fr\/","logo":{"@type":"ImageObject","inLanguage":"fr-FR","@id":"https:\/\/natureight.com\/fr\/#\/schema\/logo\/image\/","url":"https:\/\/natureight.com\/wp-content\/uploads\/2023\/08\/logo-natureight-fin.png","contentUrl":"https:\/\/natureight.com\/wp-content\/uploads\/2023\/08\/logo-natureight-fin.png","width":1060,"height":248,"caption":"Natureight"},"image":{"@id":"https:\/\/natureight.com\/fr\/#\/schema\/logo\/image\/"},"sameAs":["https:\/\/www.facebook.com\/natureight\/","https:\/\/x.com\/natureight","https:\/\/www.instagram.com\/natureight_en\/","https:\/\/www.linkedin.com\/company\/27155561\/admin\/","https:\/\/www.youtube.com\/channel\/UCBRRvf6PCPG1C1EqJb6lPkw"]}]}},"jetpack_sharing_enabled":true,"publishpress_future_workflow_manual_trigger":{"enabledWorkflows":[]},"_links":{"self":[{"href":"https:\/\/natureight.com\/fr\/wp-json\/wp\/v2\/product\/8111","targetHints":{"allow":["GET"]}}],"collection":[{"href":"https:\/\/natureight.com\/fr\/wp-json\/wp\/v2\/product"}],"about":[{"href":"https:\/\/natureight.com\/fr\/wp-json\/wp\/v2\/types\/product"}],"replies":[{"embeddable":true,"href":"https:\/\/natureight.com\/fr\/wp-json\/wp\/v2\/comments?post=8111"}],"wp:featuredmedia":[{"embeddable":true,"href":"https:\/\/natureight.com\/fr\/wp-json\/wp\/v2\/media\/8159"}],"wp:attachment":[{"href":"https:\/\/natureight.com\/fr\/wp-json\/wp\/v2\/media?parent=8111"}],"wp:term":[{"taxonomy":"product_brand","embeddable":true,"href":"https:\/\/natureight.com\/fr\/wp-json\/wp\/v2\/product_brand?post=8111"},{"taxonomy":"product_cat","embeddable":true,"href":"https:\/\/natureight.com\/fr\/wp-json\/wp\/v2\/product_cat?post=8111"},{"taxonomy":"product_tag","embeddable":true,"href":"https:\/\/natureight.com\/fr\/wp-json\/wp\/v2\/product_tag?post=8111"}],"curies":[{"name":"wp","href":"https:\/\/api.w.org\/{rel}","templated":true}]}}