{"id":1500,"date":"2019-04-29T21:03:50","date_gmt":"2019-04-29T21:03:51","guid":{"rendered":"https:\/\/natureight.com\/?post_type=product&#038;p=1500"},"modified":"2025-11-13T10:07:07","modified_gmt":"2025-11-13T09:07:07","slug":"huile-de-cbd-300mg-entourage","status":"publish","type":"product","link":"https:\/\/natureight.com\/fr\/product\/huile-de-cbd-300mg-entourage\/","title":{"rendered":"Huile de CBD ENTOURAGE 3%"},"content":{"rendered":"<h2><strong>HUILE DE CBD ENTOURAGE 3%<\/strong><\/h2>\n<p>L&rsquo;huile CBD Entourage 3% pr\u00e9serve toutes les <strong>propri\u00e9t\u00e9s b\u00e9n\u00e9fiques de la plante<\/strong>, gr\u00e2ce \u00e0 un proc\u00e9d\u00e9 exclusif d&rsquo;extraction \u00e0 basse temp\u00e9rature (LTP hemp extract ou Low Temperature Hemp extract).<\/p>\n<p>Toutes les \u00e9tapes de fabrication se font \u00e0 <strong>basses temp\u00e9ratures<\/strong>, ne d\u00e9passant pas 72\u00baC. Nous <strong>\u00e9vitons ainsi la d\u00e9gradation<\/strong> thermique du cannabidiol et des autres compos\u00e9s actifs. L\u2019huile de CBD Entourage 3% poss\u00e8de donc 100% des phytocannabino\u00efdes, terp\u00e8nes et flavono\u00efdes contenus dans l\u2019extrait de chanvre. <strong>Ce proc\u00e9d\u00e9 est le plus s\u00fbr et le plus \u00e9cologique.<\/strong><\/p>\n<h2><strong>HUILES DE CBD NATUREIGHT<\/strong><\/h2>\n<p>L&rsquo;huile de CBD Natureight est une <strong>huile bio et 100% vegan<\/strong>. Elle combine rem\u00e8des ancestraux et progr\u00e8s scientifiques pour vous aider \u00e0 <strong>retrouver l&rsquo;\u00e9quilibre interne, soulager les troubles plus aigus, afin d\u2019atteindre le bien-\u00eatre dans votre vie quotidienne.<\/strong><\/p>\n<p>L\u2019<a href=\"https:\/\/natureight.com\/fr\/categorie-produit\/huile-de-cbd\/\">huile de CBD<\/a> spectre complet est un compl\u00e9ment alimentaire \u00e0 base d&rsquo;extrait de chanvre complet (Cannabis Sativa L.) qui contient du <strong>CBD<\/strong> (cannabidiol) de mani\u00e8re naturelle. Le CBD est un cannabino\u00efde <strong>non psychoactif<\/strong>, c&rsquo;est-\u00e0-dire qu\u2019il \u00ab\u00a0ne fait pas planer\u201d.<\/p>\n<p>Nous proposons diverses concentrations de CBD pour <strong>r\u00e9pondre \u00e0 tous les besoins et donc maximiser les r\u00e9sultats<\/strong>.<\/p>\n<p>Le proc\u00e9d\u00e9 exclusif d\u2019extraction que nous utilisons et l\u2019exigence de travailler uniquement avec un extrait entier de la plante, conc\u00e8dent aux huiles Natureight la consid\u00e9ration de compl\u00e9ments alimentaires de haute qualit\u00e9.<\/p>\n<h2><strong>LA NATURE, NOTRE \u00c9QUILIBRE<\/strong><\/h2>\n<p>Notre chanvre provient de <strong>graines certifi\u00e9es par l&rsquo;Union Europ\u00e9enne<\/strong>. Il est cultiv\u00e9 sans pesticides, herbicides, hormones de croissance, engrais chimiques ou additifs d&rsquo;aucune sorte.<\/p>\n<p>L&rsquo;huile de CBD Spectre complet est soumise \u00e0 un contr\u00f4le strict \u00e0 chaque \u00e9tape, de la culture \u00e0 votre domicile, pour offrir une <strong>qualit\u00e9 et une s\u00e9curit\u00e9 maximales<\/strong>.<\/p>\n<p>Chez Natureight nous embrassons l\u2019\u00e9norme potentiel de la nature. Nous sommes convaincus de pouvoir aider la soci\u00e9t\u00e9 moderne \u00e0 jouir d\u2019une meilleure qualit\u00e9 de vie en atteignant l\u2019\u00e9quilibre entre les vertus de la phytoth\u00e9rapie traditionelle et l\u2019innovation technologique de pointe..<\/p>\n","protected":false},"excerpt":{"rendered":"<p class=\"ml\">10ML\/30ML<\/p>\n<p class=\"gris\">Huile de graine de chanvre,<br \/>\nExtrait de chanvre spectre complet<\/p>\n<p> <a href=\"https:\/\/natureight.com\/fr\/product\/huile-de-cbd-300mg-entourage\/\" class=\"read-more-blog\">Lire la suite<\/a><\/p>\n","protected":false},"featured_media":6384,"comment_status":"open","ping_status":"closed","template":"","meta":{"generate_page_header":""},"product_brand":[],"product_cat":[105,103],"product_tag":[],"class_list":{"0":"post-1500","1":"product","2":"type-product","3":"status-publish","4":"has-post-thumbnail","6":"product_cat-entourage-fr","7":"product_cat-huile-de-cbd","9":"first","10":"instock","11":"featured","12":"taxable","13":"shipping-taxable","14":"purchasable","15":"product-type-variable","16":"has-default-attributes"},"yoast_head":"<!-- This site is optimized with the Yoast SEO plugin v25.4 - https:\/\/yoast.com\/wordpress\/plugins\/seo\/ -->\n<title>HUILE DE CBD ENTOURAGE 3% : le CBD dans son int\u00e9gralit\u00e9<\/title>\n<meta name=\"description\" content=\"Huile CBD Entourage 3% de qualit\u00e9 bio et vegan. Huile CBD 3% Entourage contient les b\u00e9n\u00e9fices de l\u2019effet Entourage. Acheter huile de CBD spectre complet.\" \/>\n<meta name=\"robots\" content=\"index, follow, max-snippet:-1, max-image-preview:large, max-video-preview:-1\" \/>\n<link rel=\"canonical\" href=\"https:\/\/natureight.com\/fr\/product\/huile-de-cbd-300mg-entourage\/\" \/>\n<meta property=\"og:locale\" content=\"fr_FR\" \/>\n<meta property=\"og:type\" content=\"article\" \/>\n<meta property=\"og:title\" content=\"HUILE DE CBD ENTOURAGE 3% : le CBD dans son int\u00e9gralit\u00e9\" \/>\n<meta property=\"og:description\" content=\"Huile CBD Entourage 3% de qualit\u00e9 bio et vegan. Huile CBD 3% Entourage contient les b\u00e9n\u00e9fices de l\u2019effet Entourage. Acheter huile de CBD spectre complet.\" \/>\n<meta property=\"og:url\" content=\"https:\/\/natureight.com\/fr\/product\/huile-de-cbd-300mg-entourage\/\" \/>\n<meta property=\"og:site_name\" content=\"Natureight\" \/>\n<meta property=\"article:publisher\" content=\"https:\/\/www.facebook.com\/natureight\/\" \/>\n<meta property=\"article:modified_time\" content=\"2025-11-13T09:07:07+00:00\" \/>\n<meta property=\"og:image\" content=\"https:\/\/natureight.com\/wp-content\/uploads\/2019\/04\/entourage-3.jpg\" \/>\n\t<meta property=\"og:image:width\" content=\"1334\" \/>\n\t<meta property=\"og:image:height\" content=\"1080\" \/>\n\t<meta property=\"og:image:type\" content=\"image\/jpeg\" \/>\n<meta name=\"twitter:card\" content=\"summary_large_image\" \/>\n<meta name=\"twitter:site\" content=\"@natureight\" \/>\n<meta name=\"twitter:label1\" content=\"Dur\u00e9e de lecture estim\u00e9e\" \/>\n\t<meta name=\"twitter:data1\" content=\"2 minutes\" \/>\n<script type=\"application\/ld+json\" class=\"yoast-schema-graph\">{\"@context\":\"https:\/\/schema.org\",\"@graph\":[{\"@type\":\"WebPage\",\"@id\":\"https:\/\/natureight.com\/fr\/product\/huile-de-cbd-300mg-entourage\/\",\"url\":\"https:\/\/natureight.com\/fr\/product\/huile-de-cbd-300mg-entourage\/\",\"name\":\"HUILE DE CBD ENTOURAGE 3% : le CBD dans son int\u00e9gralit\u00e9\",\"isPartOf\":{\"@id\":\"https:\/\/natureight.com\/fr\/#website\"},\"primaryImageOfPage\":{\"@id\":\"https:\/\/natureight.com\/fr\/product\/huile-de-cbd-300mg-entourage\/#primaryimage\"},\"image\":{\"@id\":\"https:\/\/natureight.com\/fr\/product\/huile-de-cbd-300mg-entourage\/#primaryimage\"},\"thumbnailUrl\":\"https:\/\/natureight.com\/wp-content\/uploads\/2019\/04\/entourage-3.jpg\",\"datePublished\":\"2019-04-29T21:03:51+00:00\",\"dateModified\":\"2025-11-13T09:07:07+00:00\",\"description\":\"Huile CBD Entourage 3% de qualit\u00e9 bio et vegan. Huile CBD 3% Entourage contient les b\u00e9n\u00e9fices de l\u2019effet Entourage. Acheter huile de CBD spectre complet.\",\"breadcrumb\":{\"@id\":\"https:\/\/natureight.com\/fr\/product\/huile-de-cbd-300mg-entourage\/#breadcrumb\"},\"inLanguage\":\"fr-FR\",\"potentialAction\":[{\"@type\":\"ReadAction\",\"target\":[\"https:\/\/natureight.com\/fr\/product\/huile-de-cbd-300mg-entourage\/\"]}]},{\"@type\":\"ImageObject\",\"inLanguage\":\"fr-FR\",\"@id\":\"https:\/\/natureight.com\/fr\/product\/huile-de-cbd-300mg-entourage\/#primaryimage\",\"url\":\"https:\/\/natureight.com\/wp-content\/uploads\/2019\/04\/entourage-3.jpg\",\"contentUrl\":\"https:\/\/natureight.com\/wp-content\/uploads\/2019\/04\/entourage-3.jpg\",\"width\":1334,\"height\":1080,\"caption\":\"HUILE DE CBD ENTOURAGE 3%\"},{\"@type\":\"BreadcrumbList\",\"@id\":\"https:\/\/natureight.com\/fr\/product\/huile-de-cbd-300mg-entourage\/#breadcrumb\",\"itemListElement\":[{\"@type\":\"ListItem\",\"position\":1,\"name\":\"Inicio\",\"item\":\"https:\/\/natureight.com\/fr\/\"},{\"@type\":\"ListItem\",\"position\":2,\"name\":\"Tous les produits\",\"item\":\"https:\/\/natureight.com\/fr\/produits\/\"},{\"@type\":\"ListItem\",\"position\":3,\"name\":\"Huile de CBD ENTOURAGE 3%\"}]},{\"@type\":\"WebSite\",\"@id\":\"https:\/\/natureight.com\/fr\/#website\",\"url\":\"https:\/\/natureight.com\/fr\/\",\"name\":\"Natureight\",\"description\":\"Natureight ofrece una amplia gama de complementos alimenticios elaborados con CBD y extractos de plantas\",\"publisher\":{\"@id\":\"https:\/\/natureight.com\/fr\/#organization\"},\"potentialAction\":[{\"@type\":\"SearchAction\",\"target\":{\"@type\":\"EntryPoint\",\"urlTemplate\":\"https:\/\/natureight.com\/fr\/?s={search_term_string}\"},\"query-input\":{\"@type\":\"PropertyValueSpecification\",\"valueRequired\":true,\"valueName\":\"search_term_string\"}}],\"inLanguage\":\"fr-FR\"},{\"@type\":\"Organization\",\"@id\":\"https:\/\/natureight.com\/fr\/#organization\",\"name\":\"Natureight\",\"url\":\"https:\/\/natureight.com\/fr\/\",\"logo\":{\"@type\":\"ImageObject\",\"inLanguage\":\"fr-FR\",\"@id\":\"https:\/\/natureight.com\/fr\/#\/schema\/logo\/image\/\",\"url\":\"https:\/\/natureight.com\/wp-content\/uploads\/2023\/08\/logo-natureight-fin.png\",\"contentUrl\":\"https:\/\/natureight.com\/wp-content\/uploads\/2023\/08\/logo-natureight-fin.png\",\"width\":1060,\"height\":248,\"caption\":\"Natureight\"},\"image\":{\"@id\":\"https:\/\/natureight.com\/fr\/#\/schema\/logo\/image\/\"},\"sameAs\":[\"https:\/\/www.facebook.com\/natureight\/\",\"https:\/\/x.com\/natureight\",\"https:\/\/www.instagram.com\/natureight_en\/\",\"https:\/\/www.linkedin.com\/company\/27155561\/admin\/\",\"https:\/\/www.youtube.com\/channel\/UCBRRvf6PCPG1C1EqJb6lPkw\"]}]}<\/script>\n<!-- \/ Yoast SEO plugin. -->","yoast_head_json":{"title":"HUILE DE CBD ENTOURAGE 3% : le CBD dans son int\u00e9gralit\u00e9","description":"Huile CBD Entourage 3% de qualit\u00e9 bio et vegan. Huile CBD 3% Entourage contient les b\u00e9n\u00e9fices de l\u2019effet Entourage. Acheter huile de CBD spectre complet.","robots":{"index":"index","follow":"follow","max-snippet":"max-snippet:-1","max-image-preview":"max-image-preview:large","max-video-preview":"max-video-preview:-1"},"canonical":"https:\/\/natureight.com\/fr\/product\/huile-de-cbd-300mg-entourage\/","og_locale":"fr_FR","og_type":"article","og_title":"HUILE DE CBD ENTOURAGE 3% : le CBD dans son int\u00e9gralit\u00e9","og_description":"Huile CBD Entourage 3% de qualit\u00e9 bio et vegan. Huile CBD 3% Entourage contient les b\u00e9n\u00e9fices de l\u2019effet Entourage. Acheter huile de CBD spectre complet.","og_url":"https:\/\/natureight.com\/fr\/product\/huile-de-cbd-300mg-entourage\/","og_site_name":"Natureight","article_publisher":"https:\/\/www.facebook.com\/natureight\/","article_modified_time":"2025-11-13T09:07:07+00:00","og_image":[{"width":1334,"height":1080,"url":"https:\/\/natureight.com\/wp-content\/uploads\/2019\/04\/entourage-3.jpg","type":"image\/jpeg"}],"twitter_card":"summary_large_image","twitter_site":"@natureight","twitter_misc":{"Dur\u00e9e de lecture estim\u00e9e":"2 minutes"},"schema":{"@context":"https:\/\/schema.org","@graph":[{"@type":"WebPage","@id":"https:\/\/natureight.com\/fr\/product\/huile-de-cbd-300mg-entourage\/","url":"https:\/\/natureight.com\/fr\/product\/huile-de-cbd-300mg-entourage\/","name":"HUILE DE CBD ENTOURAGE 3% : le CBD dans son int\u00e9gralit\u00e9","isPartOf":{"@id":"https:\/\/natureight.com\/fr\/#website"},"primaryImageOfPage":{"@id":"https:\/\/natureight.com\/fr\/product\/huile-de-cbd-300mg-entourage\/#primaryimage"},"image":{"@id":"https:\/\/natureight.com\/fr\/product\/huile-de-cbd-300mg-entourage\/#primaryimage"},"thumbnailUrl":"https:\/\/natureight.com\/wp-content\/uploads\/2019\/04\/entourage-3.jpg","datePublished":"2019-04-29T21:03:51+00:00","dateModified":"2025-11-13T09:07:07+00:00","description":"Huile CBD Entourage 3% de qualit\u00e9 bio et vegan. Huile CBD 3% Entourage contient les b\u00e9n\u00e9fices de l\u2019effet Entourage. Acheter huile de CBD spectre complet.","breadcrumb":{"@id":"https:\/\/natureight.com\/fr\/product\/huile-de-cbd-300mg-entourage\/#breadcrumb"},"inLanguage":"fr-FR","potentialAction":[{"@type":"ReadAction","target":["https:\/\/natureight.com\/fr\/product\/huile-de-cbd-300mg-entourage\/"]}]},{"@type":"ImageObject","inLanguage":"fr-FR","@id":"https:\/\/natureight.com\/fr\/product\/huile-de-cbd-300mg-entourage\/#primaryimage","url":"https:\/\/natureight.com\/wp-content\/uploads\/2019\/04\/entourage-3.jpg","contentUrl":"https:\/\/natureight.com\/wp-content\/uploads\/2019\/04\/entourage-3.jpg","width":1334,"height":1080,"caption":"HUILE DE CBD ENTOURAGE 3%"},{"@type":"BreadcrumbList","@id":"https:\/\/natureight.com\/fr\/product\/huile-de-cbd-300mg-entourage\/#breadcrumb","itemListElement":[{"@type":"ListItem","position":1,"name":"Inicio","item":"https:\/\/natureight.com\/fr\/"},{"@type":"ListItem","position":2,"name":"Tous les produits","item":"https:\/\/natureight.com\/fr\/produits\/"},{"@type":"ListItem","position":3,"name":"Huile de CBD ENTOURAGE 3%"}]},{"@type":"WebSite","@id":"https:\/\/natureight.com\/fr\/#website","url":"https:\/\/natureight.com\/fr\/","name":"Natureight","description":"Natureight ofrece una amplia gama de complementos alimenticios elaborados con CBD y extractos de plantas","publisher":{"@id":"https:\/\/natureight.com\/fr\/#organization"},"potentialAction":[{"@type":"SearchAction","target":{"@type":"EntryPoint","urlTemplate":"https:\/\/natureight.com\/fr\/?s={search_term_string}"},"query-input":{"@type":"PropertyValueSpecification","valueRequired":true,"valueName":"search_term_string"}}],"inLanguage":"fr-FR"},{"@type":"Organization","@id":"https:\/\/natureight.com\/fr\/#organization","name":"Natureight","url":"https:\/\/natureight.com\/fr\/","logo":{"@type":"ImageObject","inLanguage":"fr-FR","@id":"https:\/\/natureight.com\/fr\/#\/schema\/logo\/image\/","url":"https:\/\/natureight.com\/wp-content\/uploads\/2023\/08\/logo-natureight-fin.png","contentUrl":"https:\/\/natureight.com\/wp-content\/uploads\/2023\/08\/logo-natureight-fin.png","width":1060,"height":248,"caption":"Natureight"},"image":{"@id":"https:\/\/natureight.com\/fr\/#\/schema\/logo\/image\/"},"sameAs":["https:\/\/www.facebook.com\/natureight\/","https:\/\/x.com\/natureight","https:\/\/www.instagram.com\/natureight_en\/","https:\/\/www.linkedin.com\/company\/27155561\/admin\/","https:\/\/www.youtube.com\/channel\/UCBRRvf6PCPG1C1EqJb6lPkw"]}]}},"jetpack_sharing_enabled":true,"publishpress_future_workflow_manual_trigger":{"enabledWorkflows":[]},"_links":{"self":[{"href":"https:\/\/natureight.com\/fr\/wp-json\/wp\/v2\/product\/1500","targetHints":{"allow":["GET"]}}],"collection":[{"href":"https:\/\/natureight.com\/fr\/wp-json\/wp\/v2\/product"}],"about":[{"href":"https:\/\/natureight.com\/fr\/wp-json\/wp\/v2\/types\/product"}],"replies":[{"embeddable":true,"href":"https:\/\/natureight.com\/fr\/wp-json\/wp\/v2\/comments?post=1500"}],"wp:featuredmedia":[{"embeddable":true,"href":"https:\/\/natureight.com\/fr\/wp-json\/wp\/v2\/media\/6384"}],"wp:attachment":[{"href":"https:\/\/natureight.com\/fr\/wp-json\/wp\/v2\/media?parent=1500"}],"wp:term":[{"taxonomy":"product_brand","embeddable":true,"href":"https:\/\/natureight.com\/fr\/wp-json\/wp\/v2\/product_brand?post=1500"},{"taxonomy":"product_cat","embeddable":true,"href":"https:\/\/natureight.com\/fr\/wp-json\/wp\/v2\/product_cat?post=1500"},{"taxonomy":"product_tag","embeddable":true,"href":"https:\/\/natureight.com\/fr\/wp-json\/wp\/v2\/product_tag?post=1500"}],"curies":[{"name":"wp","href":"https:\/\/api.w.org\/{rel}","templated":true}]}}