{"id":1484,"date":"2019-04-29T20:45:09","date_gmt":"2019-04-29T20:45:09","guid":{"rendered":"https:\/\/natureight.com\/?post_type=product&#038;p=1484"},"modified":"2026-04-15T23:16:59","modified_gmt":"2026-04-15T22:16:59","slug":"relax","status":"publish","type":"product","link":"https:\/\/natureight.com\/fr\/product\/relax\/","title":{"rendered":"Capsules de CBD RELAX"},"content":{"rendered":"<h2><strong>Le stress vous g\u00e2che la vie\u00a0?<\/strong><\/h2>\n<p>Notre organisme est soumis \u00e0 diff\u00e9rentes pressions, contraintes environnementales ou \u00e9motionnelles, et notre organisme r\u00e9agit de fa\u00e7on diff\u00e9rente selon les individus mais le r\u00e9sultant est identique, c\u2019est le d\u00e9clenchement du stress oxydatif entra\u00eenant des r\u00e9actions physiologiques (fatigue, irritabilit\u00e9, insomnie, baisse de la libido, douleurs musculaires\u2026).<\/p>\n<p>Nos compl\u00e9ments alimentaires Natureight Relax peuvent apporter une aide majeure dans votre quotidien de mani\u00e8re naturelle : les capsules de CBD Relax associent l&rsquo;action du Cannabidiol (CBD) \u00e0 celles des plantes les plus utilis\u00e9es par les diff\u00e9rentes civilisations pour retrouver bien-\u00eatre et relaxation.<\/p>\n<h2><strong>Composition Capsules de CBD RELAX:<\/strong><\/h2>\n<p><strong>Passiflore :<\/strong><\/p>\n<p>Contribue \u00e0 promouvoir un repos et un sommeil normal. Aide \u00e0 vous calmer apr\u00e8s un moment d\u2019excitation. Recommand\u00e9 aux personnes qui se sentent faibles et fatigu\u00e9es. Aide \u00e0 induire la relaxation.<\/p>\n<p><strong>Houblon\u00a0:<\/strong><\/p>\n<p>Anti-stress et calmante, cette plante est \u00e9galement recommand\u00e9e en cas de nervosit\u00e9, d\u2019irritabilit\u00e9 et de troubles du sommeil.<\/p>\n<p><strong>Lavande\u00a0:<\/strong><\/p>\n<p>Elle est utilis\u00e9e pour diminuer l\u2019irritabilit\u00e9 et les \u00e9tats de tension.<\/p>\n<p><strong>Extrait de Chanvre\u00a0:\u00a0<\/strong><\/p>\n<p>Tel qu\u2019\u00e9nonc\u00e9 par Izzo AA &amp; Coutts AA (2005), qui ont publi\u00e9\u00a0<a href=\"https:\/\/www.ncbi.nlm.nih.gov\/pmc\/articles\/PMC4604171\/\" target=\"_blank\" rel=\"noopener noreferrer\"><em>Cannabidiol as a potential treatment for anxiety disorders :<\/em><\/a><\/p>\n<p>\u00abLes preuves actuelles indiquent que le CBD a un potentiel consid\u00e9rable en tant que traitement pour des troubles multiples de l\u2019anxi\u00e9t\u00e9\u2026 \u00bb<\/p>\n<p>Les <a href=\"https:\/\/natureight.com\/fr\/categorie-produit\/capsules-cbd\/\">capsules de CBD<\/a> Relax sont totalement l\u00e9gales en France et bien s\u00fbr en Europe : elles ne contiennent pas de THC.<\/p>\n<p>Elles sont tr\u00e8s facilement transportables gr\u00e2ce \u00e0 leur boite herm\u00e9tique, qui vous permet de les emmener partout ou vous le d\u00e9sirez.<\/p>\n<p>Chaque capsule contient 10mg de CBD : vous pouvez en consommer de 1 \u00e0 3, chaque jour, pendant les repas, avec un verre d&rsquo;eau.<\/p>\n<p><em>Les compl\u00e9ments alimentaires ne peuvent pas se substituer \u00e0 une alimentation vari\u00e9e et \u00e9quilibr\u00e9e et \u00e0 un mode de vie sain. Ne pas d\u00e9passer la dose journali\u00e8re recommand\u00e9e. Maintenir hors de port\u00e9e des enfants. Consultez votre m\u00e9decin.<\/em><\/p>\n","protected":false},"excerpt":{"rendered":"<p><strong>30 capsules &#8211; 300 mg CBD<\/strong><\/p>\n<p>Passiflore, Houblon,<br \/>\nLavande,<br \/>\nExtrait de Chanvre <a href=\"https:\/\/natureight.com\/fr\/product\/relax\/\" class=\"read-more-blog\">Lire la suite<\/a><\/p>\n","protected":false},"featured_media":6534,"comment_status":"open","ping_status":"closed","template":"","meta":{"generate_page_header":""},"product_brand":[],"product_cat":[109],"product_tag":[],"class_list":{"0":"post-1484","1":"product","2":"type-product","3":"status-publish","4":"has-post-thumbnail","6":"product_cat-capsules-cbd","8":"first","9":"instock","10":"featured","11":"taxable","12":"shipping-taxable","13":"purchasable","14":"product-type-variable","15":"has-default-attributes"},"yoast_head":"<!-- This site is optimized with the Yoast SEO plugin v25.4 - https:\/\/yoast.com\/wordpress\/plugins\/seo\/ -->\n<title>Capsules de CBD RELAX : retrouver bien-\u00eatre et relaxation naturellement<\/title>\n<meta name=\"description\" content=\"Achetez ici les Capsules de CBD RELAX propos\u00e9es par Natureight : un concentr\u00e9 de plantes et de CBD pour vous relaxer et retrouver votre s\u00e9r\u00e9nit\u00e9\" \/>\n<meta name=\"robots\" content=\"index, follow, max-snippet:-1, max-image-preview:large, max-video-preview:-1\" \/>\n<link rel=\"canonical\" href=\"https:\/\/natureight.com\/fr\/product\/relax\/\" \/>\n<meta property=\"og:locale\" content=\"fr_FR\" \/>\n<meta property=\"og:type\" content=\"article\" \/>\n<meta property=\"og:title\" content=\"Capsules de CBD RELAX : retrouver bien-\u00eatre et relaxation naturellement\" \/>\n<meta property=\"og:description\" content=\"Achetez ici les Capsules de CBD RELAX propos\u00e9es par Natureight : un concentr\u00e9 de plantes et de CBD pour vous relaxer et retrouver votre s\u00e9r\u00e9nit\u00e9\" \/>\n<meta property=\"og:url\" content=\"https:\/\/natureight.com\/fr\/product\/relax\/\" \/>\n<meta property=\"og:site_name\" content=\"Natureight\" \/>\n<meta property=\"article:publisher\" content=\"https:\/\/www.facebook.com\/natureight\/\" \/>\n<meta property=\"article:modified_time\" content=\"2026-04-15T22:16:59+00:00\" \/>\n<meta property=\"og:image\" content=\"https:\/\/natureight.com\/wp-content\/uploads\/2019\/04\/relax-1.jpg\" \/>\n\t<meta property=\"og:image:width\" content=\"1080\" \/>\n\t<meta property=\"og:image:height\" content=\"1080\" \/>\n\t<meta property=\"og:image:type\" content=\"image\/jpeg\" \/>\n<meta name=\"twitter:card\" content=\"summary_large_image\" \/>\n<meta name=\"twitter:site\" content=\"@natureight\" \/>\n<meta name=\"twitter:label1\" content=\"Dur\u00e9e de lecture estim\u00e9e\" \/>\n\t<meta name=\"twitter:data1\" content=\"2 minutes\" \/>\n<script type=\"application\/ld+json\" class=\"yoast-schema-graph\">{\"@context\":\"https:\/\/schema.org\",\"@graph\":[{\"@type\":\"WebPage\",\"@id\":\"https:\/\/natureight.com\/fr\/product\/relax\/\",\"url\":\"https:\/\/natureight.com\/fr\/product\/relax\/\",\"name\":\"Capsules de CBD RELAX : retrouver bien-\u00eatre et relaxation naturellement\",\"isPartOf\":{\"@id\":\"https:\/\/natureight.com\/fr\/#website\"},\"primaryImageOfPage\":{\"@id\":\"https:\/\/natureight.com\/fr\/product\/relax\/#primaryimage\"},\"image\":{\"@id\":\"https:\/\/natureight.com\/fr\/product\/relax\/#primaryimage\"},\"thumbnailUrl\":\"https:\/\/natureight.com\/wp-content\/uploads\/2019\/04\/relax-1.jpg\",\"datePublished\":\"2019-04-29T20:45:09+00:00\",\"dateModified\":\"2026-04-15T22:16:59+00:00\",\"description\":\"Achetez ici les Capsules de CBD RELAX propos\u00e9es par Natureight : un concentr\u00e9 de plantes et de CBD pour vous relaxer et retrouver votre s\u00e9r\u00e9nit\u00e9\",\"breadcrumb\":{\"@id\":\"https:\/\/natureight.com\/fr\/product\/relax\/#breadcrumb\"},\"inLanguage\":\"fr-FR\",\"potentialAction\":[{\"@type\":\"ReadAction\",\"target\":[\"https:\/\/natureight.com\/fr\/product\/relax\/\"]}]},{\"@type\":\"ImageObject\",\"inLanguage\":\"fr-FR\",\"@id\":\"https:\/\/natureight.com\/fr\/product\/relax\/#primaryimage\",\"url\":\"https:\/\/natureight.com\/wp-content\/uploads\/2019\/04\/relax-1.jpg\",\"contentUrl\":\"https:\/\/natureight.com\/wp-content\/uploads\/2019\/04\/relax-1.jpg\",\"width\":1080,\"height\":1080,\"caption\":\"Capsules de CBD RELAX\"},{\"@type\":\"BreadcrumbList\",\"@id\":\"https:\/\/natureight.com\/fr\/product\/relax\/#breadcrumb\",\"itemListElement\":[{\"@type\":\"ListItem\",\"position\":1,\"name\":\"Inicio\",\"item\":\"https:\/\/natureight.com\/fr\/\"},{\"@type\":\"ListItem\",\"position\":2,\"name\":\"Tous les produits\",\"item\":\"https:\/\/natureight.com\/fr\/produits\/\"},{\"@type\":\"ListItem\",\"position\":3,\"name\":\"Capsules de CBD RELAX\"}]},{\"@type\":\"WebSite\",\"@id\":\"https:\/\/natureight.com\/fr\/#website\",\"url\":\"https:\/\/natureight.com\/fr\/\",\"name\":\"Natureight\",\"description\":\"Natureight ofrece una amplia gama de complementos alimenticios elaborados con CBD y extractos de plantas\",\"publisher\":{\"@id\":\"https:\/\/natureight.com\/fr\/#organization\"},\"potentialAction\":[{\"@type\":\"SearchAction\",\"target\":{\"@type\":\"EntryPoint\",\"urlTemplate\":\"https:\/\/natureight.com\/fr\/?s={search_term_string}\"},\"query-input\":{\"@type\":\"PropertyValueSpecification\",\"valueRequired\":true,\"valueName\":\"search_term_string\"}}],\"inLanguage\":\"fr-FR\"},{\"@type\":\"Organization\",\"@id\":\"https:\/\/natureight.com\/fr\/#organization\",\"name\":\"Natureight\",\"url\":\"https:\/\/natureight.com\/fr\/\",\"logo\":{\"@type\":\"ImageObject\",\"inLanguage\":\"fr-FR\",\"@id\":\"https:\/\/natureight.com\/fr\/#\/schema\/logo\/image\/\",\"url\":\"https:\/\/natureight.com\/wp-content\/uploads\/2023\/08\/logo-natureight-fin.png\",\"contentUrl\":\"https:\/\/natureight.com\/wp-content\/uploads\/2023\/08\/logo-natureight-fin.png\",\"width\":1060,\"height\":248,\"caption\":\"Natureight\"},\"image\":{\"@id\":\"https:\/\/natureight.com\/fr\/#\/schema\/logo\/image\/\"},\"sameAs\":[\"https:\/\/www.facebook.com\/natureight\/\",\"https:\/\/x.com\/natureight\",\"https:\/\/www.instagram.com\/natureight_en\/\",\"https:\/\/www.linkedin.com\/company\/27155561\/admin\/\",\"https:\/\/www.youtube.com\/channel\/UCBRRvf6PCPG1C1EqJb6lPkw\"]}]}<\/script>\n<!-- \/ Yoast SEO plugin. -->","yoast_head_json":{"title":"Capsules de CBD RELAX : retrouver bien-\u00eatre et relaxation naturellement","description":"Achetez ici les Capsules de CBD RELAX propos\u00e9es par Natureight : un concentr\u00e9 de plantes et de CBD pour vous relaxer et retrouver votre s\u00e9r\u00e9nit\u00e9","robots":{"index":"index","follow":"follow","max-snippet":"max-snippet:-1","max-image-preview":"max-image-preview:large","max-video-preview":"max-video-preview:-1"},"canonical":"https:\/\/natureight.com\/fr\/product\/relax\/","og_locale":"fr_FR","og_type":"article","og_title":"Capsules de CBD RELAX : retrouver bien-\u00eatre et relaxation naturellement","og_description":"Achetez ici les Capsules de CBD RELAX propos\u00e9es par Natureight : un concentr\u00e9 de plantes et de CBD pour vous relaxer et retrouver votre s\u00e9r\u00e9nit\u00e9","og_url":"https:\/\/natureight.com\/fr\/product\/relax\/","og_site_name":"Natureight","article_publisher":"https:\/\/www.facebook.com\/natureight\/","article_modified_time":"2026-04-15T22:16:59+00:00","og_image":[{"width":1080,"height":1080,"url":"https:\/\/natureight.com\/wp-content\/uploads\/2019\/04\/relax-1.jpg","type":"image\/jpeg"}],"twitter_card":"summary_large_image","twitter_site":"@natureight","twitter_misc":{"Dur\u00e9e de lecture estim\u00e9e":"2 minutes"},"schema":{"@context":"https:\/\/schema.org","@graph":[{"@type":"WebPage","@id":"https:\/\/natureight.com\/fr\/product\/relax\/","url":"https:\/\/natureight.com\/fr\/product\/relax\/","name":"Capsules de CBD RELAX : retrouver bien-\u00eatre et relaxation naturellement","isPartOf":{"@id":"https:\/\/natureight.com\/fr\/#website"},"primaryImageOfPage":{"@id":"https:\/\/natureight.com\/fr\/product\/relax\/#primaryimage"},"image":{"@id":"https:\/\/natureight.com\/fr\/product\/relax\/#primaryimage"},"thumbnailUrl":"https:\/\/natureight.com\/wp-content\/uploads\/2019\/04\/relax-1.jpg","datePublished":"2019-04-29T20:45:09+00:00","dateModified":"2026-04-15T22:16:59+00:00","description":"Achetez ici les Capsules de CBD RELAX propos\u00e9es par Natureight : un concentr\u00e9 de plantes et de CBD pour vous relaxer et retrouver votre s\u00e9r\u00e9nit\u00e9","breadcrumb":{"@id":"https:\/\/natureight.com\/fr\/product\/relax\/#breadcrumb"},"inLanguage":"fr-FR","potentialAction":[{"@type":"ReadAction","target":["https:\/\/natureight.com\/fr\/product\/relax\/"]}]},{"@type":"ImageObject","inLanguage":"fr-FR","@id":"https:\/\/natureight.com\/fr\/product\/relax\/#primaryimage","url":"https:\/\/natureight.com\/wp-content\/uploads\/2019\/04\/relax-1.jpg","contentUrl":"https:\/\/natureight.com\/wp-content\/uploads\/2019\/04\/relax-1.jpg","width":1080,"height":1080,"caption":"Capsules de CBD RELAX"},{"@type":"BreadcrumbList","@id":"https:\/\/natureight.com\/fr\/product\/relax\/#breadcrumb","itemListElement":[{"@type":"ListItem","position":1,"name":"Inicio","item":"https:\/\/natureight.com\/fr\/"},{"@type":"ListItem","position":2,"name":"Tous les produits","item":"https:\/\/natureight.com\/fr\/produits\/"},{"@type":"ListItem","position":3,"name":"Capsules de CBD RELAX"}]},{"@type":"WebSite","@id":"https:\/\/natureight.com\/fr\/#website","url":"https:\/\/natureight.com\/fr\/","name":"Natureight","description":"Natureight ofrece una amplia gama de complementos alimenticios elaborados con CBD y extractos de plantas","publisher":{"@id":"https:\/\/natureight.com\/fr\/#organization"},"potentialAction":[{"@type":"SearchAction","target":{"@type":"EntryPoint","urlTemplate":"https:\/\/natureight.com\/fr\/?s={search_term_string}"},"query-input":{"@type":"PropertyValueSpecification","valueRequired":true,"valueName":"search_term_string"}}],"inLanguage":"fr-FR"},{"@type":"Organization","@id":"https:\/\/natureight.com\/fr\/#organization","name":"Natureight","url":"https:\/\/natureight.com\/fr\/","logo":{"@type":"ImageObject","inLanguage":"fr-FR","@id":"https:\/\/natureight.com\/fr\/#\/schema\/logo\/image\/","url":"https:\/\/natureight.com\/wp-content\/uploads\/2023\/08\/logo-natureight-fin.png","contentUrl":"https:\/\/natureight.com\/wp-content\/uploads\/2023\/08\/logo-natureight-fin.png","width":1060,"height":248,"caption":"Natureight"},"image":{"@id":"https:\/\/natureight.com\/fr\/#\/schema\/logo\/image\/"},"sameAs":["https:\/\/www.facebook.com\/natureight\/","https:\/\/x.com\/natureight","https:\/\/www.instagram.com\/natureight_en\/","https:\/\/www.linkedin.com\/company\/27155561\/admin\/","https:\/\/www.youtube.com\/channel\/UCBRRvf6PCPG1C1EqJb6lPkw"]}]}},"jetpack_sharing_enabled":true,"publishpress_future_workflow_manual_trigger":{"enabledWorkflows":[]},"_links":{"self":[{"href":"https:\/\/natureight.com\/fr\/wp-json\/wp\/v2\/product\/1484","targetHints":{"allow":["GET"]}}],"collection":[{"href":"https:\/\/natureight.com\/fr\/wp-json\/wp\/v2\/product"}],"about":[{"href":"https:\/\/natureight.com\/fr\/wp-json\/wp\/v2\/types\/product"}],"replies":[{"embeddable":true,"href":"https:\/\/natureight.com\/fr\/wp-json\/wp\/v2\/comments?post=1484"}],"wp:featuredmedia":[{"embeddable":true,"href":"https:\/\/natureight.com\/fr\/wp-json\/wp\/v2\/media\/6534"}],"wp:attachment":[{"href":"https:\/\/natureight.com\/fr\/wp-json\/wp\/v2\/media?parent=1484"}],"wp:term":[{"taxonomy":"product_brand","embeddable":true,"href":"https:\/\/natureight.com\/fr\/wp-json\/wp\/v2\/product_brand?post=1484"},{"taxonomy":"product_cat","embeddable":true,"href":"https:\/\/natureight.com\/fr\/wp-json\/wp\/v2\/product_cat?post=1484"},{"taxonomy":"product_tag","embeddable":true,"href":"https:\/\/natureight.com\/fr\/wp-json\/wp\/v2\/product_tag?post=1484"}],"curies":[{"name":"wp","href":"https:\/\/api.w.org\/{rel}","templated":true}]}}