{"id":1459,"date":"2019-04-29T11:40:02","date_gmt":"2019-04-29T11:40:03","guid":{"rendered":"https:\/\/natureight.com\/?post_type=product&#038;p=1459"},"modified":"2025-07-25T08:48:21","modified_gmt":"2025-07-25T07:48:21","slug":"dreams","status":"publish","type":"product","link":"https:\/\/natureight.com\/fr\/product\/dreams\/","title":{"rendered":"Capsules de CBD DREAMS"},"content":{"rendered":"<h2><strong>Vous \u00eates fatigu\u00e9 d\u2019\u00eatre fatigu\u00e9\u00a0?<\/strong><\/h2>\n<p>La fonction premi\u00e8re du sommeil consiste \u00e0 r\u00e9cup\u00e9rer de la fatigue et \u00e0 aborder chaque journ\u00e9e en pleine possession de ses moyens, physiques et intellectuels. Le sommeil est aussi indispensable \u00e0 la m\u00e9moire et \u00e0 la maturation du syst\u00e8me nerveux.<\/p>\n<p>Les troubles du sommeil nous guettent tous : probl\u00e8mes d\u2019endormissement, r\u00e9veils nocturnes, insomnies, nuits trop courtes. Certains \u00e9l\u00e9ments ext\u00e9rieurs, comme le stress, le surmenage ou une mauvaise alimentation peuvent \u00eatre \u00e0 l\u2019origine de ces troubles du sommeil.<\/p>\n<p>Nos compl\u00e9ments alimentaires Natureight Dreams peuvent aider \u00e0 <strong>r\u00e9duire<\/strong> la fatigue et \u00e0 <strong>dormir<\/strong>. Ces <a href=\"https:\/\/natureight.com\/fr\/categorie-produit\/capsules-cbd\/\">capsules de CBD<\/a> sont \u00e9galement id\u00e9ales pour ceux qui ont des difficult\u00e9s \u00e0 s&rsquo;endormir, ou qui peuvent souffrir d&rsquo;insomnie. Gr\u00e2ce \u00e0 une association naturelle de plusieurs principes actifs propos\u00e9s par la nature, et renforc\u00e9 par l&rsquo;action du CBD, retrouvez des nuits douces et agr\u00e9ables.<\/p>\n<h2><strong>Composition Capsules de CBD DREAMS:<\/strong><\/h2>\n<p><strong>Houblon et Val\u00e9riane<\/strong><\/p>\n<p>La combinaison du Houblon et de la val\u00e9riane affecte les r\u00e9cepteurs du cerveau qui sont responsables du sommeil et calme l\u2019activit\u00e9 nerveuse de mani\u00e8re naturelle. Cela contribue \u00e0 un sommeil sain et aide \u00e0 l\u2019endormissement.<\/p>\n<p><strong>Fleur de la passion<\/strong><\/p>\n<p>Contribue \u00e0 promouvoir un repos et un sommeil normal. Aide \u00e0 vous calmer apr\u00e8s un moment d\u2019excitation. Recommand\u00e9 aux personnes qui se sentent faibles et fatigu\u00e9es. Aide \u00e0 induire la relaxation.<\/p>\n<p><strong>Extrait purifi\u00e9 de chanvre<\/strong><\/p>\n<p>Selon Babson, Sottile &amp; Morabito (2017), qui ont publi\u00e9 \u00a0<em><a href=\"https:\/\/www.ncbi.nlm.nih.gov\/pubmed\/28349316\" target=\"_blank\" rel=\"noopener noreferrer\">Cannabis, Cannabinoids and Sleep<\/a>:<\/em><\/p>\n<p>\u00ab\u00a0Des recherches pr\u00e9liminaires sur le cannabis et l\u2019insomnie sugg\u00e8rent que le Cannabidiol (CBD) peut avoir un potentiel th\u00e9rapeutique pour le traitement de l\u2019insomnie\u00a0\u00bb.<\/p>\n<p>Ces capsules de CBD DREAMS sont parfaitement <strong>l\u00e9gales<\/strong> en France et en Europe : elles ne contiennent pas de THC. Elles sont \u00e9galement tr\u00e8s pratiques \u00e0 transporter gr\u00e2ce \u00e0 leur boite herm\u00e9tique.<\/p>\n<p>Chaque capsule contient 10mg de CBD de haute qualit\u00e9.<\/p>\n<p><em>Les compl\u00e9ments alimentaires ne peuvent pas se substituer \u00e0 une alimentation vari\u00e9e et \u00e9quilibr\u00e9e et \u00e0 un mode de vie sain. Ne pas d\u00e9passer la dose journali\u00e8re recommand\u00e9e. Maintenir hors de port\u00e9e des enfants.\u00a0<\/em><em>Consultez votre m\u00e9decin.<\/em><\/p>\n","protected":false},"excerpt":{"rendered":"<p><strong>30 capsules &#8211; 300 mg CBD<\/strong><\/p>\n<p>Houblon et Val\u00e9riane,<br \/>\nFleur de la passion, Extrait de chanvre <a href=\"https:\/\/natureight.com\/fr\/product\/dreams\/\" class=\"read-more-blog\">Lire la suite<\/a><\/p>\n","protected":false},"featured_media":6525,"comment_status":"open","ping_status":"closed","template":"","meta":{"generate_page_header":""},"product_brand":[],"product_cat":[109],"product_tag":[],"class_list":{"0":"post-1459","1":"product","2":"type-product","3":"status-publish","4":"has-post-thumbnail","6":"product_cat-capsules-cbd","8":"first","9":"outofstock","10":"featured","11":"taxable","12":"shipping-taxable","13":"purchasable","14":"product-type-variable"},"yoast_head":"<!-- This site is optimized with the Yoast SEO plugin v25.4 - https:\/\/yoast.com\/wordpress\/plugins\/seo\/ -->\n<title>Capsules de CBD DREAMS : retrouvez le sommeil naturellement<\/title>\n<meta name=\"description\" content=\"Retrouvez ici les capsules de CBD DREAMS : une association naturelle de plusieurs principes actifs issus des plantes, renforc\u00e9 par le CBD\" \/>\n<meta name=\"robots\" content=\"index, follow, max-snippet:-1, max-image-preview:large, max-video-preview:-1\" \/>\n<link rel=\"canonical\" href=\"https:\/\/natureight.com\/fr\/product\/dreams\/\" \/>\n<meta property=\"og:locale\" content=\"fr_FR\" \/>\n<meta property=\"og:type\" content=\"article\" \/>\n<meta property=\"og:title\" content=\"Capsules de CBD DREAMS : retrouvez le sommeil naturellement\" \/>\n<meta property=\"og:description\" content=\"Retrouvez ici les capsules de CBD DREAMS : une association naturelle de plusieurs principes actifs issus des plantes, renforc\u00e9 par le CBD\" \/>\n<meta property=\"og:url\" content=\"https:\/\/natureight.com\/fr\/product\/dreams\/\" \/>\n<meta property=\"og:site_name\" content=\"Natureight\" \/>\n<meta property=\"article:publisher\" content=\"https:\/\/www.facebook.com\/natureight\/\" \/>\n<meta property=\"article:modified_time\" content=\"2025-07-25T07:48:21+00:00\" \/>\n<meta property=\"og:image\" content=\"https:\/\/natureight.com\/wp-content\/uploads\/2019\/04\/dreams-1.jpg\" \/>\n\t<meta property=\"og:image:width\" content=\"1080\" \/>\n\t<meta property=\"og:image:height\" content=\"1080\" \/>\n\t<meta property=\"og:image:type\" content=\"image\/jpeg\" \/>\n<meta name=\"twitter:card\" content=\"summary_large_image\" \/>\n<meta name=\"twitter:site\" content=\"@natureight\" \/>\n<meta name=\"twitter:label1\" content=\"Dur\u00e9e de lecture estim\u00e9e\" \/>\n\t<meta name=\"twitter:data1\" content=\"2 minutes\" \/>\n<script type=\"application\/ld+json\" class=\"yoast-schema-graph\">{\"@context\":\"https:\/\/schema.org\",\"@graph\":[{\"@type\":\"WebPage\",\"@id\":\"https:\/\/natureight.com\/fr\/product\/dreams\/\",\"url\":\"https:\/\/natureight.com\/fr\/product\/dreams\/\",\"name\":\"Capsules de CBD DREAMS : retrouvez le sommeil naturellement\",\"isPartOf\":{\"@id\":\"https:\/\/natureight.com\/fr\/#website\"},\"primaryImageOfPage\":{\"@id\":\"https:\/\/natureight.com\/fr\/product\/dreams\/#primaryimage\"},\"image\":{\"@id\":\"https:\/\/natureight.com\/fr\/product\/dreams\/#primaryimage\"},\"thumbnailUrl\":\"https:\/\/natureight.com\/wp-content\/uploads\/2019\/04\/dreams-1.jpg\",\"datePublished\":\"2019-04-29T11:40:03+00:00\",\"dateModified\":\"2025-07-25T07:48:21+00:00\",\"description\":\"Retrouvez ici les capsules de CBD DREAMS : une association naturelle de plusieurs principes actifs issus des plantes, renforc\u00e9 par le CBD\",\"breadcrumb\":{\"@id\":\"https:\/\/natureight.com\/fr\/product\/dreams\/#breadcrumb\"},\"inLanguage\":\"fr-FR\",\"potentialAction\":[{\"@type\":\"ReadAction\",\"target\":[\"https:\/\/natureight.com\/fr\/product\/dreams\/\"]}]},{\"@type\":\"ImageObject\",\"inLanguage\":\"fr-FR\",\"@id\":\"https:\/\/natureight.com\/fr\/product\/dreams\/#primaryimage\",\"url\":\"https:\/\/natureight.com\/wp-content\/uploads\/2019\/04\/dreams-1.jpg\",\"contentUrl\":\"https:\/\/natureight.com\/wp-content\/uploads\/2019\/04\/dreams-1.jpg\",\"width\":1080,\"height\":1080,\"caption\":\"Capsules de CBD DREAMS\"},{\"@type\":\"BreadcrumbList\",\"@id\":\"https:\/\/natureight.com\/fr\/product\/dreams\/#breadcrumb\",\"itemListElement\":[{\"@type\":\"ListItem\",\"position\":1,\"name\":\"Inicio\",\"item\":\"https:\/\/natureight.com\/fr\/\"},{\"@type\":\"ListItem\",\"position\":2,\"name\":\"Tous les produits\",\"item\":\"https:\/\/natureight.com\/fr\/produits\/\"},{\"@type\":\"ListItem\",\"position\":3,\"name\":\"Capsules de CBD DREAMS\"}]},{\"@type\":\"WebSite\",\"@id\":\"https:\/\/natureight.com\/fr\/#website\",\"url\":\"https:\/\/natureight.com\/fr\/\",\"name\":\"Natureight\",\"description\":\"Natureight ofrece una amplia gama de complementos alimenticios elaborados con CBD y extractos de plantas\",\"publisher\":{\"@id\":\"https:\/\/natureight.com\/fr\/#organization\"},\"potentialAction\":[{\"@type\":\"SearchAction\",\"target\":{\"@type\":\"EntryPoint\",\"urlTemplate\":\"https:\/\/natureight.com\/fr\/?s={search_term_string}\"},\"query-input\":{\"@type\":\"PropertyValueSpecification\",\"valueRequired\":true,\"valueName\":\"search_term_string\"}}],\"inLanguage\":\"fr-FR\"},{\"@type\":\"Organization\",\"@id\":\"https:\/\/natureight.com\/fr\/#organization\",\"name\":\"Natureight\",\"url\":\"https:\/\/natureight.com\/fr\/\",\"logo\":{\"@type\":\"ImageObject\",\"inLanguage\":\"fr-FR\",\"@id\":\"https:\/\/natureight.com\/fr\/#\/schema\/logo\/image\/\",\"url\":\"https:\/\/natureight.com\/wp-content\/uploads\/2023\/08\/logo-natureight-fin.png\",\"contentUrl\":\"https:\/\/natureight.com\/wp-content\/uploads\/2023\/08\/logo-natureight-fin.png\",\"width\":1060,\"height\":248,\"caption\":\"Natureight\"},\"image\":{\"@id\":\"https:\/\/natureight.com\/fr\/#\/schema\/logo\/image\/\"},\"sameAs\":[\"https:\/\/www.facebook.com\/natureight\/\",\"https:\/\/x.com\/natureight\",\"https:\/\/www.instagram.com\/natureight_en\/\",\"https:\/\/www.linkedin.com\/company\/27155561\/admin\/\",\"https:\/\/www.youtube.com\/channel\/UCBRRvf6PCPG1C1EqJb6lPkw\"]}]}<\/script>\n<!-- \/ Yoast SEO plugin. -->","yoast_head_json":{"title":"Capsules de CBD DREAMS : retrouvez le sommeil naturellement","description":"Retrouvez ici les capsules de CBD DREAMS : une association naturelle de plusieurs principes actifs issus des plantes, renforc\u00e9 par le CBD","robots":{"index":"index","follow":"follow","max-snippet":"max-snippet:-1","max-image-preview":"max-image-preview:large","max-video-preview":"max-video-preview:-1"},"canonical":"https:\/\/natureight.com\/fr\/product\/dreams\/","og_locale":"fr_FR","og_type":"article","og_title":"Capsules de CBD DREAMS : retrouvez le sommeil naturellement","og_description":"Retrouvez ici les capsules de CBD DREAMS : une association naturelle de plusieurs principes actifs issus des plantes, renforc\u00e9 par le CBD","og_url":"https:\/\/natureight.com\/fr\/product\/dreams\/","og_site_name":"Natureight","article_publisher":"https:\/\/www.facebook.com\/natureight\/","article_modified_time":"2025-07-25T07:48:21+00:00","og_image":[{"width":1080,"height":1080,"url":"https:\/\/natureight.com\/wp-content\/uploads\/2019\/04\/dreams-1.jpg","type":"image\/jpeg"}],"twitter_card":"summary_large_image","twitter_site":"@natureight","twitter_misc":{"Dur\u00e9e de lecture estim\u00e9e":"2 minutes"},"schema":{"@context":"https:\/\/schema.org","@graph":[{"@type":"WebPage","@id":"https:\/\/natureight.com\/fr\/product\/dreams\/","url":"https:\/\/natureight.com\/fr\/product\/dreams\/","name":"Capsules de CBD DREAMS : retrouvez le sommeil naturellement","isPartOf":{"@id":"https:\/\/natureight.com\/fr\/#website"},"primaryImageOfPage":{"@id":"https:\/\/natureight.com\/fr\/product\/dreams\/#primaryimage"},"image":{"@id":"https:\/\/natureight.com\/fr\/product\/dreams\/#primaryimage"},"thumbnailUrl":"https:\/\/natureight.com\/wp-content\/uploads\/2019\/04\/dreams-1.jpg","datePublished":"2019-04-29T11:40:03+00:00","dateModified":"2025-07-25T07:48:21+00:00","description":"Retrouvez ici les capsules de CBD DREAMS : une association naturelle de plusieurs principes actifs issus des plantes, renforc\u00e9 par le CBD","breadcrumb":{"@id":"https:\/\/natureight.com\/fr\/product\/dreams\/#breadcrumb"},"inLanguage":"fr-FR","potentialAction":[{"@type":"ReadAction","target":["https:\/\/natureight.com\/fr\/product\/dreams\/"]}]},{"@type":"ImageObject","inLanguage":"fr-FR","@id":"https:\/\/natureight.com\/fr\/product\/dreams\/#primaryimage","url":"https:\/\/natureight.com\/wp-content\/uploads\/2019\/04\/dreams-1.jpg","contentUrl":"https:\/\/natureight.com\/wp-content\/uploads\/2019\/04\/dreams-1.jpg","width":1080,"height":1080,"caption":"Capsules de CBD DREAMS"},{"@type":"BreadcrumbList","@id":"https:\/\/natureight.com\/fr\/product\/dreams\/#breadcrumb","itemListElement":[{"@type":"ListItem","position":1,"name":"Inicio","item":"https:\/\/natureight.com\/fr\/"},{"@type":"ListItem","position":2,"name":"Tous les produits","item":"https:\/\/natureight.com\/fr\/produits\/"},{"@type":"ListItem","position":3,"name":"Capsules de CBD DREAMS"}]},{"@type":"WebSite","@id":"https:\/\/natureight.com\/fr\/#website","url":"https:\/\/natureight.com\/fr\/","name":"Natureight","description":"Natureight ofrece una amplia gama de complementos alimenticios elaborados con CBD y extractos de plantas","publisher":{"@id":"https:\/\/natureight.com\/fr\/#organization"},"potentialAction":[{"@type":"SearchAction","target":{"@type":"EntryPoint","urlTemplate":"https:\/\/natureight.com\/fr\/?s={search_term_string}"},"query-input":{"@type":"PropertyValueSpecification","valueRequired":true,"valueName":"search_term_string"}}],"inLanguage":"fr-FR"},{"@type":"Organization","@id":"https:\/\/natureight.com\/fr\/#organization","name":"Natureight","url":"https:\/\/natureight.com\/fr\/","logo":{"@type":"ImageObject","inLanguage":"fr-FR","@id":"https:\/\/natureight.com\/fr\/#\/schema\/logo\/image\/","url":"https:\/\/natureight.com\/wp-content\/uploads\/2023\/08\/logo-natureight-fin.png","contentUrl":"https:\/\/natureight.com\/wp-content\/uploads\/2023\/08\/logo-natureight-fin.png","width":1060,"height":248,"caption":"Natureight"},"image":{"@id":"https:\/\/natureight.com\/fr\/#\/schema\/logo\/image\/"},"sameAs":["https:\/\/www.facebook.com\/natureight\/","https:\/\/x.com\/natureight","https:\/\/www.instagram.com\/natureight_en\/","https:\/\/www.linkedin.com\/company\/27155561\/admin\/","https:\/\/www.youtube.com\/channel\/UCBRRvf6PCPG1C1EqJb6lPkw"]}]}},"jetpack_sharing_enabled":true,"publishpress_future_workflow_manual_trigger":{"enabledWorkflows":[]},"_links":{"self":[{"href":"https:\/\/natureight.com\/fr\/wp-json\/wp\/v2\/product\/1459","targetHints":{"allow":["GET"]}}],"collection":[{"href":"https:\/\/natureight.com\/fr\/wp-json\/wp\/v2\/product"}],"about":[{"href":"https:\/\/natureight.com\/fr\/wp-json\/wp\/v2\/types\/product"}],"replies":[{"embeddable":true,"href":"https:\/\/natureight.com\/fr\/wp-json\/wp\/v2\/comments?post=1459"}],"wp:featuredmedia":[{"embeddable":true,"href":"https:\/\/natureight.com\/fr\/wp-json\/wp\/v2\/media\/6525"}],"wp:attachment":[{"href":"https:\/\/natureight.com\/fr\/wp-json\/wp\/v2\/media?parent=1459"}],"wp:term":[{"taxonomy":"product_brand","embeddable":true,"href":"https:\/\/natureight.com\/fr\/wp-json\/wp\/v2\/product_brand?post=1459"},{"taxonomy":"product_cat","embeddable":true,"href":"https:\/\/natureight.com\/fr\/wp-json\/wp\/v2\/product_cat?post=1459"},{"taxonomy":"product_tag","embeddable":true,"href":"https:\/\/natureight.com\/fr\/wp-json\/wp\/v2\/product_tag?post=1459"}],"curies":[{"name":"wp","href":"https:\/\/api.w.org\/{rel}","templated":true}]}}