{"id":1455,"date":"2019-04-29T11:24:24","date_gmt":"2019-04-29T11:24:24","guid":{"rendered":"https:\/\/natureight.com\/producto\/flex\/"},"modified":"2026-04-06T10:09:28","modified_gmt":"2026-04-06T09:09:28","slug":"flex","status":"publish","type":"product","link":"https:\/\/natureight.com\/fr\/product\/flex\/","title":{"rendered":"Capsules de CBD FLEX"},"content":{"rendered":"<h2><strong>Les douleurs articulaires vous g\u00e2chent la vie\u00a0?<\/strong><\/h2>\n<p>L\u2019inflammation peut se produire suite \u00e0 un traumatisme, \u00e0 une maladie ou \u00e0 cause du stress. Toutefois, elle peut aussi \u00eatre caus\u00e9e par une alimentation malsaine et une mauvaise hygi\u00e8ne de vie. Certaines substances naturelles peuvent aider \u00e0 combattre l\u2019inflammation, d\u2019une mani\u00e8re semblable \u00e0 celle des m\u00e9dicaments anti-inflammatoires, les effets ind\u00e9sirables en moins.<\/p>\n<p>Nos compl\u00e9ments alimentaires Natureight Flex peuvent aider \u00e0 retrouver votre agilit\u00e9 d\u2019antan : les capsules de CBD Flex permettent de <strong>soulager<\/strong> votre inflammation gr\u00e2ce \u00e0 l&rsquo;action du <strong>CBD<\/strong> mais \u00e9galement d&rsquo;autres <strong>plantes<\/strong> reconnues pour leurs effets depuis des milliers d&rsquo;ann\u00e9es.<\/p>\n<h2><strong>Composition Capsules de CBD Flex :<\/strong><\/h2>\n<p><strong>Saule Blanc\u00a0<\/strong><\/p>\n<p>Le saule blanc est utilis\u00e9 en phytoth\u00e9rapie pour lutter contre les douleurs inflammatoires et les rhumatismes.<\/p>\n<p><strong>Griffe de Chat\u00a0<\/strong><\/p>\n<p>La griffe de chat est une herbe issue de la for\u00eat tropicale qui est r\u00e9put\u00e9e pour soigner l\u2019inflammation, renforcer le syst\u00e8me immunitaire. Son utilisation remonte \u00e0 la civilisation Inca.<\/p>\n<p><strong>Pr\u00eale\u00a0des Champs\u00a0<\/strong><\/p>\n<p>Pr\u00e9sente sur terre depuis la nuit des temps, l\u2019utilisation en m\u00e9decine de la pr\u00eale a \u00e9t\u00e9 tr\u00e8s t\u00f4t observ\u00e9e un peu partout dans le monde, en raison de ses vertus curatives nombreuses, notamment pour les douleurs articulaires.<\/p>\n<p><strong>Ac\u00e9rola\u00a0<\/strong><\/p>\n<p>L\u2019Ac\u00e9rola est un super fruit dot\u00e9 de multiples vertus, dues \u00e0 ses nombreux constituants, dont le principal \u00e9tant la vitamine C. On attribue \u00e0 ce fruit des propri\u00e9t\u00e9s tonifiantes, stimulantes, anti-infectieuses.<\/p>\n<p><strong>Extrait de Chanvre\u00a0<\/strong><\/p>\n<p>Selon Nagarkatti P, Pandey R, Rieder SA, Hedge VL &amp; Nagarkatti M (2010), qui publi\u00e8rent\u00a0\u00a0<a href=\"https:\/\/www.ncbi.nlm.nih.gov\/pmc\/articles\/PMC2828614\/\" target=\"_blank\" rel=\"noopener noreferrer\"><em>Cannabinoids as\u00a0<u>novel<\/u>\u00a0anti-inflammatory drugs<\/em><\/a>\u00a0:\u00a0<em>\u00a0<\/em><\/p>\n<p>\u00abLes cannabino\u00efdes suppriment la r\u00e9ponse inflammatoire et att\u00e9nuent ensuite les sympt\u00f4mes \u00bb.<\/p>\n<p>Ces <a href=\"https:\/\/natureight.com\/fr\/categorie-produit\/capsules-cbd\/\">capsules de CBD<\/a> Flex sont enti\u00e8rement <strong>l\u00e9gales<\/strong> en France et en Europe : elles ne contiennent pas de THC.<\/p>\n<p><em>Les compl\u00e9ments alimentaires ne peuvent pas se substituer \u00e0 une alimentation vari\u00e9e et \u00e9quilibr\u00e9e et \u00e0 un mode de vie sain. Ne pas d\u00e9passer la dose journali\u00e8re recommand\u00e9e. Maintenir hors de port\u00e9e des enfants. Consultez votre m\u00e9decin.<\/em><\/p>\n","protected":false},"excerpt":{"rendered":"<p><strong>30 capsules &#8211; 300 mg CBD<\/strong><\/p>\n<p>Saule Blanc, Griffe de Chat,<br \/>\nPr\u00eale des Champs, Ac\u00e9rola,\u00a0Extrait de Chanvre <a href=\"https:\/\/natureight.com\/fr\/product\/flex\/\" class=\"read-more-blog\">Lire la suite<\/a><\/p>\n","protected":false},"featured_media":6531,"comment_status":"open","ping_status":"closed","template":"","meta":{"generate_page_header":""},"product_brand":[],"product_cat":[109],"product_tag":[],"class_list":{"0":"post-1455","1":"product","2":"type-product","3":"status-publish","4":"has-post-thumbnail","6":"product_cat-capsules-cbd","8":"first","9":"outofstock","10":"featured","11":"taxable","12":"shipping-taxable","13":"purchasable","14":"product-type-variable"},"yoast_head":"<!-- This site is optimized with the Yoast SEO plugin v25.4 - https:\/\/yoast.com\/wordpress\/plugins\/seo\/ -->\n<title>Capsules de CBD Flex : diminuez naturellement l&#039;inflammation<\/title>\n<meta name=\"description\" content=\"Achetez ici les Capsules de CBD Flex propos\u00e9es par Natureight : en renforcant l&#039;action du CBD par l&#039;action reconnue des plantes, diminuez votre inflammation\" \/>\n<meta name=\"robots\" content=\"index, follow, max-snippet:-1, max-image-preview:large, max-video-preview:-1\" \/>\n<link rel=\"canonical\" href=\"https:\/\/natureight.com\/fr\/product\/flex\/\" \/>\n<meta property=\"og:locale\" content=\"fr_FR\" \/>\n<meta property=\"og:type\" content=\"article\" \/>\n<meta property=\"og:title\" content=\"Capsules de CBD Flex : diminuez naturellement l&#039;inflammation\" \/>\n<meta property=\"og:description\" content=\"Achetez ici les Capsules de CBD Flex propos\u00e9es par Natureight : en renforcant l&#039;action du CBD par l&#039;action reconnue des plantes, diminuez votre inflammation\" \/>\n<meta property=\"og:url\" content=\"https:\/\/natureight.com\/fr\/product\/flex\/\" \/>\n<meta property=\"og:site_name\" content=\"Natureight\" \/>\n<meta property=\"article:publisher\" content=\"https:\/\/www.facebook.com\/natureight\/\" \/>\n<meta property=\"article:modified_time\" content=\"2026-04-06T09:09:28+00:00\" \/>\n<meta property=\"og:image\" content=\"https:\/\/natureight.com\/wp-content\/uploads\/2019\/04\/flex-1.jpg\" \/>\n\t<meta property=\"og:image:width\" content=\"1080\" \/>\n\t<meta property=\"og:image:height\" content=\"1080\" \/>\n\t<meta property=\"og:image:type\" content=\"image\/jpeg\" \/>\n<meta name=\"twitter:card\" content=\"summary_large_image\" \/>\n<meta name=\"twitter:site\" content=\"@natureight\" \/>\n<meta name=\"twitter:label1\" content=\"Dur\u00e9e de lecture estim\u00e9e\" \/>\n\t<meta name=\"twitter:data1\" content=\"2 minutes\" \/>\n<script type=\"application\/ld+json\" class=\"yoast-schema-graph\">{\"@context\":\"https:\/\/schema.org\",\"@graph\":[{\"@type\":\"WebPage\",\"@id\":\"https:\/\/natureight.com\/fr\/product\/flex\/\",\"url\":\"https:\/\/natureight.com\/fr\/product\/flex\/\",\"name\":\"Capsules de CBD Flex : diminuez naturellement l'inflammation\",\"isPartOf\":{\"@id\":\"https:\/\/natureight.com\/fr\/#website\"},\"primaryImageOfPage\":{\"@id\":\"https:\/\/natureight.com\/fr\/product\/flex\/#primaryimage\"},\"image\":{\"@id\":\"https:\/\/natureight.com\/fr\/product\/flex\/#primaryimage\"},\"thumbnailUrl\":\"https:\/\/natureight.com\/wp-content\/uploads\/2019\/04\/flex-1.jpg\",\"datePublished\":\"2019-04-29T11:24:24+00:00\",\"dateModified\":\"2026-04-06T09:09:28+00:00\",\"description\":\"Achetez ici les Capsules de CBD Flex propos\u00e9es par Natureight : en renforcant l'action du CBD par l'action reconnue des plantes, diminuez votre inflammation\",\"breadcrumb\":{\"@id\":\"https:\/\/natureight.com\/fr\/product\/flex\/#breadcrumb\"},\"inLanguage\":\"fr-FR\",\"potentialAction\":[{\"@type\":\"ReadAction\",\"target\":[\"https:\/\/natureight.com\/fr\/product\/flex\/\"]}]},{\"@type\":\"ImageObject\",\"inLanguage\":\"fr-FR\",\"@id\":\"https:\/\/natureight.com\/fr\/product\/flex\/#primaryimage\",\"url\":\"https:\/\/natureight.com\/wp-content\/uploads\/2019\/04\/flex-1.jpg\",\"contentUrl\":\"https:\/\/natureight.com\/wp-content\/uploads\/2019\/04\/flex-1.jpg\",\"width\":1080,\"height\":1080,\"caption\":\"Capsules de CBD Flex\"},{\"@type\":\"BreadcrumbList\",\"@id\":\"https:\/\/natureight.com\/fr\/product\/flex\/#breadcrumb\",\"itemListElement\":[{\"@type\":\"ListItem\",\"position\":1,\"name\":\"Inicio\",\"item\":\"https:\/\/natureight.com\/fr\/\"},{\"@type\":\"ListItem\",\"position\":2,\"name\":\"Tous les produits\",\"item\":\"https:\/\/natureight.com\/fr\/produits\/\"},{\"@type\":\"ListItem\",\"position\":3,\"name\":\"Capsules de CBD FLEX\"}]},{\"@type\":\"WebSite\",\"@id\":\"https:\/\/natureight.com\/fr\/#website\",\"url\":\"https:\/\/natureight.com\/fr\/\",\"name\":\"Natureight\",\"description\":\"Natureight ofrece una amplia gama de complementos alimenticios elaborados con CBD y extractos de plantas\",\"publisher\":{\"@id\":\"https:\/\/natureight.com\/fr\/#organization\"},\"potentialAction\":[{\"@type\":\"SearchAction\",\"target\":{\"@type\":\"EntryPoint\",\"urlTemplate\":\"https:\/\/natureight.com\/fr\/?s={search_term_string}\"},\"query-input\":{\"@type\":\"PropertyValueSpecification\",\"valueRequired\":true,\"valueName\":\"search_term_string\"}}],\"inLanguage\":\"fr-FR\"},{\"@type\":\"Organization\",\"@id\":\"https:\/\/natureight.com\/fr\/#organization\",\"name\":\"Natureight\",\"url\":\"https:\/\/natureight.com\/fr\/\",\"logo\":{\"@type\":\"ImageObject\",\"inLanguage\":\"fr-FR\",\"@id\":\"https:\/\/natureight.com\/fr\/#\/schema\/logo\/image\/\",\"url\":\"https:\/\/natureight.com\/wp-content\/uploads\/2023\/08\/logo-natureight-fin.png\",\"contentUrl\":\"https:\/\/natureight.com\/wp-content\/uploads\/2023\/08\/logo-natureight-fin.png\",\"width\":1060,\"height\":248,\"caption\":\"Natureight\"},\"image\":{\"@id\":\"https:\/\/natureight.com\/fr\/#\/schema\/logo\/image\/\"},\"sameAs\":[\"https:\/\/www.facebook.com\/natureight\/\",\"https:\/\/x.com\/natureight\",\"https:\/\/www.instagram.com\/natureight_en\/\",\"https:\/\/www.linkedin.com\/company\/27155561\/admin\/\",\"https:\/\/www.youtube.com\/channel\/UCBRRvf6PCPG1C1EqJb6lPkw\"]}]}<\/script>\n<!-- \/ Yoast SEO plugin. -->","yoast_head_json":{"title":"Capsules de CBD Flex : diminuez naturellement l'inflammation","description":"Achetez ici les Capsules de CBD Flex propos\u00e9es par Natureight : en renforcant l'action du CBD par l'action reconnue des plantes, diminuez votre inflammation","robots":{"index":"index","follow":"follow","max-snippet":"max-snippet:-1","max-image-preview":"max-image-preview:large","max-video-preview":"max-video-preview:-1"},"canonical":"https:\/\/natureight.com\/fr\/product\/flex\/","og_locale":"fr_FR","og_type":"article","og_title":"Capsules de CBD Flex : diminuez naturellement l'inflammation","og_description":"Achetez ici les Capsules de CBD Flex propos\u00e9es par Natureight : en renforcant l'action du CBD par l'action reconnue des plantes, diminuez votre inflammation","og_url":"https:\/\/natureight.com\/fr\/product\/flex\/","og_site_name":"Natureight","article_publisher":"https:\/\/www.facebook.com\/natureight\/","article_modified_time":"2026-04-06T09:09:28+00:00","og_image":[{"width":1080,"height":1080,"url":"https:\/\/natureight.com\/wp-content\/uploads\/2019\/04\/flex-1.jpg","type":"image\/jpeg"}],"twitter_card":"summary_large_image","twitter_site":"@natureight","twitter_misc":{"Dur\u00e9e de lecture estim\u00e9e":"2 minutes"},"schema":{"@context":"https:\/\/schema.org","@graph":[{"@type":"WebPage","@id":"https:\/\/natureight.com\/fr\/product\/flex\/","url":"https:\/\/natureight.com\/fr\/product\/flex\/","name":"Capsules de CBD Flex : diminuez naturellement l'inflammation","isPartOf":{"@id":"https:\/\/natureight.com\/fr\/#website"},"primaryImageOfPage":{"@id":"https:\/\/natureight.com\/fr\/product\/flex\/#primaryimage"},"image":{"@id":"https:\/\/natureight.com\/fr\/product\/flex\/#primaryimage"},"thumbnailUrl":"https:\/\/natureight.com\/wp-content\/uploads\/2019\/04\/flex-1.jpg","datePublished":"2019-04-29T11:24:24+00:00","dateModified":"2026-04-06T09:09:28+00:00","description":"Achetez ici les Capsules de CBD Flex propos\u00e9es par Natureight : en renforcant l'action du CBD par l'action reconnue des plantes, diminuez votre inflammation","breadcrumb":{"@id":"https:\/\/natureight.com\/fr\/product\/flex\/#breadcrumb"},"inLanguage":"fr-FR","potentialAction":[{"@type":"ReadAction","target":["https:\/\/natureight.com\/fr\/product\/flex\/"]}]},{"@type":"ImageObject","inLanguage":"fr-FR","@id":"https:\/\/natureight.com\/fr\/product\/flex\/#primaryimage","url":"https:\/\/natureight.com\/wp-content\/uploads\/2019\/04\/flex-1.jpg","contentUrl":"https:\/\/natureight.com\/wp-content\/uploads\/2019\/04\/flex-1.jpg","width":1080,"height":1080,"caption":"Capsules de CBD Flex"},{"@type":"BreadcrumbList","@id":"https:\/\/natureight.com\/fr\/product\/flex\/#breadcrumb","itemListElement":[{"@type":"ListItem","position":1,"name":"Inicio","item":"https:\/\/natureight.com\/fr\/"},{"@type":"ListItem","position":2,"name":"Tous les produits","item":"https:\/\/natureight.com\/fr\/produits\/"},{"@type":"ListItem","position":3,"name":"Capsules de CBD FLEX"}]},{"@type":"WebSite","@id":"https:\/\/natureight.com\/fr\/#website","url":"https:\/\/natureight.com\/fr\/","name":"Natureight","description":"Natureight ofrece una amplia gama de complementos alimenticios elaborados con CBD y extractos de plantas","publisher":{"@id":"https:\/\/natureight.com\/fr\/#organization"},"potentialAction":[{"@type":"SearchAction","target":{"@type":"EntryPoint","urlTemplate":"https:\/\/natureight.com\/fr\/?s={search_term_string}"},"query-input":{"@type":"PropertyValueSpecification","valueRequired":true,"valueName":"search_term_string"}}],"inLanguage":"fr-FR"},{"@type":"Organization","@id":"https:\/\/natureight.com\/fr\/#organization","name":"Natureight","url":"https:\/\/natureight.com\/fr\/","logo":{"@type":"ImageObject","inLanguage":"fr-FR","@id":"https:\/\/natureight.com\/fr\/#\/schema\/logo\/image\/","url":"https:\/\/natureight.com\/wp-content\/uploads\/2023\/08\/logo-natureight-fin.png","contentUrl":"https:\/\/natureight.com\/wp-content\/uploads\/2023\/08\/logo-natureight-fin.png","width":1060,"height":248,"caption":"Natureight"},"image":{"@id":"https:\/\/natureight.com\/fr\/#\/schema\/logo\/image\/"},"sameAs":["https:\/\/www.facebook.com\/natureight\/","https:\/\/x.com\/natureight","https:\/\/www.instagram.com\/natureight_en\/","https:\/\/www.linkedin.com\/company\/27155561\/admin\/","https:\/\/www.youtube.com\/channel\/UCBRRvf6PCPG1C1EqJb6lPkw"]}]}},"jetpack_sharing_enabled":true,"publishpress_future_workflow_manual_trigger":{"enabledWorkflows":[]},"_links":{"self":[{"href":"https:\/\/natureight.com\/fr\/wp-json\/wp\/v2\/product\/1455","targetHints":{"allow":["GET"]}}],"collection":[{"href":"https:\/\/natureight.com\/fr\/wp-json\/wp\/v2\/product"}],"about":[{"href":"https:\/\/natureight.com\/fr\/wp-json\/wp\/v2\/types\/product"}],"replies":[{"embeddable":true,"href":"https:\/\/natureight.com\/fr\/wp-json\/wp\/v2\/comments?post=1455"}],"wp:featuredmedia":[{"embeddable":true,"href":"https:\/\/natureight.com\/fr\/wp-json\/wp\/v2\/media\/6531"}],"wp:attachment":[{"href":"https:\/\/natureight.com\/fr\/wp-json\/wp\/v2\/media?parent=1455"}],"wp:term":[{"taxonomy":"product_brand","embeddable":true,"href":"https:\/\/natureight.com\/fr\/wp-json\/wp\/v2\/product_brand?post=1455"},{"taxonomy":"product_cat","embeddable":true,"href":"https:\/\/natureight.com\/fr\/wp-json\/wp\/v2\/product_cat?post=1455"},{"taxonomy":"product_tag","embeddable":true,"href":"https:\/\/natureight.com\/fr\/wp-json\/wp\/v2\/product_tag?post=1455"}],"curies":[{"name":"wp","href":"https:\/\/api.w.org\/{rel}","templated":true}]}}