{"id":11016,"date":"2021-07-07T15:21:22","date_gmt":"2021-07-07T13:21:22","guid":{"rendered":"https:\/\/natureight.com\/?post_type=product&#038;p=11016"},"modified":"2025-03-04T17:22:53","modified_gmt":"2025-03-04T16:22:53","slug":"baume-cbd-soulagement-douleur-3","status":"publish","type":"product","link":"https:\/\/natureight.com\/fr\/product\/baume-cbd-soulagement-douleur-3\/","title":{"rendered":"Baume 3% CBD &#8211; Soulagement Douleurs"},"content":{"rendered":"<h2><strong>BAUME DE CBD 3%<\/strong><\/h2>\n<p>Le baume 3% CBD vous aidera \u00e0 apaiser vos douleurs de mani\u00e8re locale et rapide. Id\u00e9al pour les zones plus petites et sp\u00e9cifiques comme les articulations. Il favorise \u00e9galement l\u2019apaisement des douleurs musculaires. Son petit format de 15ml vous permettra de l\u2019emmener partout avec vous.<\/p>\n<p>Toutes les \u00e9tapes de fabrication se font \u00e0 <strong>basses temp\u00e9ratures (&lt;72\u00baC) dans nos laboratoires <\/strong><a href=\"https:\/\/www.aroma-extract.com\/\"><strong>Aroma Extract Labs<\/strong><\/a>. Nous <strong>\u00e9vitons ainsi la d\u00e9gradation<\/strong> thermique du cannabidiol et des autres compos\u00e9s actifs contenus dans la plante de chanvre. <strong>Ce proc\u00e9d\u00e9 est le plus s\u00fbr et le plus \u00e9cologique. <\/strong><\/p>\n<p>Ce processus exclusif pour obtenir nos extraits de chanvre conc\u00e8de au baume Natureight la consid\u00e9ration de cosm\u00e9tique de haute qualit\u00e9. Il contient 100% des phytocannabino\u00efdes, terp\u00e8nes et flavono\u00efdes contenus dans la plante.<\/p>\n<h2><strong>LE CBD EN APPLICATION TOPIQUE<\/strong><\/h2>\n<p>Depuis des mill\u00e9naires, les tiges et les graines de chanvre ont \u00e9t\u00e9 press\u00e9es pour produire de l\u2019huile et des cr\u00e8mes contre les irritations, les inflammations, les \u00e9ruptions cutan\u00e9es, les douleurs articulaires, les br\u00fblures et les coupures.<\/p>\n<p>Avec une concentration plus forte en cannabidiol, les bienfaits de ces produits cosm\u00e9tiques deviennent encore plus puissants et nombreux. Plusieurs \u00e9tudes scientifiques ont confirm\u00e9 ses <a href=\"https:\/\/www.ncbi.nlm.nih.gov\/pmc\/articles\/PMC7023045\/\">propri\u00e9t\u00e9s anti inflammatoires<\/a>. En effet, le CBD peut \u00eatre une option pour traiter diff\u00e9rents types de douleur chronique. Une <a href=\"https:\/\/www.ncbi.nlm.nih.gov\/pmc\/articles\/PMC4851925\/\">\u00e9tude du European Journal of Pain<\/a> a montr\u00e9 que le CBD appliqu\u00e9 sur la peau pourrait aider \u00e0 r\u00e9duire la douleur et l&rsquo;inflammation dues \u00e0 l&rsquo;arthrite. Une <a href=\"https:\/\/pubmed.ncbi.nlm.nih.gov\/24494687\/\">autre \u00e9tude<\/a> a d\u00e9montr\u00e9 le m\u00e9canisme par lequel le CBD inhibe la douleur inflammatoire et neuropathique, deux des types de douleur chronique les plus difficiles \u00e0 traiter.<\/p>\n<h2><strong>LA NATURE, NOTRE \u00c9QUILIBRE<\/strong><\/h2>\n<p>Notre chanvre provient de <strong>graines certifi\u00e9es par l\u2019Union Europ\u00e9enne<\/strong>. Il est cultiv\u00e9 sans pesticides, herbicides, hormones de croissance, engrais chimiques ou additifs d\u2019aucune sorte.<\/p>\n<p>Tous nos produits sont \u00e9labor\u00e9s \u00e0 partir d\u2019extraits de chanvre entiers et sont soumis \u00e0 un contr\u00f4le strict \u00e0 chaque \u00e9tape, de la culture jusqu\u2019\u00e0 votre domicile, afin de vous offrir une <strong>qualit\u00e9 et une s\u00e9curit\u00e9 maximales<\/strong>.<\/p>\n<p>Chez Natureight nous embrassons l\u2019\u00e9norme potentiel de la nature. Nous sommes convaincus de pouvoir aider la soci\u00e9t\u00e9 moderne \u00e0 jouir d\u2019une meilleure qualit\u00e9 de vie en atteignant l\u2019\u00e9quilibre entre les vertus de la phytoth\u00e9rapie traditionnelle et l\u2019innovation technologique de pointe.<\/p>\n<p>&nbsp;<\/p>\n","protected":false},"excerpt":{"rendered":"<p><strong>15 ml : 450mg CBD<\/strong><\/p>\n<p>&nbsp; <a href=\"https:\/\/natureight.com\/fr\/product\/baume-cbd-soulagement-douleur-3\/\" class=\"read-more-blog\">Lire la suite<\/a><\/p>\n","protected":false},"featured_media":11093,"comment_status":"open","ping_status":"closed","template":"","meta":{"generate_page_header":""},"product_brand":[],"product_cat":[245],"product_tag":[],"class_list":{"0":"post-11016","1":"product","2":"type-product","3":"status-publish","4":"has-post-thumbnail","6":"product_cat-cosmetiques-cbd","8":"first","9":"outofstock","10":"taxable","11":"shipping-taxable","12":"purchasable","13":"product-type-variable"},"yoast_head":"<!-- This site is optimized with the Yoast SEO plugin v25.4 - https:\/\/yoast.com\/wordpress\/plugins\/seo\/ -->\n<title>Baume 3% CBD - Soulagement Douleurs - Natureight<\/title>\n<meta name=\"robots\" content=\"index, follow, max-snippet:-1, max-image-preview:large, max-video-preview:-1\" \/>\n<link rel=\"canonical\" href=\"https:\/\/natureight.com\/fr\/product\/baume-cbd-soulagement-douleur-3\/\" \/>\n<meta property=\"og:locale\" content=\"fr_FR\" \/>\n<meta property=\"og:type\" content=\"article\" \/>\n<meta property=\"og:title\" content=\"Baume 3% CBD - Soulagement Douleurs - Natureight\" \/>\n<meta property=\"og:description\" content=\"15 ml : 450mg CBD  &nbsp; Lire la suite\" \/>\n<meta property=\"og:url\" content=\"https:\/\/natureight.com\/fr\/product\/baume-cbd-soulagement-douleur-3\/\" \/>\n<meta property=\"og:site_name\" content=\"Natureight\" \/>\n<meta property=\"article:publisher\" content=\"https:\/\/www.facebook.com\/natureight\/\" \/>\n<meta property=\"article:modified_time\" content=\"2025-03-04T16:22:53+00:00\" \/>\n<meta property=\"og:image\" content=\"https:\/\/natureight.com\/wp-content\/uploads\/2021\/07\/balme-cbd-white22.jpg\" \/>\n\t<meta property=\"og:image:width\" content=\"1000\" \/>\n\t<meta property=\"og:image:height\" content=\"1000\" \/>\n\t<meta property=\"og:image:type\" content=\"image\/jpeg\" \/>\n<meta name=\"twitter:card\" content=\"summary_large_image\" \/>\n<meta name=\"twitter:site\" content=\"@natureight\" \/>\n<meta name=\"twitter:label1\" content=\"Dur\u00e9e de lecture estim\u00e9e\" \/>\n\t<meta name=\"twitter:data1\" content=\"3 minutes\" \/>\n<script type=\"application\/ld+json\" class=\"yoast-schema-graph\">{\"@context\":\"https:\/\/schema.org\",\"@graph\":[{\"@type\":\"WebPage\",\"@id\":\"https:\/\/natureight.com\/fr\/product\/baume-cbd-soulagement-douleur-3\/\",\"url\":\"https:\/\/natureight.com\/fr\/product\/baume-cbd-soulagement-douleur-3\/\",\"name\":\"Baume 3% CBD - Soulagement Douleurs - Natureight\",\"isPartOf\":{\"@id\":\"https:\/\/natureight.com\/fr\/#website\"},\"primaryImageOfPage\":{\"@id\":\"https:\/\/natureight.com\/fr\/product\/baume-cbd-soulagement-douleur-3\/#primaryimage\"},\"image\":{\"@id\":\"https:\/\/natureight.com\/fr\/product\/baume-cbd-soulagement-douleur-3\/#primaryimage\"},\"thumbnailUrl\":\"https:\/\/natureight.com\/wp-content\/uploads\/2021\/07\/balme-cbd-white22.jpg\",\"datePublished\":\"2021-07-07T13:21:22+00:00\",\"dateModified\":\"2025-03-04T16:22:53+00:00\",\"breadcrumb\":{\"@id\":\"https:\/\/natureight.com\/fr\/product\/baume-cbd-soulagement-douleur-3\/#breadcrumb\"},\"inLanguage\":\"fr-FR\",\"potentialAction\":[{\"@type\":\"ReadAction\",\"target\":[\"https:\/\/natureight.com\/fr\/product\/baume-cbd-soulagement-douleur-3\/\"]}]},{\"@type\":\"ImageObject\",\"inLanguage\":\"fr-FR\",\"@id\":\"https:\/\/natureight.com\/fr\/product\/baume-cbd-soulagement-douleur-3\/#primaryimage\",\"url\":\"https:\/\/natureight.com\/wp-content\/uploads\/2021\/07\/balme-cbd-white22.jpg\",\"contentUrl\":\"https:\/\/natureight.com\/wp-content\/uploads\/2021\/07\/balme-cbd-white22.jpg\",\"width\":1000,\"height\":1000},{\"@type\":\"BreadcrumbList\",\"@id\":\"https:\/\/natureight.com\/fr\/product\/baume-cbd-soulagement-douleur-3\/#breadcrumb\",\"itemListElement\":[{\"@type\":\"ListItem\",\"position\":1,\"name\":\"Inicio\",\"item\":\"https:\/\/natureight.com\/fr\/\"},{\"@type\":\"ListItem\",\"position\":2,\"name\":\"Tous les produits\",\"item\":\"https:\/\/natureight.com\/fr\/produits\/\"},{\"@type\":\"ListItem\",\"position\":3,\"name\":\"Baume 3% CBD &#8211; Soulagement Douleurs\"}]},{\"@type\":\"WebSite\",\"@id\":\"https:\/\/natureight.com\/fr\/#website\",\"url\":\"https:\/\/natureight.com\/fr\/\",\"name\":\"Natureight\",\"description\":\"Natureight ofrece una amplia gama de complementos alimenticios elaborados con CBD y extractos de plantas\",\"publisher\":{\"@id\":\"https:\/\/natureight.com\/fr\/#organization\"},\"potentialAction\":[{\"@type\":\"SearchAction\",\"target\":{\"@type\":\"EntryPoint\",\"urlTemplate\":\"https:\/\/natureight.com\/fr\/?s={search_term_string}\"},\"query-input\":{\"@type\":\"PropertyValueSpecification\",\"valueRequired\":true,\"valueName\":\"search_term_string\"}}],\"inLanguage\":\"fr-FR\"},{\"@type\":\"Organization\",\"@id\":\"https:\/\/natureight.com\/fr\/#organization\",\"name\":\"Natureight\",\"url\":\"https:\/\/natureight.com\/fr\/\",\"logo\":{\"@type\":\"ImageObject\",\"inLanguage\":\"fr-FR\",\"@id\":\"https:\/\/natureight.com\/fr\/#\/schema\/logo\/image\/\",\"url\":\"https:\/\/natureight.com\/wp-content\/uploads\/2023\/08\/logo-natureight-fin.png\",\"contentUrl\":\"https:\/\/natureight.com\/wp-content\/uploads\/2023\/08\/logo-natureight-fin.png\",\"width\":1060,\"height\":248,\"caption\":\"Natureight\"},\"image\":{\"@id\":\"https:\/\/natureight.com\/fr\/#\/schema\/logo\/image\/\"},\"sameAs\":[\"https:\/\/www.facebook.com\/natureight\/\",\"https:\/\/x.com\/natureight\",\"https:\/\/www.instagram.com\/natureight_en\/\",\"https:\/\/www.linkedin.com\/company\/27155561\/admin\/\",\"https:\/\/www.youtube.com\/channel\/UCBRRvf6PCPG1C1EqJb6lPkw\"]}]}<\/script>\n<!-- \/ Yoast SEO plugin. -->","yoast_head_json":{"title":"Baume 3% CBD - Soulagement Douleurs - Natureight","robots":{"index":"index","follow":"follow","max-snippet":"max-snippet:-1","max-image-preview":"max-image-preview:large","max-video-preview":"max-video-preview:-1"},"canonical":"https:\/\/natureight.com\/fr\/product\/baume-cbd-soulagement-douleur-3\/","og_locale":"fr_FR","og_type":"article","og_title":"Baume 3% CBD - Soulagement Douleurs - Natureight","og_description":"15 ml : 450mg CBD  &nbsp; Lire la suite","og_url":"https:\/\/natureight.com\/fr\/product\/baume-cbd-soulagement-douleur-3\/","og_site_name":"Natureight","article_publisher":"https:\/\/www.facebook.com\/natureight\/","article_modified_time":"2025-03-04T16:22:53+00:00","og_image":[{"width":1000,"height":1000,"url":"https:\/\/natureight.com\/wp-content\/uploads\/2021\/07\/balme-cbd-white22.jpg","type":"image\/jpeg"}],"twitter_card":"summary_large_image","twitter_site":"@natureight","twitter_misc":{"Dur\u00e9e de lecture estim\u00e9e":"3 minutes"},"schema":{"@context":"https:\/\/schema.org","@graph":[{"@type":"WebPage","@id":"https:\/\/natureight.com\/fr\/product\/baume-cbd-soulagement-douleur-3\/","url":"https:\/\/natureight.com\/fr\/product\/baume-cbd-soulagement-douleur-3\/","name":"Baume 3% CBD - Soulagement Douleurs - Natureight","isPartOf":{"@id":"https:\/\/natureight.com\/fr\/#website"},"primaryImageOfPage":{"@id":"https:\/\/natureight.com\/fr\/product\/baume-cbd-soulagement-douleur-3\/#primaryimage"},"image":{"@id":"https:\/\/natureight.com\/fr\/product\/baume-cbd-soulagement-douleur-3\/#primaryimage"},"thumbnailUrl":"https:\/\/natureight.com\/wp-content\/uploads\/2021\/07\/balme-cbd-white22.jpg","datePublished":"2021-07-07T13:21:22+00:00","dateModified":"2025-03-04T16:22:53+00:00","breadcrumb":{"@id":"https:\/\/natureight.com\/fr\/product\/baume-cbd-soulagement-douleur-3\/#breadcrumb"},"inLanguage":"fr-FR","potentialAction":[{"@type":"ReadAction","target":["https:\/\/natureight.com\/fr\/product\/baume-cbd-soulagement-douleur-3\/"]}]},{"@type":"ImageObject","inLanguage":"fr-FR","@id":"https:\/\/natureight.com\/fr\/product\/baume-cbd-soulagement-douleur-3\/#primaryimage","url":"https:\/\/natureight.com\/wp-content\/uploads\/2021\/07\/balme-cbd-white22.jpg","contentUrl":"https:\/\/natureight.com\/wp-content\/uploads\/2021\/07\/balme-cbd-white22.jpg","width":1000,"height":1000},{"@type":"BreadcrumbList","@id":"https:\/\/natureight.com\/fr\/product\/baume-cbd-soulagement-douleur-3\/#breadcrumb","itemListElement":[{"@type":"ListItem","position":1,"name":"Inicio","item":"https:\/\/natureight.com\/fr\/"},{"@type":"ListItem","position":2,"name":"Tous les produits","item":"https:\/\/natureight.com\/fr\/produits\/"},{"@type":"ListItem","position":3,"name":"Baume 3% CBD &#8211; Soulagement Douleurs"}]},{"@type":"WebSite","@id":"https:\/\/natureight.com\/fr\/#website","url":"https:\/\/natureight.com\/fr\/","name":"Natureight","description":"Natureight ofrece una amplia gama de complementos alimenticios elaborados con CBD y extractos de plantas","publisher":{"@id":"https:\/\/natureight.com\/fr\/#organization"},"potentialAction":[{"@type":"SearchAction","target":{"@type":"EntryPoint","urlTemplate":"https:\/\/natureight.com\/fr\/?s={search_term_string}"},"query-input":{"@type":"PropertyValueSpecification","valueRequired":true,"valueName":"search_term_string"}}],"inLanguage":"fr-FR"},{"@type":"Organization","@id":"https:\/\/natureight.com\/fr\/#organization","name":"Natureight","url":"https:\/\/natureight.com\/fr\/","logo":{"@type":"ImageObject","inLanguage":"fr-FR","@id":"https:\/\/natureight.com\/fr\/#\/schema\/logo\/image\/","url":"https:\/\/natureight.com\/wp-content\/uploads\/2023\/08\/logo-natureight-fin.png","contentUrl":"https:\/\/natureight.com\/wp-content\/uploads\/2023\/08\/logo-natureight-fin.png","width":1060,"height":248,"caption":"Natureight"},"image":{"@id":"https:\/\/natureight.com\/fr\/#\/schema\/logo\/image\/"},"sameAs":["https:\/\/www.facebook.com\/natureight\/","https:\/\/x.com\/natureight","https:\/\/www.instagram.com\/natureight_en\/","https:\/\/www.linkedin.com\/company\/27155561\/admin\/","https:\/\/www.youtube.com\/channel\/UCBRRvf6PCPG1C1EqJb6lPkw"]}]}},"jetpack_sharing_enabled":true,"publishpress_future_workflow_manual_trigger":{"enabledWorkflows":[]},"_links":{"self":[{"href":"https:\/\/natureight.com\/fr\/wp-json\/wp\/v2\/product\/11016","targetHints":{"allow":["GET"]}}],"collection":[{"href":"https:\/\/natureight.com\/fr\/wp-json\/wp\/v2\/product"}],"about":[{"href":"https:\/\/natureight.com\/fr\/wp-json\/wp\/v2\/types\/product"}],"replies":[{"embeddable":true,"href":"https:\/\/natureight.com\/fr\/wp-json\/wp\/v2\/comments?post=11016"}],"wp:featuredmedia":[{"embeddable":true,"href":"https:\/\/natureight.com\/fr\/wp-json\/wp\/v2\/media\/11093"}],"wp:attachment":[{"href":"https:\/\/natureight.com\/fr\/wp-json\/wp\/v2\/media?parent=11016"}],"wp:term":[{"taxonomy":"product_brand","embeddable":true,"href":"https:\/\/natureight.com\/fr\/wp-json\/wp\/v2\/product_brand?post=11016"},{"taxonomy":"product_cat","embeddable":true,"href":"https:\/\/natureight.com\/fr\/wp-json\/wp\/v2\/product_cat?post=11016"},{"taxonomy":"product_tag","embeddable":true,"href":"https:\/\/natureight.com\/fr\/wp-json\/wp\/v2\/product_tag?post=11016"}],"curies":[{"name":"wp","href":"https:\/\/api.w.org\/{rel}","templated":true}]}}