{"id":478,"date":"2018-05-21T18:21:40","date_gmt":"2018-05-21T18:21:40","guid":{"rendered":"http:\/\/natureight.yourtestingweb.com\/faq\/"},"modified":"2021-06-01T11:32:11","modified_gmt":"2021-06-01T09:32:11","slug":"faq","status":"publish","type":"page","link":"https:\/\/natureight.com\/fr\/faq\/","title":{"rendered":"FAQ sur le CBD"},"content":{"rendered":"<h2><strong>GENERALES<\/strong><\/h2>\n<h3>De quelle mani\u00e8re toutes mes informations sont-elles stock\u00e9es ?<\/h3>\n<p style=\"text-align: justify;\">Nous stockons toutes les informations de nos consommateurs en tout s\u00e9curit\u00e9 selon notre Politique de Confidentialit\u00e9 que vous pouvez consulter <strong><a href=\"https:\/\/natureight.com\/fr\/mentions-legales\/\">ici<\/a>.<\/strong><\/p>\n<h3>\u00c0 quoi ressemble l\u2019emballage du colis ?<\/h3>\n<p style=\"text-align: justify;\">Tous nos colis sont envoy\u00e9s discr\u00e8tement et anonymement. Notre emballage est totalement neutre, vous \u00eates donc le seul \u00e0 savoir ce qu\u2019il contient.<\/p>\n<h3>Quand vais-je recevoir ma commande ?<\/h3>\n<p style=\"text-align: justify;\">Natureight distribue ses produits uniquement dans les pays membres de l\u2019Union Europ\u00e9enne en 24 \/ 72 heures. Pour vous aider \u00e0 calculer le jour d\u2019arriv\u00e9e de votre colis, comptez le jour d\u2019exp\u00e9dition comme jour 0 et ne comptez ni les dimanches ni les jours f\u00e9ri\u00e9s.<\/p>\n<p style=\"text-align: justify;\">Certaines zones particuli\u00e8rement recul\u00e9es ne peuvent n\u00e9anmoins pas b\u00e9n\u00e9ficier de ce service express. Dans ce cas, vous pouvez nous contacter par mail \u00e0 <a href=\"mailto:info@natureight.com\">info@natureight.com<\/a>,, afin que nous consultions notre agence de transport pour vous donner un d\u00e9lai pr\u00e9cis en fonction de votre lieu de r\u00e9sidence.<\/p>\n<h2><strong>LES PRODUITS NATUREIGHT<\/strong><\/h2>\n<h3>Qu&rsquo;est-ce que le CBD ?<\/h3>\n<p style=\"text-align: justify;\">Le Cannabidiol ou CBD est un des nombreux cannabino\u00efdes qui se trouvent dans la plante de cannabis tout comme le T\u00e9trahydrocannabinol (THC). Contrairement \u00e0 ce dernier, le CBD ne poss\u00e8de aucun effet psychoactif, c\u2019est-\u00e0-dire qu\u2019il ne provoque pas de sentiment d\u2019ivresse, de vertige ou d\u2019euphorie, caract\u00e9ristiques li\u00e9es au THC. D&rsquo;autres effets secondaires peuvent appara\u00eetre apr\u00e8s avoir consommer du THC, comme de l&rsquo;anxi\u00e9t\u00e9, une fr\u00e9quence cardiaque \u00e9lev\u00e9e ou encore des probl\u00e8mes de m\u00e9moire \u00e0 court-terme.<\/p>\n<p style=\"text-align: justify;\">Vous pouvez trouver de plus amples informations \u00e0 propos du CBD <a href=\"https:\/\/natureight.com\/fr\/a-propos-de-nous\/\"><span style=\"text-decoration: underline;\"><strong>ici<\/strong><\/span><\/a>.<\/p>\n<p style=\"text-align: justify;\">Bien que le CBD soit largement accept\u00e9 et utilis\u00e9 en tant que compl\u00e9ment alimentaire, nous ne pouvons pas vous donner de conseil m\u00e9dical. Nous vous conseillons vivement de mener vos propres recherches sur ses propri\u00e9t\u00e9s.<\/p>\n<h3>Quelle est la diff\u00e9rence entre le THC et le CBD ?<\/h3>\n<p style=\"text-align: justify;\">Le Cannabidiol (CBD) est un des nombreux cannabino\u00efdes qui se trouvent dans la plante de cannabis tout comme le T\u00e9trahydrocannabinol (THC). Contrairement \u00e0 ce dernier, le CBD ne poss\u00e8de aucun effet psychoactif, c\u2019est-\u00e0-dire qu\u2019il ne provoque pas de sentiment d\u2019ivresse, de vertige ou d\u2019euphorie, caract\u00e9ristiques li\u00e9es au THC. D&rsquo;autres effets secondaires peuvent appara\u00eetre apr\u00e8s avoir consommer du THC, comme de l&rsquo;anxi\u00e9t\u00e9, une fr\u00e9quence cardiaque \u00e9lev\u00e9e ou encore des probl\u00e8mes de m\u00e9moire \u00e0 court-terme.<\/p>\n<h3>Peut-on avoir un effet planant avec du CBD ?<\/h3>\n<p style=\"text-align: justify;\">Il n&rsquo;est pas possible de \u00ab\u00a0planer\u00a0\u00bb en consommant du CBD car cette mol\u00e9cule ne contient aucun compos\u00e9 psychoactif.<\/p>\n<h3>Le cannabis, le chanvre sont-ils la m\u00eame chose ?<\/h3>\n<p style=\"text-align: justify;\">M\u00eame s&rsquo;ils appartiennent \u00e0 la m\u00eame famille de plantes, les plants de chanvre viennent de vari\u00e9t\u00e9s de Cannabis Sativa-L sp\u00e9cifiquement crois\u00e9es et produites \u00e0 des fins industrielles et agricoles. Ils ne contiennent qu\u2019une tr\u00e8s faible quantit\u00e9 de THC (moins de 0.2%), ne provoquent pas d&rsquo;effets psychoactifs et sont donc en conformit\u00e9 avec les lois europ\u00e9ennes.<\/p>\n<p style=\"text-align: justify;\">Les plantes de chanvre que nous utilisons pour l\u2019\u00e9laboration de nos produits \u00e0 base de CBD proviennent de graines certifi\u00e9es de la coop\u00e9rative fran\u00e7aise C.C.P.S.C.<\/p>\n<h3>Quelle est la meilleure fa\u00e7on de consommer l\u2019Huile de CBD ?<\/h3>\n<p style=\"text-align: justify;\">L\u2019huile de CBD est principalement con\u00e7ue pour un usage oral. Faites tomber les gouttes sous la langue et laissez agir une trentaine de secondes. Les effets du CBD devraient \u00eatre ressentis apr\u00e8s 30 \u00e0 45 minutes dans certains cas. Dans d&rsquo;autres, ils peuvent se ressentir apr\u00e8s plusieurs jours voir une semaine. R\u00e9\u00e9quilibrer votre corps est un processus dont la dur\u00e9e sera diff\u00e9rente en fonciton de chaque personne.<\/p>\n<p style=\"text-align: justify;\">Certaines personnes, souffrant de probl\u00e8mes de peau, utilisent l\u2019huile en la frottant sur les zones de la peau endommag\u00e9es.<\/p>\n<h3>Combien de gouttes d\u2019Huile de CBD puis-je consommer \u00e0 chaque fois ?<\/h3>\n<p style=\"text-align: justify;\">Malheureusement, nous ne pouvons pas vous donner de conseils sur les quantit\u00e9s de CBD. La dose d\u00e9pend de nombreux facteurs comme le poids, la taille, le sexe, la pathologie et l\u2019intensit\u00e9 de la douleur. La dose moyenne conseill\u00e9e est de 10 \u00e0 15 mg par jour.<\/p>\n<h3>Les produits Natureight respectent-ils l\u2019environnement ?<\/h3>\n<p style=\"text-align: justify;\">Nous n&rsquo;utilisons PAS de pesticides, d&rsquo;herbicides, d&rsquo;hormones de croissance, d&rsquo;engrais chimiques ni d&rsquo;autres additifs.<\/p>\n<p style=\"text-align: justify;\">De plus, tous les produits Natureight sont 100% v\u00e9gans.<\/p>\n<h3>Quelle est la diff\u00e9rence entre le CBD cristal et le CBD \u00e0 spectre complet utilis\u00e9 pour les produits Natureight ?<\/h3>\n<p style=\"text-align: justify;\">Le CBD appel\u00e9 \u00ab crystal \u00bb que vous pouvez retrouver sur de nombreux sites internet est compos\u00e9 uniquement de CBD. C\u2019est-\u00e0-dire que la mol\u00e9cule a \u00e9t\u00e9 isol\u00e9e et les autres cannabino\u00efdes ainsi que tous les autres composants de plante ont \u00e9t\u00e9 \u00e9limin\u00e9s.<\/p>\n<p style=\"text-align: justify;\">Cependant, les recherches indiquent jusqu&rsquo;\u00e0 pr\u00e9sent que la CDB \u00e0 spectre complet est plus efficace que le CBD isol\u00e9, puisque le CBD fonctionne de fa\u00e7on optimale lorsqu\u2019il est associ\u00e9 aux autres composants de la plante de chanvre. Il s\u2019agit de l\u2019<a href=\"https:\/\/natureight.com\/fr\/#effet-entourage\"><span style=\"text-decoration: underline;\"><strong>Effet d\u2019Entourage<\/strong><\/span><\/a>.<\/p>\n<p style=\"text-align: justify;\">Une \u00e9tude remarquable \u00e0 ce sujet provient du Centre Lautenberg pour l&rsquo;immunologie tumorale g\u00e9n\u00e9rale \u00e0 J\u00e9rusalem. Tous les tests effectu\u00e9s pour cette \u00e9tude indiquent que l&rsquo;isol\u00e2t du CBD n&rsquo;est efficace qu&rsquo;\u00e0 une certaine dose, alors que le CDB \u00e0 spectre complet continue de fournir un soulagement lorsque la dose augmente. L&rsquo;\u00e9tude a r\u00e9v\u00e9l\u00e9 des r\u00e9sultats encore plus int\u00e9ressants ; Cet extrait de CDB \u00e0 spectre complet poss\u00e8de des qualit\u00e9s qui peuvent aider \u00e0 soulager la douleur qui ne se retrouvent pas chez les anti-inflammatoires courants. Vous pouvez en savoir plus sur l&rsquo;\u00e9tude, ses m\u00e9thodes et ses r\u00e9sultats <strong><a href=\"https:\/\/www.scirp.org\/Journal\/PaperInformation.aspx?PaperID=53912#.VP4EIildXvY\">ici<\/a>.<\/strong><\/p>\n<p style=\"text-align: justify;\">C\u2019est pour cela que nos produits Natureight sont r\u00e9alis\u00e9s \u00e0 partir d\u2019un extrait entier de la plante, afin de tirer avantage de tous les composants bienfaisants du chanvre.<\/p>\n<h3>Les produits sont-ils test\u00e9s en laboratoire ?<\/h3>\n<p style=\"text-align: justify;\">Oui, nous testons et contr\u00f4lons r\u00e9guli\u00e8rement nos produits pendant tout le processus de fabrication pour garantir une qualit\u00e9 et une s\u00e9curit\u00e9 optimale. Chaque lot est \u00e9galement test\u00e9 par un laboratoire tiers.<\/p>\n<h3>Comment dois-je conserver mes produits Natureight ?<\/h3>\n<p style=\"text-align: justify;\">Il est fortement conseiller de conserver les produits dans un endroit frais et sec.<\/p>\n<h2><strong>MON COMPTE<\/strong><\/h2>\n<h3>O\u00f9 puis-je cr\u00e9er un compte ?<\/h3>\n<p>Une option vous est propos\u00e9 sur la homepage pour cr\u00e9er un compte. Vous pouvez aussi le faire en ajoutant des produit dans votre panier et en suivant la proc\u00e9dure. Vous pouvez \u00e9galement vous <a href=\"https:\/\/natureight.com\/fr\/inscription-a-la-newsletter\/\"><span style=\"text-decoration: underline;\"><strong>inscrire \u00e0 notre Newsletter<\/strong><\/span><\/a><b>, <\/b>afin de profiter des r\u00e9ductions qui vous seront attribu\u00e9es au fur et \u00e0 mesure de vos achats.<\/p>\n<h3>Puis-je demander un compte de vente en gros ?<\/h3>\n<p style=\"text-align: justify;\">Bien entendu. Pour demander un compte professionnel, veuillez nous \u00e9crire \u00e0 <a href=\"mailto:info@natureight.com\">info@natureight.com<\/a><\/p>\n<p style=\"text-align: justify;\">Un membre de notre \u00c9quipe vous contactera dans les plus brefs d\u00e9lais.<\/p>\n<h2><strong>LEGISLATION<\/strong><\/h2>\n<h3>Les produits Natureight sont-ils l\u00e9gaux ?<\/h3>\n<p style=\"text-align: justify;\">Nos produits contiennent tous moins de 0.2% de THC, ils sont consid\u00e9r\u00e9s comme l\u00e9gaux dans la plupart des pays europ\u00e9ens. Il est cependant conseill\u00e9 de v\u00e9rifier les lois applicables au CBD dans votre pays de r\u00e9sidence.<\/p>\n<h3>Y a-t-il un risque \u00e0 passer la fronti\u00e8re avec du CBD ?<\/h3>\n<p style=\"text-align: justify;\">Nous exp\u00e9dions des produits \u00e0 base de CBD \u00e0 travers l\u2019Europe tous les jours et nous avons les justificatifs n\u00e9cessaires pour prouver que leur contenu est en-dessous de la marge l\u00e9galement permise de 0,2 % de THC. Il est cependant conseill\u00e9 de v\u00e9rifier les lois applicables au CBD dans votre pays de r\u00e9sidence.<\/p>\n<h2><strong>SANTE<\/strong><\/h2>\n<h3>Les produits \u00e0 base de CBD sont-ils bons pour la sant\u00e9\/peuvent-ils m&rsquo;aider \u00e0 traiter un probl\u00e8me de sant\u00e9 ?<\/h3>\n<p style=\"text-align: justify;\">Beaucoup de personnes consid\u00e8rent que les produits \u00e0 base de CBD sont des compl\u00e9ments alimentaires valables. Prenez contact avec nous, nous vous aiguillerons dans vos recherches.<\/p>\n<h3>Le CBD peut-il aider contre les crises d\u2019\u00e9pilepsie ?<\/h3>\n<p style=\"text-align: justify;\">Beaucoup d&rsquo;\u00e9tudes scientifiques ont montr\u00e9 un lien certain entre le CBD et l\u2019\u00e9pilepsie. Des recherches approfondies sont toujours recommand\u00e9es quand vous faites face \u00e0 une maladie aussi grave et nous recommandons fortement que vous consultiez votre m\u00e9decin en cas de doute.<\/p>\n<h3>Puis-je donner du CBD \u00e0 mon animal domestique ?<\/h3>\n<p style=\"text-align: justify;\">Le CBD peut \u00e9galement am\u00e9liorer la qualit\u00e9 de vie des animaux. Les mammif\u00e8res, les poissons et les mollusques ont aussi un syst\u00e8me endocannabino\u00efde.<\/p>\n<p style=\"text-align: justify;\">Les dosages ne sont pas les m\u00eames que pour les humains et doivent \u00eatre adapt\u00e9s au poids de l&rsquo;animal. Le dosage efficace et b\u00e9n\u00e9fique doit \u00eatre d\u00e9termin\u00e9 pour chaque animal et selon les maux \u00e0 traiter. On peut consid\u00e9rer qu\u2019une dose de 0.5 mg par kilo et par jour est un bon d\u00e9but ; elle peut \u00eatre augment\u00e9e en fonction de l\u2019\u00e9volution de la situation de l\u2019animal en question.<\/p>\n<p style=\"text-align: justify;\">Nous ne sommes cependant pas autoris\u00e9s \u00e0 donner des conseils m\u00e9dicaux. Pr\u00e9venez votre v\u00e9t\u00e9rinaire si votre animal prend du CBD et ne modifiez jamais les m\u00e9dicaments prescrits sans l\u2019avoir concert\u00e9 en amont.<\/p>\n<h2><strong>PAIEMENTS<\/strong><\/h2>\n<h3>Quelles m\u00e9thodes de paiement acceptez-vous ?<\/h3>\n<p style=\"text-align: justify;\">Actuellement, nous acceptons les m\u00e9thodes de paiement suivantes :<\/p>\n<p>-Carte bancaire D\u00e9bit \/ Cr\u00e9dit \/ El\u00e9ctron (Mastercard ou Visa)<\/p>\n<p>-Transfert bancaire<\/p>\n<h3>Mon paiement a \u00e9chou\u00e9, que dois-je faire ?<\/h3>\n<p>Si la transaction est refus\u00e9e, prenez contact avec votre banque et assurez-vous que votre carte bancaire permet les paiements internationaux.<\/p>\n<p>Si vous avez des questions, veuillez nous contacter \u00e0 <a href=\"mailto:info@natureight.com\">info@natureight.com<\/a><\/p>\n<h2><strong>INFORMATIONS DE LIVRAISON<\/strong><\/h2>\n<h3>Dans quels pays livrez-vous ?<\/h3>\n<p style=\"text-align: justify;\">Actuellement, nous livrons dans tous les pays de l&rsquo;Union Europ\u00e9enne.<\/p>\n<h3>Quels sont les frais de livraison ?<\/h3>\n<p>Natureight prend en charge le prix du transport pour toutes les commandes sup\u00e9rieures \u00e0 59 \u20ac.<\/p>\n<div>Pour les commandes inf\u00e9rieures \u00e0 59\u20ac, le prix du transport est de 9,99 \u20ac.<\/div>\n<h3>Combien de temps prend la livraison ?<\/h3>\n<p style=\"text-align: justify;\">Natureight distribue ses produits uniquement dans les pays membres de l\u2019Union Europ\u00e9enne en 24 \/ 72 heures. Pour vous aider \u00e0 calculer le jour d\u2019arriv\u00e9e de votre colis, comptez le jour d\u2019exp\u00e9dition comme jour 0 et ne comptez ni les dimanches ni les jours f\u00e9ri\u00e9s.<\/p>\n<p style=\"text-align: justify;\">Certaines zones particuli\u00e8rement recul\u00e9es ne peuvent n\u00e9anmoins pas b\u00e9n\u00e9ficier de ce service express. Dans ce cas, vous pouvez nous contacter par mail \u00e0 <a href=\"mailto:info@natureight.com\">info@natureight.com<\/a>,, afin que nous consultions notre agence de transport pour vous donner un d\u00e9lai pr\u00e9cis en fonction de votre lieu de r\u00e9sidence.<\/p>\n<h3>Comment puis-je suivre le chemin de livraison de mon produit ?<\/h3>\n<p style=\"text-align: justify;\">Vous pourrez consultez le cheminement de votre colis gr\u00e2ce \u00e0 un num\u00e9ro de suivi qui vous sera envoy\u00e9 directement sur votre boite mail.<\/p>\n<h3>Comment puis-je retourner mon produit ?<\/h3>\n<p>Tous nos clients ont 14 jours, \u00e0 compter de la r\u00e9ception du produit, pour le retourner.<\/p>\n<p><strong>Remboursements<\/strong><\/p>\n<p>Nous garantissons un remboursement du prix des produits achet\u00e9s par virement bancaire.<\/p>\n<p><strong>Conditions de retour du produit<\/strong><\/p>\n<p>Vous devrez remplir et nous envoyer par mail \u00e0 <a href=\"mailto:info@natureight.com\">info@natureight.com<\/a>, le formulaire de d\u00e9sistement disponible <strong><a href=\"https:\/\/natureight.com\/fr\/conditions-generales-de-vente\/\">ici<\/a>. <\/strong><\/p>\n<p>ATTENTION: Le produit peut \u00eatre retourn\u00e9 seulement s\u2019il n\u2019a pas \u00e9t\u00e9 descell\u00e9.<\/p>\n<p><strong>Frais de retour non remboursables<\/strong><\/p>\n<p>Vous devez nous exp\u00e9dier le produit et payer les frais d\u2019exp\u00e9dition n\u00e9cessaires.<\/p>\n<p><strong>Emballage du produit renvoy\u00e9<\/strong><\/p>\n<p>Nous vous recommandons d\u2019utiliser l\u2019emballage d\u2019origine et la bo\u00eete d\u2019exp\u00e9dition.<\/p>\n<p><strong>Retour de produits en promotion<\/strong><\/p>\n<p>Nous ne proposons pas de remboursement pour les produits ayant b\u00e9n\u00e9fici\u00e9 d\u2019une promotion.<\/p>\n<p>&nbsp;<\/p>\n","protected":false},"excerpt":{"rendered":"<p>GENERALES De quelle mani\u00e8re toutes mes informations sont-elles stock\u00e9es ? Nous stockons toutes les informations de nos consommateurs en tout s\u00e9curit\u00e9 selon notre Politique de Confidentialit\u00e9 que vous pouvez consulter ici. \u00c0 quoi ressemble l\u2019emballage du colis ? Tous nos colis sont envoy\u00e9s discr\u00e8tement et anonymement. Notre emballage est totalement neutre, vous \u00eates donc le &#8230; <\/p>\n<p class=\"read-more-container\"><a title=\"FAQ sur le CBD\" class=\"read-more button\" href=\"https:\/\/natureight.com\/fr\/faq\/#more-478\" aria-label=\"En savoir plus sur FAQ sur le CBD\">Lire la suite<\/a><\/p>\n","protected":false},"author":363,"featured_media":0,"parent":0,"menu_order":0,"comment_status":"closed","ping_status":"closed","template":"","meta":{"generate_page_header":"","footnotes":""},"class_list":["post-478","page","type-page","status-publish"],"yoast_head":"<!-- This site is optimized with the Yoast SEO plugin v25.4 - https:\/\/yoast.com\/wordpress\/plugins\/seo\/ -->\n<title>Foire aux questions sur le CBD (FAQ) - Natureight<\/title>\n<meta name=\"description\" content=\"D\u00e9couvrez les r\u00e9ponses \u00e0 vos questions concernant le CBD : Quel produit au CBD choisir ?comment l&#039;utiliser ? Comment acheter du CBD en France ?\" \/>\n<meta name=\"robots\" content=\"index, follow, max-snippet:-1, max-image-preview:large, max-video-preview:-1\" \/>\n<link rel=\"canonical\" href=\"https:\/\/natureight.com\/fr\/faq\/\" \/>\n<meta property=\"og:locale\" content=\"fr_FR\" \/>\n<meta property=\"og:type\" content=\"article\" \/>\n<meta property=\"og:title\" content=\"Foire aux questions sur le CBD (FAQ) - Natureight\" \/>\n<meta property=\"og:description\" content=\"D\u00e9couvrez les r\u00e9ponses \u00e0 vos questions concernant le CBD : Quel produit au CBD choisir ?comment l&#039;utiliser ? Comment acheter du CBD en France ?\" \/>\n<meta property=\"og:url\" content=\"https:\/\/natureight.com\/fr\/faq\/\" \/>\n<meta property=\"og:site_name\" content=\"Natureight\" \/>\n<meta property=\"article:publisher\" content=\"https:\/\/www.facebook.com\/natureight\/\" \/>\n<meta property=\"article:modified_time\" content=\"2021-06-01T09:32:11+00:00\" \/>\n<meta name=\"twitter:card\" content=\"summary_large_image\" \/>\n<meta name=\"twitter:site\" content=\"@natureight\" \/>\n<meta name=\"twitter:label1\" content=\"Dur\u00e9e de lecture estim\u00e9e\" \/>\n\t<meta name=\"twitter:data1\" content=\"10 minutes\" \/>\n<script type=\"application\/ld+json\" class=\"yoast-schema-graph\">{\"@context\":\"https:\/\/schema.org\",\"@graph\":[{\"@type\":\"WebPage\",\"@id\":\"https:\/\/natureight.com\/fr\/faq\/\",\"url\":\"https:\/\/natureight.com\/fr\/faq\/\",\"name\":\"Foire aux questions sur le CBD (FAQ) - Natureight\",\"isPartOf\":{\"@id\":\"https:\/\/natureight.com\/fr\/#website\"},\"datePublished\":\"2018-05-21T18:21:40+00:00\",\"dateModified\":\"2021-06-01T09:32:11+00:00\",\"description\":\"D\u00e9couvrez les r\u00e9ponses \u00e0 vos questions concernant le CBD : Quel produit au CBD choisir ?comment l'utiliser ? Comment acheter du CBD en France ?\",\"breadcrumb\":{\"@id\":\"https:\/\/natureight.com\/fr\/faq\/#breadcrumb\"},\"inLanguage\":\"fr-FR\",\"potentialAction\":[{\"@type\":\"ReadAction\",\"target\":[\"https:\/\/natureight.com\/fr\/faq\/\"]}]},{\"@type\":\"BreadcrumbList\",\"@id\":\"https:\/\/natureight.com\/fr\/faq\/#breadcrumb\",\"itemListElement\":[{\"@type\":\"ListItem\",\"position\":1,\"name\":\"Inicio\",\"item\":\"https:\/\/natureight.com\/fr\/\"},{\"@type\":\"ListItem\",\"position\":2,\"name\":\"FAQ sur le CBD\"}]},{\"@type\":\"WebSite\",\"@id\":\"https:\/\/natureight.com\/fr\/#website\",\"url\":\"https:\/\/natureight.com\/fr\/\",\"name\":\"Natureight\",\"description\":\"Natureight ofrece una amplia gama de complementos alimenticios elaborados con CBD y extractos de plantas\",\"publisher\":{\"@id\":\"https:\/\/natureight.com\/fr\/#organization\"},\"potentialAction\":[{\"@type\":\"SearchAction\",\"target\":{\"@type\":\"EntryPoint\",\"urlTemplate\":\"https:\/\/natureight.com\/fr\/?s={search_term_string}\"},\"query-input\":{\"@type\":\"PropertyValueSpecification\",\"valueRequired\":true,\"valueName\":\"search_term_string\"}}],\"inLanguage\":\"fr-FR\"},{\"@type\":\"Organization\",\"@id\":\"https:\/\/natureight.com\/fr\/#organization\",\"name\":\"Natureight\",\"url\":\"https:\/\/natureight.com\/fr\/\",\"logo\":{\"@type\":\"ImageObject\",\"inLanguage\":\"fr-FR\",\"@id\":\"https:\/\/natureight.com\/fr\/#\/schema\/logo\/image\/\",\"url\":\"https:\/\/natureight.com\/wp-content\/uploads\/2023\/08\/logo-natureight-fin.png\",\"contentUrl\":\"https:\/\/natureight.com\/wp-content\/uploads\/2023\/08\/logo-natureight-fin.png\",\"width\":1060,\"height\":248,\"caption\":\"Natureight\"},\"image\":{\"@id\":\"https:\/\/natureight.com\/fr\/#\/schema\/logo\/image\/\"},\"sameAs\":[\"https:\/\/www.facebook.com\/natureight\/\",\"https:\/\/x.com\/natureight\",\"https:\/\/www.instagram.com\/natureight_en\/\",\"https:\/\/www.linkedin.com\/company\/27155561\/admin\/\",\"https:\/\/www.youtube.com\/channel\/UCBRRvf6PCPG1C1EqJb6lPkw\"]}]}<\/script>\n<!-- \/ Yoast SEO plugin. -->","yoast_head_json":{"title":"Foire aux questions sur le CBD (FAQ) - Natureight","description":"D\u00e9couvrez les r\u00e9ponses \u00e0 vos questions concernant le CBD : Quel produit au CBD choisir ?comment l'utiliser ? Comment acheter du CBD en France ?","robots":{"index":"index","follow":"follow","max-snippet":"max-snippet:-1","max-image-preview":"max-image-preview:large","max-video-preview":"max-video-preview:-1"},"canonical":"https:\/\/natureight.com\/fr\/faq\/","og_locale":"fr_FR","og_type":"article","og_title":"Foire aux questions sur le CBD (FAQ) - Natureight","og_description":"D\u00e9couvrez les r\u00e9ponses \u00e0 vos questions concernant le CBD : Quel produit au CBD choisir ?comment l'utiliser ? Comment acheter du CBD en France ?","og_url":"https:\/\/natureight.com\/fr\/faq\/","og_site_name":"Natureight","article_publisher":"https:\/\/www.facebook.com\/natureight\/","article_modified_time":"2021-06-01T09:32:11+00:00","twitter_card":"summary_large_image","twitter_site":"@natureight","twitter_misc":{"Dur\u00e9e de lecture estim\u00e9e":"10 minutes"},"schema":{"@context":"https:\/\/schema.org","@graph":[{"@type":"WebPage","@id":"https:\/\/natureight.com\/fr\/faq\/","url":"https:\/\/natureight.com\/fr\/faq\/","name":"Foire aux questions sur le CBD (FAQ) - Natureight","isPartOf":{"@id":"https:\/\/natureight.com\/fr\/#website"},"datePublished":"2018-05-21T18:21:40+00:00","dateModified":"2021-06-01T09:32:11+00:00","description":"D\u00e9couvrez les r\u00e9ponses \u00e0 vos questions concernant le CBD : Quel produit au CBD choisir ?comment l'utiliser ? Comment acheter du CBD en France ?","breadcrumb":{"@id":"https:\/\/natureight.com\/fr\/faq\/#breadcrumb"},"inLanguage":"fr-FR","potentialAction":[{"@type":"ReadAction","target":["https:\/\/natureight.com\/fr\/faq\/"]}]},{"@type":"BreadcrumbList","@id":"https:\/\/natureight.com\/fr\/faq\/#breadcrumb","itemListElement":[{"@type":"ListItem","position":1,"name":"Inicio","item":"https:\/\/natureight.com\/fr\/"},{"@type":"ListItem","position":2,"name":"FAQ sur le CBD"}]},{"@type":"WebSite","@id":"https:\/\/natureight.com\/fr\/#website","url":"https:\/\/natureight.com\/fr\/","name":"Natureight","description":"Natureight ofrece una amplia gama de complementos alimenticios elaborados con CBD y extractos de plantas","publisher":{"@id":"https:\/\/natureight.com\/fr\/#organization"},"potentialAction":[{"@type":"SearchAction","target":{"@type":"EntryPoint","urlTemplate":"https:\/\/natureight.com\/fr\/?s={search_term_string}"},"query-input":{"@type":"PropertyValueSpecification","valueRequired":true,"valueName":"search_term_string"}}],"inLanguage":"fr-FR"},{"@type":"Organization","@id":"https:\/\/natureight.com\/fr\/#organization","name":"Natureight","url":"https:\/\/natureight.com\/fr\/","logo":{"@type":"ImageObject","inLanguage":"fr-FR","@id":"https:\/\/natureight.com\/fr\/#\/schema\/logo\/image\/","url":"https:\/\/natureight.com\/wp-content\/uploads\/2023\/08\/logo-natureight-fin.png","contentUrl":"https:\/\/natureight.com\/wp-content\/uploads\/2023\/08\/logo-natureight-fin.png","width":1060,"height":248,"caption":"Natureight"},"image":{"@id":"https:\/\/natureight.com\/fr\/#\/schema\/logo\/image\/"},"sameAs":["https:\/\/www.facebook.com\/natureight\/","https:\/\/x.com\/natureight","https:\/\/www.instagram.com\/natureight_en\/","https:\/\/www.linkedin.com\/company\/27155561\/admin\/","https:\/\/www.youtube.com\/channel\/UCBRRvf6PCPG1C1EqJb6lPkw"]}]}},"jetpack_sharing_enabled":true,"publishpress_future_action":{"enabled":false,"date":"2026-05-01 21:23:12","action":"change-status","newStatus":"draft","terms":[],"taxonomy":"translation_priority"},"publishpress_future_workflow_manual_trigger":{"enabledWorkflows":[]},"_links":{"self":[{"href":"https:\/\/natureight.com\/fr\/wp-json\/wp\/v2\/pages\/478","targetHints":{"allow":["GET"]}}],"collection":[{"href":"https:\/\/natureight.com\/fr\/wp-json\/wp\/v2\/pages"}],"about":[{"href":"https:\/\/natureight.com\/fr\/wp-json\/wp\/v2\/types\/page"}],"author":[{"embeddable":true,"href":"https:\/\/natureight.com\/fr\/wp-json\/wp\/v2\/users\/363"}],"replies":[{"embeddable":true,"href":"https:\/\/natureight.com\/fr\/wp-json\/wp\/v2\/comments?post=478"}],"version-history":[{"count":6,"href":"https:\/\/natureight.com\/fr\/wp-json\/wp\/v2\/pages\/478\/revisions"}],"predecessor-version":[{"id":10787,"href":"https:\/\/natureight.com\/fr\/wp-json\/wp\/v2\/pages\/478\/revisions\/10787"}],"wp:attachment":[{"href":"https:\/\/natureight.com\/fr\/wp-json\/wp\/v2\/media?parent=478"}],"curies":[{"name":"wp","href":"https:\/\/api.w.org\/{rel}","templated":true}]}}