{"id":463,"date":"2018-05-21T18:04:23","date_gmt":"2018-05-21T18:04:23","guid":{"rendered":"http:\/\/natureight.yourtestingweb.com\/mentions-legales\/"},"modified":"2025-02-27T15:23:48","modified_gmt":"2025-02-27T14:23:48","slug":"mentions-legales","status":"publish","type":"page","link":"https:\/\/natureight.com\/fr\/mentions-legales\/","title":{"rendered":"Mentions l\u00e9gales"},"content":{"rendered":"\t\t<div data-elementor-type=\"wp-page\" data-elementor-id=\"463\" class=\"elementor elementor-463 elementor-214\" data-elementor-post-type=\"page\">\n\t\t\t\t\t\t<section class=\"elementor-section elementor-top-section elementor-element elementor-element-1c89595f elementor-section-boxed elementor-section-height-default elementor-section-height-default\" data-id=\"1c89595f\" data-element_type=\"section\">\n\t\t\t\t\t\t<div class=\"elementor-container elementor-column-gap-default\">\n\t\t\t\t\t<div class=\"elementor-column elementor-col-100 elementor-top-column elementor-element elementor-element-1dcf2026\" data-id=\"1dcf2026\" data-element_type=\"column\">\n\t\t\t<div class=\"elementor-widget-wrap elementor-element-populated\">\n\t\t\t\t\t\t<div class=\"elementor-element elementor-element-14fc19db elementor-widget elementor-widget-text-editor\" data-id=\"14fc19db\" data-element_type=\"widget\" data-widget_type=\"text-editor.default\">\n\t\t\t\t<div class=\"elementor-widget-container\">\n\t\t\t\t\t\t\t\t\t<h3><strong>Informations g\u00e9n\u00e9rales<\/strong><\/h3>\n<p>Les pr\u00e9sents avis et informations l\u00e9gales (Mention l\u00e9gales) r\u00e9gissent l\u2019utilisation du portail Internet \u00ab&nbsp;www.natureight.com&nbsp;\u00bb (ci-apr\u00e8s d\u00e9nomm\u00e9 le \u00ab\u00a0<strong>Portail\u00a0\u00bb<\/strong>).<\/p>\n<p>Nous vous conseillons de lire attentivement les pr\u00e9sentes Conditions avant de commencer \u00e0 utiliser le Portail.<\/p>\n<p>Conform\u00e9ment \u00e0 la loi sur les services de la soci\u00e9t\u00e9 d&rsquo;information et du commerce \u00e9l\u00e9ctronique, les donn\u00e9es d\u2019information g\u00e9n\u00e9rales relatives \u00e0 ce site Web figurent ci-dessous&nbsp;:<\/p>\n<p><\/p>\n<ul>\n<li><strong>Titulaire&nbsp;:<\/strong> Omii<\/li>\n<li><strong>Adresse&nbsp;:<\/strong> 12 Boulevard Charles Moretti, 13014 Marseille, France<\/li>\n<li><b>Coordonn\u00e9es : <a href=\"mailto:hello@natureight.com\">hello@natureight.com<\/a><\/b><\/li>\n<li><b>VAT: FR58 939 638 768<\/b><\/li>\n<\/ul>\n<h3><strong>Protection des donn\u00e9es \u00e0 caract\u00e8re personnel \u2013 Politique de confidentialit\u00e9 de Omii<\/strong><\/h3>\n<p>Omii peut recueillir dans diff\u00e9rents formulaires du Portail des donn\u00e9es ou des informations personnelles des utilisateurs aux fins du stockage et\/ou d\u2019une utilisation en lien avec lesdits utilisateurs. Les donn\u00e9es fournies par les utilisateurs sont int\u00e9gr\u00e9es \u00e0 un fichier automatis\u00e9 appartenant \u00e0 Omii, entreprise situ\u00e9e \u00e0 12 Boulevard Charles Moretti, 13014 Marseille, France (ci-apr\u00e8s d\u00e9nomm\u00e9 le \u00ab <strong>Responsable du fichier<\/strong>&nbsp;\u00bb).<\/p>\n<p>Dans chacun des formulaires recueillant des donn\u00e9es \u00e0 caract\u00e8re personnel, le Responsable du fichier fournira \u00e0 l\u2019utilisateur des informations d\u00e9taill\u00e9es sur le traitement, la finalit\u00e9 et l\u2019utilisation de ses donn\u00e9es, sur le caract\u00e8re obligatoire ou facultatif de ses r\u00e9ponses, sur les cons\u00e9quences d\u2019un refus de r\u00e9pondre et, de mani\u00e8re g\u00e9n\u00e9rale, sur toutes les mentions requises par la l\u00e9gislation applicable en mati\u00e8re de protection des donn\u00e9es \u00e0 caract\u00e8re personnel.<\/p>\n<p>Le Responsable du fichier s\u2019engage \u00e0 traiter les donn\u00e9es \u00e0 caract\u00e8re personnel des utilisateurs conform\u00e9ment aux dispositions de la r\u00e9glementation applicable et, en particulier<\/p>\n<p>(i)&nbsp;&nbsp;&nbsp;&nbsp;&nbsp;&nbsp;&nbsp;&nbsp;&nbsp;&nbsp;&nbsp;&nbsp;\u00e0 traiter de mani\u00e8re confidentielle les donn\u00e9es \u00e0 caract\u00e8re personnel de l\u2019utilisateur auxquelles il a acc\u00e8s gr\u00e2ce \u00e0 la navigation de celui-ci sur le Portail. Toutefois, le Responsable du fichier pourra r\u00e9v\u00e9ler les donn\u00e9es \u00e0 caract\u00e8re personnel ainsi que toute autre information de l\u2019utilisateur \u00e0 la demande des autorit\u00e9s publiques dans le cadre de l\u2019exercice de leurs fonctions l\u00e9gitimes et conform\u00e9ment aux dispositions applicables&nbsp;;<\/p>\n<p>(ii)&nbsp;&nbsp;&nbsp;&nbsp;&nbsp;&nbsp;&nbsp;&nbsp;&nbsp;&nbsp;\u00e0 adopter les mesures de s\u00e9curit\u00e9 d\u2019ordre technique et organisationnel n\u00e9cessaires pour \u00e9viter l\u2019alt\u00e9ration, la perte et le traitement ou l\u2019acc\u00e8s non autoris\u00e9 auxdites donn\u00e9es. Sans pr\u00e9judice de ce qui pr\u00e9c\u00e8de, en raison des conditions de s\u00e9curit\u00e9 actuelles sur Internet, le Responsable du fichier ne peut pas garantir l\u2019utilisation illicite des informations des utilisateurs par des tiers.<\/p>\n<p><\/p>\n<p>Par cons\u00e9quent, le Responsable du fichier ne garantit et n\u2019assume aucune responsabilit\u00e9 pour les dommages et pr\u00e9judices, de quelque nature que ce soit, pouvant r\u00e9sulter de l\u2019alt\u00e9ration, de la perte, du traitement, de l\u2019acc\u00e8s non autoris\u00e9 ou de l\u2019usage illicite des informations des utilisateurs par des tiers.<\/p>\n<p>L\u2019utilisateur s\u2019engage \u00e0 maintenir d\u00fbment \u00e0 jour les donn\u00e9es fournies au Responsable du fichier. L\u2019utilisateur sera responsable des dommages et pr\u00e9judices \u00e9ventuels subis par Omii et\/ou des tiers en cons\u00e9quence du manque de v\u00e9racit\u00e9, de l\u2019inexactitude, du manque de validit\u00e9 et d\u2019authenticit\u00e9 des donn\u00e9es fournies.<\/p>\n<p>L\u2019utilisateur pourra, \u00e0 tout moment, exercer son droit d\u2019acc\u00e8s, de rectification, d\u2019annulation ou d\u2019opposition au traitement de ses donn\u00e9es personnelles par le biais de la communication remise \u00e0 Omii, ou envoy\u00e9e \u00e0 <a href=\"mailto:hello@natureight.com\">hello@natureight.com<\/a>.<\/p>\t\t\t\t\t\t\t\t<\/div>\n\t\t\t\t<\/div>\n\t\t\t\t\t<\/div>\n\t\t<\/div>\n\t\t\t\t\t<\/div>\n\t\t<\/section>\n\t\t\t\t<\/div>\n\t\t","protected":false},"excerpt":{"rendered":"<p>Informations g\u00e9n\u00e9rales Les pr\u00e9sents avis et informations l\u00e9gales (Mention l\u00e9gales) r\u00e9gissent l\u2019utilisation du portail Internet \u00ab&nbsp;www.natureight.com&nbsp;\u00bb (ci-apr\u00e8s d\u00e9nomm\u00e9 le \u00ab\u00a0Portail\u00a0\u00bb). Nous vous conseillons de lire attentivement les pr\u00e9sentes Conditions avant de commencer \u00e0 utiliser le Portail. Conform\u00e9ment \u00e0 la loi sur les services de la soci\u00e9t\u00e9 d&rsquo;information et du commerce \u00e9l\u00e9ctronique, les donn\u00e9es d\u2019information g\u00e9n\u00e9rales &#8230; <\/p>\n<p class=\"read-more-container\"><a title=\"Mentions l\u00e9gales\" class=\"read-more button\" href=\"https:\/\/natureight.com\/fr\/mentions-legales\/#more-463\" aria-label=\"En savoir plus sur Mentions l\u00e9gales\">Lire la suite<\/a><\/p>\n","protected":false},"author":363,"featured_media":0,"parent":0,"menu_order":0,"comment_status":"closed","ping_status":"closed","template":"","meta":{"generate_page_header":"","footnotes":""},"class_list":["post-463","page","type-page","status-publish"],"yoast_head":"<!-- This site is optimized with the Yoast SEO plugin v25.4 - https:\/\/yoast.com\/wordpress\/plugins\/seo\/ -->\n<title>Mentions l\u00e9gales - Natureight<\/title>\n<meta name=\"robots\" content=\"noindex, follow\" \/>\n<meta property=\"og:locale\" content=\"fr_FR\" \/>\n<meta property=\"og:type\" content=\"article\" \/>\n<meta property=\"og:title\" content=\"Mentions l\u00e9gales - Natureight\" \/>\n<meta property=\"og:description\" content=\"Informations g\u00e9n\u00e9rales Les pr\u00e9sents avis et informations l\u00e9gales (Mention l\u00e9gales) r\u00e9gissent l\u2019utilisation du portail Internet \u00ab&nbsp;www.natureight.com&nbsp;\u00bb (ci-apr\u00e8s d\u00e9nomm\u00e9 le \u00ab\u00a0Portail\u00a0\u00bb). Nous vous conseillons de lire attentivement les pr\u00e9sentes Conditions avant de commencer \u00e0 utiliser le Portail. Conform\u00e9ment \u00e0 la loi sur les services de la soci\u00e9t\u00e9 d&rsquo;information et du commerce \u00e9l\u00e9ctronique, les donn\u00e9es d\u2019information g\u00e9n\u00e9rales ... Lire la suite\" \/>\n<meta property=\"og:url\" content=\"https:\/\/natureight.com\/fr\/mentions-legales\/\" \/>\n<meta property=\"og:site_name\" content=\"Natureight\" \/>\n<meta property=\"article:publisher\" content=\"https:\/\/www.facebook.com\/natureight\/\" \/>\n<meta property=\"article:modified_time\" content=\"2025-02-27T14:23:48+00:00\" \/>\n<meta name=\"twitter:card\" content=\"summary_large_image\" \/>\n<meta name=\"twitter:site\" content=\"@natureight\" \/>\n<meta name=\"twitter:label1\" content=\"Dur\u00e9e de lecture estim\u00e9e\" \/>\n\t<meta name=\"twitter:data1\" content=\"3 minutes\" \/>\n<script type=\"application\/ld+json\" class=\"yoast-schema-graph\">{\"@context\":\"https:\/\/schema.org\",\"@graph\":[{\"@type\":\"WebPage\",\"@id\":\"https:\/\/natureight.com\/fr\/mentions-legales\/\",\"url\":\"https:\/\/natureight.com\/fr\/mentions-legales\/\",\"name\":\"Mentions l\u00e9gales - Natureight\",\"isPartOf\":{\"@id\":\"https:\/\/natureight.com\/fr\/#website\"},\"datePublished\":\"2018-05-21T18:04:23+00:00\",\"dateModified\":\"2025-02-27T14:23:48+00:00\",\"breadcrumb\":{\"@id\":\"https:\/\/natureight.com\/fr\/mentions-legales\/#breadcrumb\"},\"inLanguage\":\"fr-FR\",\"potentialAction\":[{\"@type\":\"ReadAction\",\"target\":[\"https:\/\/natureight.com\/fr\/mentions-legales\/\"]}]},{\"@type\":\"BreadcrumbList\",\"@id\":\"https:\/\/natureight.com\/fr\/mentions-legales\/#breadcrumb\",\"itemListElement\":[{\"@type\":\"ListItem\",\"position\":1,\"name\":\"Inicio\",\"item\":\"https:\/\/natureight.com\/fr\/\"},{\"@type\":\"ListItem\",\"position\":2,\"name\":\"Mentions l\u00e9gales\"}]},{\"@type\":\"WebSite\",\"@id\":\"https:\/\/natureight.com\/fr\/#website\",\"url\":\"https:\/\/natureight.com\/fr\/\",\"name\":\"Natureight\",\"description\":\"Natureight ofrece una amplia gama de complementos alimenticios elaborados con CBD y extractos de plantas\",\"publisher\":{\"@id\":\"https:\/\/natureight.com\/fr\/#organization\"},\"potentialAction\":[{\"@type\":\"SearchAction\",\"target\":{\"@type\":\"EntryPoint\",\"urlTemplate\":\"https:\/\/natureight.com\/fr\/?s={search_term_string}\"},\"query-input\":{\"@type\":\"PropertyValueSpecification\",\"valueRequired\":true,\"valueName\":\"search_term_string\"}}],\"inLanguage\":\"fr-FR\"},{\"@type\":\"Organization\",\"@id\":\"https:\/\/natureight.com\/fr\/#organization\",\"name\":\"Natureight\",\"url\":\"https:\/\/natureight.com\/fr\/\",\"logo\":{\"@type\":\"ImageObject\",\"inLanguage\":\"fr-FR\",\"@id\":\"https:\/\/natureight.com\/fr\/#\/schema\/logo\/image\/\",\"url\":\"https:\/\/natureight.com\/wp-content\/uploads\/2023\/08\/logo-natureight-fin.png\",\"contentUrl\":\"https:\/\/natureight.com\/wp-content\/uploads\/2023\/08\/logo-natureight-fin.png\",\"width\":1060,\"height\":248,\"caption\":\"Natureight\"},\"image\":{\"@id\":\"https:\/\/natureight.com\/fr\/#\/schema\/logo\/image\/\"},\"sameAs\":[\"https:\/\/www.facebook.com\/natureight\/\",\"https:\/\/x.com\/natureight\",\"https:\/\/www.instagram.com\/natureight_en\/\",\"https:\/\/www.linkedin.com\/company\/27155561\/admin\/\",\"https:\/\/www.youtube.com\/channel\/UCBRRvf6PCPG1C1EqJb6lPkw\"]}]}<\/script>\n<!-- \/ Yoast SEO plugin. -->","yoast_head_json":{"title":"Mentions l\u00e9gales - Natureight","robots":{"index":"noindex","follow":"follow"},"og_locale":"fr_FR","og_type":"article","og_title":"Mentions l\u00e9gales - Natureight","og_description":"Informations g\u00e9n\u00e9rales Les pr\u00e9sents avis et informations l\u00e9gales (Mention l\u00e9gales) r\u00e9gissent l\u2019utilisation du portail Internet \u00ab&nbsp;www.natureight.com&nbsp;\u00bb (ci-apr\u00e8s d\u00e9nomm\u00e9 le \u00ab\u00a0Portail\u00a0\u00bb). Nous vous conseillons de lire attentivement les pr\u00e9sentes Conditions avant de commencer \u00e0 utiliser le Portail. Conform\u00e9ment \u00e0 la loi sur les services de la soci\u00e9t\u00e9 d&rsquo;information et du commerce \u00e9l\u00e9ctronique, les donn\u00e9es d\u2019information g\u00e9n\u00e9rales ... Lire la suite","og_url":"https:\/\/natureight.com\/fr\/mentions-legales\/","og_site_name":"Natureight","article_publisher":"https:\/\/www.facebook.com\/natureight\/","article_modified_time":"2025-02-27T14:23:48+00:00","twitter_card":"summary_large_image","twitter_site":"@natureight","twitter_misc":{"Dur\u00e9e de lecture estim\u00e9e":"3 minutes"},"schema":{"@context":"https:\/\/schema.org","@graph":[{"@type":"WebPage","@id":"https:\/\/natureight.com\/fr\/mentions-legales\/","url":"https:\/\/natureight.com\/fr\/mentions-legales\/","name":"Mentions l\u00e9gales - Natureight","isPartOf":{"@id":"https:\/\/natureight.com\/fr\/#website"},"datePublished":"2018-05-21T18:04:23+00:00","dateModified":"2025-02-27T14:23:48+00:00","breadcrumb":{"@id":"https:\/\/natureight.com\/fr\/mentions-legales\/#breadcrumb"},"inLanguage":"fr-FR","potentialAction":[{"@type":"ReadAction","target":["https:\/\/natureight.com\/fr\/mentions-legales\/"]}]},{"@type":"BreadcrumbList","@id":"https:\/\/natureight.com\/fr\/mentions-legales\/#breadcrumb","itemListElement":[{"@type":"ListItem","position":1,"name":"Inicio","item":"https:\/\/natureight.com\/fr\/"},{"@type":"ListItem","position":2,"name":"Mentions l\u00e9gales"}]},{"@type":"WebSite","@id":"https:\/\/natureight.com\/fr\/#website","url":"https:\/\/natureight.com\/fr\/","name":"Natureight","description":"Natureight ofrece una amplia gama de complementos alimenticios elaborados con CBD y extractos de plantas","publisher":{"@id":"https:\/\/natureight.com\/fr\/#organization"},"potentialAction":[{"@type":"SearchAction","target":{"@type":"EntryPoint","urlTemplate":"https:\/\/natureight.com\/fr\/?s={search_term_string}"},"query-input":{"@type":"PropertyValueSpecification","valueRequired":true,"valueName":"search_term_string"}}],"inLanguage":"fr-FR"},{"@type":"Organization","@id":"https:\/\/natureight.com\/fr\/#organization","name":"Natureight","url":"https:\/\/natureight.com\/fr\/","logo":{"@type":"ImageObject","inLanguage":"fr-FR","@id":"https:\/\/natureight.com\/fr\/#\/schema\/logo\/image\/","url":"https:\/\/natureight.com\/wp-content\/uploads\/2023\/08\/logo-natureight-fin.png","contentUrl":"https:\/\/natureight.com\/wp-content\/uploads\/2023\/08\/logo-natureight-fin.png","width":1060,"height":248,"caption":"Natureight"},"image":{"@id":"https:\/\/natureight.com\/fr\/#\/schema\/logo\/image\/"},"sameAs":["https:\/\/www.facebook.com\/natureight\/","https:\/\/x.com\/natureight","https:\/\/www.instagram.com\/natureight_en\/","https:\/\/www.linkedin.com\/company\/27155561\/admin\/","https:\/\/www.youtube.com\/channel\/UCBRRvf6PCPG1C1EqJb6lPkw"]}]}},"jetpack_sharing_enabled":true,"publishpress_future_action":{"enabled":false,"date":"2026-05-13 13:13:08","action":"change-status","newStatus":"draft","terms":[],"taxonomy":"translation_priority"},"publishpress_future_workflow_manual_trigger":{"enabledWorkflows":[]},"_links":{"self":[{"href":"https:\/\/natureight.com\/fr\/wp-json\/wp\/v2\/pages\/463","targetHints":{"allow":["GET"]}}],"collection":[{"href":"https:\/\/natureight.com\/fr\/wp-json\/wp\/v2\/pages"}],"about":[{"href":"https:\/\/natureight.com\/fr\/wp-json\/wp\/v2\/types\/page"}],"author":[{"embeddable":true,"href":"https:\/\/natureight.com\/fr\/wp-json\/wp\/v2\/users\/363"}],"replies":[{"embeddable":true,"href":"https:\/\/natureight.com\/fr\/wp-json\/wp\/v2\/comments?post=463"}],"version-history":[{"count":19,"href":"https:\/\/natureight.com\/fr\/wp-json\/wp\/v2\/pages\/463\/revisions"}],"predecessor-version":[{"id":15721,"href":"https:\/\/natureight.com\/fr\/wp-json\/wp\/v2\/pages\/463\/revisions\/15721"}],"wp:attachment":[{"href":"https:\/\/natureight.com\/fr\/wp-json\/wp\/v2\/media?parent=463"}],"curies":[{"name":"wp","href":"https:\/\/api.w.org\/{rel}","templated":true}]}}