{"id":459,"date":"2018-05-21T17:57:24","date_gmt":"2018-05-21T17:57:24","guid":{"rendered":"http:\/\/natureight.yourtestingweb.com\/a-propos-de-nous\/"},"modified":"2025-07-16T13:43:53","modified_gmt":"2025-07-16T12:43:53","slug":"a-propos-de-nous","status":"publish","type":"page","link":"https:\/\/natureight.com\/fr\/a-propos-de-nous\/","title":{"rendered":"NATUREIGHT : le CBD de la graine au produit fini"},"content":{"rendered":"<blockquote>\n<p style=\"text-align: center;\"><strong><em><span style=\"vertical-align: inherit;\"><span style=\"vertical-align: inherit;\">En d\u00e9ployant les secrets de rem\u00e8des ancestraux, nous nous effor\u00e7ons d&rsquo;aider la soci\u00e9t\u00e9 moderne \u00e0 jouer d&rsquo;une meilleure qualit\u00e9 de vie.<\/span><\/span><\/em><\/strong><\/p>\n<\/blockquote>\n<p>&nbsp;<\/p>\n<p><img fetchpriority=\"high\" decoding=\"async\" class=\"size-full wp-image-360 aligncenter\" src=\"https:\/\/natureight.com\/wp-content\/uploads\/2018\/05\/040-1024x683.jpg\" alt=\"\" width=\"1024\" height=\"683\" srcset=\"https:\/\/natureight.com\/wp-content\/uploads\/2018\/05\/040-1024x683.jpg 1024w, https:\/\/natureight.com\/wp-content\/uploads\/2018\/05\/040-1024x683-600x400.jpg 600w, https:\/\/natureight.com\/wp-content\/uploads\/2018\/05\/040-1024x683-300x200.jpg 300w, https:\/\/natureight.com\/wp-content\/uploads\/2018\/05\/040-1024x683-768x512.jpg 768w\" sizes=\"(max-width: 1024px) 100vw, 1024px\" \/><\/p>\n<p><a name=\"olivia\"><\/a><\/p>\n<p>&nbsp;<\/p>\n<p>&nbsp;<\/p>\n<h2><strong><span style=\"vertical-align: inherit;\"><span style=\"vertical-align: inherit;\">UNE GAMME VARI\u00c9E DE COMPL\u00c9MENTS ALIMENTAIRES<\/span><\/span><\/strong><\/h2>\n<p style=\"text-align: justify;\"><span style=\"vertical-align: inherit;\"><span style=\"vertical-align: inherit;\">Natureight propose une large gamme de compl\u00e9ments nutritionnels qui allient les vertus CBD et les plaques signal\u00e9tiques des cellules utilis\u00e9es depuis des mill\u00e9naires comme m\u00e9decine traditionelle et ancestrale.<\/span><\/span><\/p>\n<ul>\n<li style=\"text-align: justify;\"><span style=\"vertical-align: inherit;\"><span style=\"vertical-align: inherit;\">La gamme de Caps est con\u00e7ue pour des probl\u00e8mes cibl\u00e9s gr\u00e2ce \u00e0 l&rsquo;union de plusieurs extraits de plantes et une concentration de CBD de 10 mg par capsule.<\/span><\/span><\/li>\n<li style=\"text-align: justify;\"><span style=\"vertical-align: inherit;\"><span style=\"vertical-align: inherit;\">La gamme Elixirs, offre d&rsquo;huile de CBD qui associe des noms propres pour contribuer au maintien de l&rsquo;\u00e9quilibre de l&rsquo;organisme en d\u00e9ficit palliant.<\/span><\/span><\/li>\n<\/ul>\n<p style=\"text-align: justify;\"><span style=\"vertical-align: inherit;\"><span style=\"vertical-align: inherit;\">Natureight est engag\u00e9e dans une directive stricte pour la veste du processus de production, de l&rsquo;usine juste pour l&rsquo;\u00e9tat, afin de vous offrir les meilleurs produits de qualit\u00e9.<\/span><\/span><\/p>\n<h2><strong><span style=\"vertical-align: inherit;\"><span style=\"vertical-align: inherit;\">DES GRAINES CERTIFI\u00c9ES <\/span><\/span><\/strong><\/h2>\n<p style=\"text-align: justify;\"><span style=\"vertical-align: inherit;\"><span style=\"vertical-align: inherit;\">Les plans de chanvre utilis\u00e9s par Natureight pour des proc\u00e9d\u00e9s de production fournis par des graines certifi\u00e9es par la coop\u00e9rative fran\u00e7aise CCPSC Cela permet de garantir un taux de THC en dessous de 0,2%, en plus d&rsquo;offrir des phyto-cannabino\u00efdes de qualit\u00e9 sup\u00e9rieure aux consommateurs.<\/span><\/span><\/p>\n<h2><b><span style=\"vertical-align: inherit;\"><span style=\"vertical-align: inherit;\">LIMITE DE L&rsquo;EMPREINTE CARBONE <\/span><\/span><\/b><\/h2>\n<p style=\"text-align: justify;\"><span style=\"vertical-align: inherit;\"><span style=\"vertical-align: inherit;\">Natureight a \u00e9galement d\u00e9fini avec fermet\u00e9 les proc\u00e9d\u00e9s employ\u00e9s pour la culture des plantes de chanvres. <\/span><span style=\"vertical-align: inherit;\">Pour limiter au mieux l&rsquo;impact sur l&rsquo;environnement, voire pesticide, herbicide, hormone de croissance, engrais chimique ni additif n&rsquo;est utilis\u00e9.<\/span><\/span><\/p>\n<h2><strong><span style=\"vertical-align: inherit;\"><span style=\"vertical-align: inherit;\">UNE S\u00c9LECTION POUSS\u00c9E DES EXTRAITS DE PLANTES ET DES MATERIAUX<\/span><\/span><\/strong><\/h2>\n<p style=\"text-align: justify;\"><span style=\"vertical-align: inherit;\"><span style=\"vertical-align: inherit;\">Tous les extraits de plantes utilis\u00e9s par Natureight sont naturels et s\u00e9lectifs au regard de la qualit\u00e9 des produits dans l&rsquo;environnement global. <\/span><span style=\"vertical-align: inherit;\">Mais ne s&rsquo;arr\u00eate pas la, car la veste confectionn\u00e9e pour utiliser pendant le processus de fabrication est certifi\u00e9e \u00abFood Grade\u00bb, c&rsquo;est-\u00e0-dire que la mati\u00e8re ou le produit en question est adapt\u00e9 \u00e0 la consommation humaine.<\/span><\/span><\/p>\n<p style=\"text-align: justify;\"><span style=\"vertical-align: inherit;\"><span style=\"vertical-align: inherit;\">A l&rsquo;ext\u00e9rieur, les g\u00e9lules utilis\u00e9es pour la confection de notre gamme <\/span><\/span><a href=\"https:\/\/natureight.com\/fr\/categorie-produit\/capsules-cbd\/\"><span style=\"vertical-align: inherit;\"><span style=\"vertical-align: inherit;\">Caps<\/span><\/span><\/a><span style=\"vertical-align: inherit;\"><span style=\"vertical-align: inherit;\"> sont constitu\u00e9es \u00e0 100% de cellulose et contiennent \u00e9galement du lactose. <\/span><span style=\"vertical-align: inherit;\">Les produits Natureight sont parfaitement adapt\u00e9s au v\u00e9ganisme.<\/span><\/span><\/p>\n<h2><strong><span style=\"vertical-align: inherit;\"><span style=\"vertical-align: inherit;\">UN PROCESSUS D&rsquo;EXTRACTION AU CO2 SUPERCRITIQUE<\/span><\/span><\/strong><\/h2>\n<p style=\"text-align: justify;\"><span style=\"vertical-align: inherit;\"><span style=\"vertical-align: inherit;\">En extrayant le CBD de chanvre, il n&rsquo;utilise pas de proc\u00e9d\u00e9 d&rsquo;extraction au CO2 supercritique. <\/span><span style=\"vertical-align: inherit;\">A partir d&rsquo;\u00e9ventuelles temp\u00e9ratures d&rsquo;extraction pour s&rsquo;assurer que l&rsquo;assemblage des mol\u00e9cules b\u00e9n\u00e9fiques est pr\u00e9serv\u00e9, tout en maintenant l&rsquo;\u00e9quilibre biochimique de la plante. <\/span><span style=\"vertical-align: inherit;\">C&rsquo;est de loin la m\u00e9thode la plus sur et douce, ainsi que la plus respectueuse de l&rsquo;environnement.<\/span><\/span><\/p>\n<p style=\"text-align: justify;\"><span style=\"vertical-align: inherit;\"><span style=\"vertical-align: inherit;\">Contrairement aux m\u00e9thodes d&rsquo;extractions par le butane, qui sont b\u00e9n\u00e9fiques pour la consommation humaine et qui laissent un go\u00fbt d\u00e9sagr\u00e9able, le proc\u00e9d\u00e9 d&rsquo;extraction du CO2 supercritique permet d&rsquo;exclure la pr\u00e9sence de solvants dans les produits finaux.<\/span><\/span><\/p>\n<h2><strong><span style=\"vertical-align: inherit;\"><span style=\"vertical-align: inherit;\">LA D\u00c9CARBOXYLATION \u00abA FROID\u00bb<\/span><\/span><\/strong><\/h2>\n<p style=\"text-align: justify;\"><span style=\"vertical-align: inherit;\"><span style=\"vertical-align: inherit;\">Lors de sa croissance, le chanvre se produit pour un processus de photosynth\u00e8se: Le CO2 est absorb\u00e9 et il est combin\u00e9 avec l&rsquo;hydrog\u00e8ne contenu dans la plante pour cr\u00e9er l&rsquo;acide carboxylique. <\/span><span style=\"vertical-align: inherit;\">Ce processus est connu sous le nom de carboxylation. <\/span><span style=\"vertical-align: inherit;\">Le principal acide carboxylique int\u00e9ressant est le CBDA, le pr\u00e9curseur du CBD. <\/span><span style=\"vertical-align: inherit;\">Lorsque vous le plantez, il ne contient ni CBDA ni CBD. <\/span><span style=\"vertical-align: inherit;\">La d\u00e9carboxylation est une r\u00e9action chimique dans laquelle le groupement carboxyle COOH est \u00e9limin\u00e9, sous la forme d&rsquo;une hydrog\u00e9nation de H2O et CO2 (eau et dioxyde de carbone).<\/span><\/span><\/p>\n<p style=\"text-align: justify;\"><span style=\"vertical-align: inherit;\"><span style=\"vertical-align: inherit;\">Pour faire simple, la d\u00e9carboxylation est le processus qui consiste \u00e0 chauffer le chanvre pour activer le CBD et les autres cannabino\u00efdes. <\/span><span style=\"vertical-align: inherit;\">Cependant, Natureight utilise un proc\u00e9d\u00e9 de d\u00e9carboxylation \u00e0 60 degr\u00e9s seulement, affin de r\u00e9duire toute d\u00e9gradation des mol\u00e9cules contenues dans l&rsquo;extrait.<\/span><\/span><\/p>\n<p style=\"text-align: justify;\"><span style=\"vertical-align: inherit;\"><span style=\"vertical-align: inherit;\">Comme les autres cannabino\u00efdes, la CBDA n&rsquo;a pas d&rsquo;effet psychoactif et joue son r\u00f4le dans l&rsquo;entourage de l&rsquo;Effet. <\/span><span style=\"vertical-align: inherit;\">Auparavant consid\u00e9r\u00e9s comme inactifs, plusieurs <\/span><\/span><a href=\"https:\/\/natureight.com\/fr\/#cbda\"><em><u><span style=\"vertical-align: inherit;\"><span style=\"vertical-align: inherit;\">\u00e9tudes r\u00e9centes<\/span><\/span><\/u><\/em><\/a><span style=\"vertical-align: inherit;\"><span style=\"vertical-align: inherit;\"> ont examin\u00e9 les avantages potentiels du CBDA et l&rsquo;avoir d\u00e9couvert, parmi les autres propri\u00e9t\u00e9s anti-inflammatoires et anti-prolif\u00e9rants.<\/span><\/span><\/p>\n<h2><strong><span style=\"vertical-align: inherit;\"><span style=\"vertical-align: inherit;\">DES EXTRAITS DE CHANVRE A SPECTRE COMPLET<\/span><\/span><\/strong><\/h2>\n<p style=\"text-align: justify;\"><span style=\"vertical-align: inherit;\"><span style=\"vertical-align: inherit;\">Pour l\u2019\u00e9laboration de ses compl\u00e9ments alimentaires, Natureight choisit de travailler avec des extraits \u00e0 spectre complet de la planta de chanvre. <\/span><span style=\"vertical-align: inherit;\">En effet, les autres principes actifs de la plante am\u00e9liorent les effets th\u00e9rapeutiques du CBD.<\/span><\/span><\/p>\n<p style=\"text-align: justify;\"><span style=\"vertical-align: inherit;\"><span style=\"vertical-align: inherit;\">Un extrait \u00e0 spectre complet contenant du CBD est incomparablement plus efficace que l&rsquo;isolat de CBD (cristal de CBD) et permet au b\u00e9n\u00e9fice de tous les bienfaits de cette plante d&rsquo;\u00eatre utilis\u00e9 dans la m\u00e9decine des milliers d&rsquo;ann\u00e9es.<\/span><\/span><\/p>\n<h2><strong><span style=\"vertical-align: inherit;\"><span style=\"vertical-align: inherit;\">TEST\u00c9 ET CONTR\u00d4L\u00c8 AU LABORATOIRE<\/span><\/span><\/strong><\/h2>\n<p style=\"text-align: justify;\"><span style=\"vertical-align: inherit;\"><span style=\"vertical-align: inherit;\">Tous les extraits de chanvre utilis\u00e9s par Natureight sont test\u00e9s par un laboratoire tiers. <\/span><span style=\"vertical-align: inherit;\">Il s&rsquo;agit de contr\u00f4ler les concentrations en cannabino\u00efdes, terp\u00e8nes, flavono\u00efdes, etc. <\/span><span style=\"vertical-align: inherit;\">Garantir des produits de haute qualit\u00e9 et en accord avec la r\u00e9glementation europ\u00e9enne.<\/span><\/span><\/p>\n<p style=\"text-align: justify;\"><span style=\"vertical-align: inherit;\"><span style=\"vertical-align: inherit;\">Natureight a la certification HACCP, un outil de gestion des risques internationalement reconnu qui permet une gestion optimale et responsable des probl\u00e8mes de s\u00e9curit\u00e9 alimentaire.<\/span><\/span><\/p>\n<h2><strong><span style=\"vertical-align: inherit;\"><span style=\"vertical-align: inherit;\">CLIENTS AM\u00c9RICAINS, NOTRE PRIORIT\u00c9<\/span><\/span><\/strong><\/h2>\n<p style=\"text-align: justify;\"><span style=\"vertical-align: inherit;\"><span style=\"vertical-align: inherit;\">Natureight s&rsquo;impose des mesures strictes lorsqu&rsquo;il s&rsquo;agit de fournir un service client adapt\u00e9 \u00e0 vos besoins. <\/span><span style=\"vertical-align: inherit;\">Il est extr\u00eamement important, pour nous, de prendre en consid\u00e9ration vos commentaires afin de lire les mesures appropri\u00e9es pour d\u00e9velopper la qualit\u00e9 de nos services ainsi que de nos produits.<\/span><\/span><\/p>\n<p style=\"text-align: justify;\"><span style=\"vertical-align: inherit;\"><span style=\"vertical-align: inherit;\">Cette question et cette note seront d\u00fbment \u00e9tudi\u00e9es et trait\u00e9es dans les plus brefs d\u00e9lais. <\/span><span style=\"vertical-align: inherit;\">Pour, vous pouvez facilement remplir notre formulaire de contact <\/span><\/span><a href=\"https:\/\/natureight.com\/fr\/contact-us\/\"><strong><em><u><span style=\"vertical-align: inherit;\"><span style=\"vertical-align: inherit;\">ici<\/span><\/span><\/u><\/em><\/strong><\/a><span style=\"vertical-align: inherit;\"><span style=\"vertical-align: inherit;\"> .<\/span><\/span><\/p>\n<p>&nbsp;<\/p>\n<p>&nbsp;<\/p>\n<p>&nbsp;<\/p>\n<p>&nbsp;<\/p>\n<p>&nbsp;<\/p>\n<p>&nbsp;<\/p>\n","protected":false},"excerpt":{"rendered":"<p>En d\u00e9ployant les secrets de rem\u00e8des ancestraux, nous nous effor\u00e7ons d&rsquo;aider la soci\u00e9t\u00e9 moderne \u00e0 jouer d&rsquo;une meilleure qualit\u00e9 de vie. &nbsp; &nbsp; &nbsp; UNE GAMME VARI\u00c9E DE COMPL\u00c9MENTS ALIMENTAIRES Natureight propose une large gamme de compl\u00e9ments nutritionnels qui allient les vertus CBD et les plaques signal\u00e9tiques des cellules utilis\u00e9es depuis des mill\u00e9naires comme m\u00e9decine &#8230; <\/p>\n<p class=\"read-more-container\"><a title=\"NATUREIGHT : le CBD de la graine au produit fini\" class=\"read-more button\" href=\"https:\/\/natureight.com\/fr\/a-propos-de-nous\/#more-459\" aria-label=\"En savoir plus sur NATUREIGHT : le CBD de la graine au produit fini\">Lire la suite<\/a><\/p>\n","protected":false},"author":363,"featured_media":0,"parent":0,"menu_order":0,"comment_status":"closed","ping_status":"closed","template":"","meta":{"generate_page_header":"","footnotes":""},"class_list":["post-459","page","type-page","status-publish"],"yoast_head":"<!-- This site is optimized with the Yoast SEO plugin v25.4 - https:\/\/yoast.com\/wordpress\/plugins\/seo\/ -->\n<title>Compl\u00e9ment alimentaire aliant CBD et vertues des plantes. Natureight<\/title>\n<meta name=\"description\" content=\"Natureight offre une large gamme de compl\u00e9ments alimentaires qui allie les vertues du CBD et celles de nombreuses plantes utilis\u00e9es depuis des mill\u00e9naires comme m\u00e9decine traditionelle et ancestrale.\" \/>\n<meta name=\"robots\" content=\"index, follow, max-snippet:-1, max-image-preview:large, max-video-preview:-1\" \/>\n<link rel=\"canonical\" href=\"https:\/\/natureight.com\/fr\/a-propos-de-nous\/\" \/>\n<meta property=\"og:locale\" content=\"fr_FR\" \/>\n<meta property=\"og:type\" content=\"article\" \/>\n<meta property=\"og:title\" content=\"Compl\u00e9ment alimentaire aliant CBD et vertues des plantes. Natureight\" \/>\n<meta property=\"og:description\" content=\"Natureight offre une large gamme de compl\u00e9ments alimentaires qui allie les vertues du CBD et celles de nombreuses plantes utilis\u00e9es depuis des mill\u00e9naires comme m\u00e9decine traditionelle et ancestrale.\" \/>\n<meta property=\"og:url\" content=\"https:\/\/natureight.com\/fr\/a-propos-de-nous\/\" \/>\n<meta property=\"og:site_name\" content=\"Natureight\" \/>\n<meta property=\"article:publisher\" content=\"https:\/\/www.facebook.com\/natureight\/\" \/>\n<meta property=\"article:modified_time\" content=\"2025-07-16T12:43:53+00:00\" \/>\n<meta property=\"og:image\" content=\"https:\/\/natureight.com\/wp-content\/uploads\/2018\/05\/040-1024x683.jpg\" \/>\n\t<meta property=\"og:image:width\" content=\"1024\" \/>\n\t<meta property=\"og:image:height\" content=\"683\" \/>\n\t<meta property=\"og:image:type\" content=\"image\/jpeg\" \/>\n<meta name=\"twitter:card\" content=\"summary_large_image\" \/>\n<meta name=\"twitter:site\" content=\"@natureight\" \/>\n<meta name=\"twitter:label1\" content=\"Dur\u00e9e de lecture estim\u00e9e\" \/>\n\t<meta name=\"twitter:data1\" content=\"5 minutes\" \/>\n<script type=\"application\/ld+json\" class=\"yoast-schema-graph\">{\"@context\":\"https:\/\/schema.org\",\"@graph\":[{\"@type\":\"WebPage\",\"@id\":\"https:\/\/natureight.com\/fr\/a-propos-de-nous\/\",\"url\":\"https:\/\/natureight.com\/fr\/a-propos-de-nous\/\",\"name\":\"Compl\u00e9ment alimentaire aliant CBD et vertues des plantes. Natureight\",\"isPartOf\":{\"@id\":\"https:\/\/natureight.com\/fr\/#website\"},\"primaryImageOfPage\":{\"@id\":\"https:\/\/natureight.com\/fr\/a-propos-de-nous\/#primaryimage\"},\"image\":{\"@id\":\"https:\/\/natureight.com\/fr\/a-propos-de-nous\/#primaryimage\"},\"thumbnailUrl\":\"https:\/\/natureight.com\/wp-content\/uploads\/2018\/05\/040-1024x683.jpg\",\"datePublished\":\"2018-05-21T17:57:24+00:00\",\"dateModified\":\"2025-07-16T12:43:53+00:00\",\"description\":\"Natureight offre une large gamme de compl\u00e9ments alimentaires qui allie les vertues du CBD et celles de nombreuses plantes utilis\u00e9es depuis des mill\u00e9naires comme m\u00e9decine traditionelle et ancestrale.\",\"breadcrumb\":{\"@id\":\"https:\/\/natureight.com\/fr\/a-propos-de-nous\/#breadcrumb\"},\"inLanguage\":\"fr-FR\",\"potentialAction\":[{\"@type\":\"ReadAction\",\"target\":[\"https:\/\/natureight.com\/fr\/a-propos-de-nous\/\"]}]},{\"@type\":\"ImageObject\",\"inLanguage\":\"fr-FR\",\"@id\":\"https:\/\/natureight.com\/fr\/a-propos-de-nous\/#primaryimage\",\"url\":\"https:\/\/natureight.com\/wp-content\/uploads\/2018\/05\/040-1024x683.jpg\",\"contentUrl\":\"https:\/\/natureight.com\/wp-content\/uploads\/2018\/05\/040-1024x683.jpg\"},{\"@type\":\"BreadcrumbList\",\"@id\":\"https:\/\/natureight.com\/fr\/a-propos-de-nous\/#breadcrumb\",\"itemListElement\":[{\"@type\":\"ListItem\",\"position\":1,\"name\":\"Inicio\",\"item\":\"https:\/\/natureight.com\/fr\/\"},{\"@type\":\"ListItem\",\"position\":2,\"name\":\"NATUREIGHT : le CBD de la graine au produit fini\"}]},{\"@type\":\"WebSite\",\"@id\":\"https:\/\/natureight.com\/fr\/#website\",\"url\":\"https:\/\/natureight.com\/fr\/\",\"name\":\"Natureight\",\"description\":\"Natureight ofrece una amplia gama de complementos alimenticios elaborados con CBD y extractos de plantas\",\"publisher\":{\"@id\":\"https:\/\/natureight.com\/fr\/#organization\"},\"potentialAction\":[{\"@type\":\"SearchAction\",\"target\":{\"@type\":\"EntryPoint\",\"urlTemplate\":\"https:\/\/natureight.com\/fr\/?s={search_term_string}\"},\"query-input\":{\"@type\":\"PropertyValueSpecification\",\"valueRequired\":true,\"valueName\":\"search_term_string\"}}],\"inLanguage\":\"fr-FR\"},{\"@type\":\"Organization\",\"@id\":\"https:\/\/natureight.com\/fr\/#organization\",\"name\":\"Natureight\",\"url\":\"https:\/\/natureight.com\/fr\/\",\"logo\":{\"@type\":\"ImageObject\",\"inLanguage\":\"fr-FR\",\"@id\":\"https:\/\/natureight.com\/fr\/#\/schema\/logo\/image\/\",\"url\":\"https:\/\/natureight.com\/wp-content\/uploads\/2023\/08\/logo-natureight-fin.png\",\"contentUrl\":\"https:\/\/natureight.com\/wp-content\/uploads\/2023\/08\/logo-natureight-fin.png\",\"width\":1060,\"height\":248,\"caption\":\"Natureight\"},\"image\":{\"@id\":\"https:\/\/natureight.com\/fr\/#\/schema\/logo\/image\/\"},\"sameAs\":[\"https:\/\/www.facebook.com\/natureight\/\",\"https:\/\/x.com\/natureight\",\"https:\/\/www.instagram.com\/natureight_en\/\",\"https:\/\/www.linkedin.com\/company\/27155561\/admin\/\",\"https:\/\/www.youtube.com\/channel\/UCBRRvf6PCPG1C1EqJb6lPkw\"]}]}<\/script>\n<!-- \/ Yoast SEO plugin. -->","yoast_head_json":{"title":"Compl\u00e9ment alimentaire aliant CBD et vertues des plantes. Natureight","description":"Natureight offre une large gamme de compl\u00e9ments alimentaires qui allie les vertues du CBD et celles de nombreuses plantes utilis\u00e9es depuis des mill\u00e9naires comme m\u00e9decine traditionelle et ancestrale.","robots":{"index":"index","follow":"follow","max-snippet":"max-snippet:-1","max-image-preview":"max-image-preview:large","max-video-preview":"max-video-preview:-1"},"canonical":"https:\/\/natureight.com\/fr\/a-propos-de-nous\/","og_locale":"fr_FR","og_type":"article","og_title":"Compl\u00e9ment alimentaire aliant CBD et vertues des plantes. Natureight","og_description":"Natureight offre une large gamme de compl\u00e9ments alimentaires qui allie les vertues du CBD et celles de nombreuses plantes utilis\u00e9es depuis des mill\u00e9naires comme m\u00e9decine traditionelle et ancestrale.","og_url":"https:\/\/natureight.com\/fr\/a-propos-de-nous\/","og_site_name":"Natureight","article_publisher":"https:\/\/www.facebook.com\/natureight\/","article_modified_time":"2025-07-16T12:43:53+00:00","og_image":[{"width":1024,"height":683,"url":"https:\/\/natureight.com\/wp-content\/uploads\/2018\/05\/040-1024x683.jpg","type":"image\/jpeg"}],"twitter_card":"summary_large_image","twitter_site":"@natureight","twitter_misc":{"Dur\u00e9e de lecture estim\u00e9e":"5 minutes"},"schema":{"@context":"https:\/\/schema.org","@graph":[{"@type":"WebPage","@id":"https:\/\/natureight.com\/fr\/a-propos-de-nous\/","url":"https:\/\/natureight.com\/fr\/a-propos-de-nous\/","name":"Compl\u00e9ment alimentaire aliant CBD et vertues des plantes. Natureight","isPartOf":{"@id":"https:\/\/natureight.com\/fr\/#website"},"primaryImageOfPage":{"@id":"https:\/\/natureight.com\/fr\/a-propos-de-nous\/#primaryimage"},"image":{"@id":"https:\/\/natureight.com\/fr\/a-propos-de-nous\/#primaryimage"},"thumbnailUrl":"https:\/\/natureight.com\/wp-content\/uploads\/2018\/05\/040-1024x683.jpg","datePublished":"2018-05-21T17:57:24+00:00","dateModified":"2025-07-16T12:43:53+00:00","description":"Natureight offre une large gamme de compl\u00e9ments alimentaires qui allie les vertues du CBD et celles de nombreuses plantes utilis\u00e9es depuis des mill\u00e9naires comme m\u00e9decine traditionelle et ancestrale.","breadcrumb":{"@id":"https:\/\/natureight.com\/fr\/a-propos-de-nous\/#breadcrumb"},"inLanguage":"fr-FR","potentialAction":[{"@type":"ReadAction","target":["https:\/\/natureight.com\/fr\/a-propos-de-nous\/"]}]},{"@type":"ImageObject","inLanguage":"fr-FR","@id":"https:\/\/natureight.com\/fr\/a-propos-de-nous\/#primaryimage","url":"https:\/\/natureight.com\/wp-content\/uploads\/2018\/05\/040-1024x683.jpg","contentUrl":"https:\/\/natureight.com\/wp-content\/uploads\/2018\/05\/040-1024x683.jpg"},{"@type":"BreadcrumbList","@id":"https:\/\/natureight.com\/fr\/a-propos-de-nous\/#breadcrumb","itemListElement":[{"@type":"ListItem","position":1,"name":"Inicio","item":"https:\/\/natureight.com\/fr\/"},{"@type":"ListItem","position":2,"name":"NATUREIGHT : le CBD de la graine au produit fini"}]},{"@type":"WebSite","@id":"https:\/\/natureight.com\/fr\/#website","url":"https:\/\/natureight.com\/fr\/","name":"Natureight","description":"Natureight ofrece una amplia gama de complementos alimenticios elaborados con CBD y extractos de plantas","publisher":{"@id":"https:\/\/natureight.com\/fr\/#organization"},"potentialAction":[{"@type":"SearchAction","target":{"@type":"EntryPoint","urlTemplate":"https:\/\/natureight.com\/fr\/?s={search_term_string}"},"query-input":{"@type":"PropertyValueSpecification","valueRequired":true,"valueName":"search_term_string"}}],"inLanguage":"fr-FR"},{"@type":"Organization","@id":"https:\/\/natureight.com\/fr\/#organization","name":"Natureight","url":"https:\/\/natureight.com\/fr\/","logo":{"@type":"ImageObject","inLanguage":"fr-FR","@id":"https:\/\/natureight.com\/fr\/#\/schema\/logo\/image\/","url":"https:\/\/natureight.com\/wp-content\/uploads\/2023\/08\/logo-natureight-fin.png","contentUrl":"https:\/\/natureight.com\/wp-content\/uploads\/2023\/08\/logo-natureight-fin.png","width":1060,"height":248,"caption":"Natureight"},"image":{"@id":"https:\/\/natureight.com\/fr\/#\/schema\/logo\/image\/"},"sameAs":["https:\/\/www.facebook.com\/natureight\/","https:\/\/x.com\/natureight","https:\/\/www.instagram.com\/natureight_en\/","https:\/\/www.linkedin.com\/company\/27155561\/admin\/","https:\/\/www.youtube.com\/channel\/UCBRRvf6PCPG1C1EqJb6lPkw"]}]}},"jetpack_sharing_enabled":true,"publishpress_future_action":{"enabled":false,"date":"2026-04-22 22:23:44","action":"change-status","newStatus":"draft","terms":[],"taxonomy":"translation_priority"},"publishpress_future_workflow_manual_trigger":{"enabledWorkflows":[]},"_links":{"self":[{"href":"https:\/\/natureight.com\/fr\/wp-json\/wp\/v2\/pages\/459","targetHints":{"allow":["GET"]}}],"collection":[{"href":"https:\/\/natureight.com\/fr\/wp-json\/wp\/v2\/pages"}],"about":[{"href":"https:\/\/natureight.com\/fr\/wp-json\/wp\/v2\/types\/page"}],"author":[{"embeddable":true,"href":"https:\/\/natureight.com\/fr\/wp-json\/wp\/v2\/users\/363"}],"replies":[{"embeddable":true,"href":"https:\/\/natureight.com\/fr\/wp-json\/wp\/v2\/comments?post=459"}],"version-history":[{"count":10,"href":"https:\/\/natureight.com\/fr\/wp-json\/wp\/v2\/pages\/459\/revisions"}],"predecessor-version":[{"id":16000,"href":"https:\/\/natureight.com\/fr\/wp-json\/wp\/v2\/pages\/459\/revisions\/16000"}],"wp:attachment":[{"href":"https:\/\/natureight.com\/fr\/wp-json\/wp\/v2\/media?parent=459"}],"curies":[{"name":"wp","href":"https:\/\/api.w.org\/{rel}","templated":true}]}}