{"id":1349,"date":"2019-04-27T20:52:21","date_gmt":"2019-04-27T20:52:21","guid":{"rendered":"https:\/\/natureight.com\/politique-de-cookie\/"},"modified":"2019-04-27T20:52:21","modified_gmt":"2019-04-27T20:52:21","slug":"politique-de-cookie","status":"publish","type":"page","link":"https:\/\/natureight.com\/fr\/politique-de-cookie\/","title":{"rendered":"Politique de cookie"},"content":{"rendered":"<p>Il s\u2019agit de la d\u00e9claration de confidentialit\u00e9 pour NATUREIGHT, accessible depuis http:\/\/www.natureight.com<\/p>\n<p><strong>Que sont les cookies<\/strong><\/p>\n<p>Il s\u2019agit d\u2019une pratique courante de quasiment tous les sites Web professionnels, ce site utilise des cookies, qui sont de tout petits fichiers qui sont t\u00e9l\u00e9charg\u00e9s sur votre ordinateur, afin d\u2019am\u00e9liorer notre exp\u00e9rience. Cette page d\u00e9crit quelles sont les informations qu\u2019ils recueillent, comment nous les utilisons et pourquoi nous avons parfois besoin de stocker ces cookies. Nous vous dirons \u00e9galement comment vous pouvez emp\u00eacher que ces cookies ne soient stock\u00e9s, cela peut toutefois r\u00e9trograder ou \u00ab\u00a0casser\u00a0\u00bb certains \u00e9l\u00e9ments des fonctionnalit\u00e9s des sites.<\/p>\n<p>Pour des informations plus g\u00e9n\u00e9rales sur les cookies consultez l\u2019article de Wikipedia sur les cookies HTTP.<\/p>\n<p><strong>Comment nous utilisons les cookies<\/strong><\/p>\n<p>Nous utilisons les cookies pour diverses raisons d\u00e9taill\u00e9es ci-dessous. Malheureusement, dans la plupart des cas il n\u2019y a pas de possibilit\u00e9s industrielles standard de d\u00e9sactiver les cookies sans d\u00e9sactiver totalement la fonctionnalit\u00e9 et les fonctions qu\u2019ils ajoutent \u00e0 ce site. Il vous est recommand\u00e9 de laisser tous les cookies si vous ne savez pas si vous en avez besoin s\u2019ils sont utilis\u00e9s pour fournir un service que vous utilisez.<\/p>\n<p><strong>D\u00e9sactivation de cookies<\/strong><\/p>\n<p>Vous pouvez emp\u00eacher l\u2019installation de cookies en r\u00e9glant les param\u00e8tres de votre navigateur (consultez l\u2019aide de votre navigateur pour savoir comment faire cela). Soyez conscient que la d\u00e9sactivation de cookies affectera la fonctionnalit\u00e9 de ce site et de nombreux autres sites que vous visitez. La d\u00e9sactivation de cookies r\u00e9sultera habituellement en la d\u00e9sactivation de certaines fonctionnalit\u00e9s et fonctions de ce site. Nous vous recommandons par cons\u00e9quent de ne pas d\u00e9sactiver les cookies.<\/p>\n<p><strong>Les cookies que nous installons<\/strong><\/p>\n<ul>\n<li>Cookies relatifs au compte<\/li>\n<\/ul>\n<p>Si vous cr\u00e9ez un compte chez nous nous utiliserons alors les cookies pour la gestion du processus d\u2019inscription et l\u2019administration g\u00e9n\u00e9rale. Ces cookies seront habituellement supprim\u00e9s lorsque vous vous d\u00e9connectez, toutefois dans certains cas ils peuvent rester par la suite pour se souvenir de vos pr\u00e9f\u00e9rences de site lorsque vous \u00eates d\u00e9connect\u00e9.<\/p>\n<ul>\n<li>Cookies associ\u00e9s \u00e0 l\u2019identifiant<\/li>\n<\/ul>\n<p>Nous utilisons des cookies lorsque vous \u00eates connect\u00e9 afin de pouvoir nous en souvenir. Cela vous emp\u00eache d\u2019avoir \u00e0 vous connecter \u00e0 chaque fois que vous visitez une nouvelle page. Ces cookies sont habituellement supprim\u00e9s ou effac\u00e9s lorsque vous vous d\u00e9connectez afin de s\u2019assurer que vous puissiez acc\u00e9der \u00e0 des fonctionnalit\u00e9s et \u00e0 des zones \u00e0 l\u2019acc\u00e8s restreint lorsque vous \u00eates connect\u00e9.<\/p>\n<ul>\n<li>Cookies relatifs \u00e0 des newsletters email<\/li>\n<\/ul>\n<p>Ce site propose des services de newsletter ou d\u2019email et des cookies peuvent \u00eatre utilis\u00e9s pour se souvenir si vous \u00eates d\u00e9j\u00e0 enregistr\u00e9 et s\u2019il faut afficher certaines notifications qui peuvent n\u2019\u00eatre disponibles qu\u2019aux utilisateurs inscrits\/non inscrits.<\/p>\n<ul>\n<li>Cookies relatifs au traitement de commandes<\/li>\n<\/ul>\n<p>Ce site propose du mat\u00e9riel de e-commerce et de paiement et certains cookies sont essentiels pour s\u2019assurer que l\u2019on se souvienne de votre commande d\u2019une page \u00e0 l\u2019autre afin que nous puissions la traiter comme il se doit.<\/p>\n<ul>\n<li>Cookies relatifs aux formulaires<\/li>\n<\/ul>\n<p>Lorsque vous soumettez des donn\u00e9es par le biais d\u2019un formulaire comme ceux que l\u2019on trouve sur les pages de contact ou des formulaires de commentaire, des cookies peuvent \u00eatre install\u00e9s pour se souvenir de vos donn\u00e9es d\u2019utilisateur pour une correspondance ult\u00e9rieure.<\/p>\n<ul>\n<li>Cookies relatifs aux pr\u00e9f\u00e9rences du site<\/li>\n<\/ul>\n<p>Afin de vous apporter une tr\u00e8s bonne exp\u00e9rience sur ce site nous fournissons la fonctionnalit\u00e9 de param\u00e9trer vos pr\u00e9f\u00e9rences sur la mani\u00e8re dont le site fonctionne lorsque vous l\u2019utilisez. Afin de se souvenir de vos pr\u00e9f\u00e9rences nous devons installer des cookies de mani\u00e8re \u00e0 pouvoir appeler cette information \u00e0 chaque fois que vous interagissez avec une page qui est impact\u00e9e par vos pr\u00e9f\u00e9rences.<\/p>\n<p><strong>Cookies de tiers <\/strong><\/p>\n<p>Dans certains cas particuliers nous utilisons \u00e9galement des cookies fournis par des tiers de confiance. La section suivante d\u00e9taille quels cookies de tiers vous pouvez rencontrer par le biais de ce site.<\/p>\n<ul>\n<li>Ce site utilise Google Analytics qui est l\u2019une des solutions d\u2019analyse de confiance la plus r\u00e9pandue sur le Web pour nous aider \u00e0 comprendre comment vous utilisez le site et les mani\u00e8res dont nous pouvons am\u00e9liorer votre exp\u00e9rience. Ces cookies peuvent suivre des choses telles que le temps que vous passez sur le site et les pages que vous visitez afin que nous puissions continuer \u00e0 produire un contenu int\u00e9ressant.<\/li>\n<\/ul>\n<p>Pour de plus amples informations sur les cookies de Google Analytics, consultez la page officielle de Google Analytics.<\/p>\n<ul>\n<li>De temps en temps nous testons de nouvelles fonctionnalit\u00e9s et r\u00e9alisons des modifications subtiles sur la mani\u00e8re dont le site est fourni. Lorsque nous testons encore de nouvelles fonctionnalit\u00e9s ces cookies peuvent \u00eatre utilis\u00e9s pour nous assurer que vous b\u00e9n\u00e9ficiez d\u2019une exp\u00e9rience coh\u00e9rente lorsque vous \u00eates sur le site tout en nous assurant de comprendre quelles sont les optimisations que nos utilisateurs appr\u00e9cient le plus.<\/li>\n<li>Nous utilisons \u00e9galement des boutons de r\u00e9seau social et\/ou des modules compl\u00e9mentaires sur le site qui vous permettent de vous connecter de diverses mani\u00e8res avec votre r\u00e9seau social. Pour que ceux-ci fonctionnent dans le sites de r\u00e9seaux sociaux suivants entre-autres\u00a0: {listez les r\u00e9seaux sociaux dont vous avez int\u00e9gr\u00e9 les fonctionnalit\u00e9s sur votre site ?:12}, installerons des cookies par le biais de notre site qui peuvent \u00eatre utilis\u00e9s pour am\u00e9liorer votre profil sur leur site ou contribuer aux donn\u00e9es qu\u2019ils d\u00e9tiennent \u00e0 diverses fins expos\u00e9es dans les d\u00e9clarations de confidentialit\u00e9.<\/li>\n<\/ul>\n<p><strong>Plus d\u2019information<\/strong><\/p>\n<p>Nous esp\u00e9rons que cela a clarifi\u00e9 les choses pour vous et comme nous l\u2019avons mentionn\u00e9 pr\u00e9c\u00e9demment s\u2019il y a quelque chose dont vous n\u2019\u00eates pas s\u00fbr d\u2019avoir besoin il est habituellement plus s\u00fbr de laisser les cookies activ\u00e9s au cas o\u00f9 ils interagissent avec l\u2019une des fonctionnalit\u00e9s que vous utilisez sur notre site. Cette d\u00e9claration de confidentialit\u00e9 a \u00e9t\u00e9 cr\u00e9\u00e9e \u00e0 l\u2019aide du g\u00e9n\u00e9rateur de <a href=\"https:\/\/cookiepolicygenerator.com\/\">d\u00e9claration de cookies RGPD <\/a>et de <a href=\"https:\/\/privacypolicygenerator.info\/\">d\u00e9claration de confidentialit\u00e9 RGPD<\/a>.<\/p>\n<p>Si vous recherchez toutefois de plus amples informations vous pouvez nous contacter par le biais de l\u2019une de nos m\u00e9thodes de contact privil\u00e9gi\u00e9es\u00a0:<\/p>\n<ul>\n<li>Email : info@canardis.com<\/li>\n<\/ul>\n","protected":false},"excerpt":{"rendered":"<p>Il s\u2019agit de la d\u00e9claration de confidentialit\u00e9 pour NATUREIGHT, accessible depuis http:\/\/www.natureight.com Que sont les cookies Il s\u2019agit d\u2019une pratique courante de quasiment tous les sites Web professionnels, ce site utilise des cookies, qui sont de tout petits fichiers qui sont t\u00e9l\u00e9charg\u00e9s sur votre ordinateur, afin d\u2019am\u00e9liorer notre exp\u00e9rience. Cette page d\u00e9crit quelles sont les &#8230; <\/p>\n<p class=\"read-more-container\"><a title=\"Politique de cookie\" class=\"read-more button\" href=\"https:\/\/natureight.com\/fr\/politique-de-cookie\/#more-1349\" aria-label=\"En savoir plus sur Politique de cookie\">Lire la suite<\/a><\/p>\n","protected":false},"author":363,"featured_media":0,"parent":0,"menu_order":0,"comment_status":"closed","ping_status":"closed","template":"","meta":{"generate_page_header":"","footnotes":""},"class_list":["post-1349","page","type-page","status-publish"],"yoast_head":"<!-- This site is optimized with the Yoast SEO plugin v25.4 - https:\/\/yoast.com\/wordpress\/plugins\/seo\/ -->\n<title>Politique de cookie - Natureight<\/title>\n<meta name=\"robots\" content=\"noindex, follow\" \/>\n<meta property=\"og:locale\" content=\"fr_FR\" \/>\n<meta property=\"og:type\" content=\"article\" \/>\n<meta property=\"og:title\" content=\"Politique de cookie - Natureight\" \/>\n<meta property=\"og:description\" content=\"Il s\u2019agit de la d\u00e9claration de confidentialit\u00e9 pour NATUREIGHT, accessible depuis http:\/\/www.natureight.com Que sont les cookies Il s\u2019agit d\u2019une pratique courante de quasiment tous les sites Web professionnels, ce site utilise des cookies, qui sont de tout petits fichiers qui sont t\u00e9l\u00e9charg\u00e9s sur votre ordinateur, afin d\u2019am\u00e9liorer notre exp\u00e9rience. Cette page d\u00e9crit quelles sont les ... Lire la suite\" \/>\n<meta property=\"og:url\" content=\"https:\/\/natureight.com\/fr\/politique-de-cookie\/\" \/>\n<meta property=\"og:site_name\" content=\"Natureight\" \/>\n<meta property=\"article:publisher\" content=\"https:\/\/www.facebook.com\/natureight\/\" \/>\n<meta name=\"twitter:card\" content=\"summary_large_image\" \/>\n<meta name=\"twitter:site\" content=\"@natureight\" \/>\n<meta name=\"twitter:label1\" content=\"Dur\u00e9e de lecture estim\u00e9e\" \/>\n\t<meta name=\"twitter:data1\" content=\"6 minutes\" \/>\n<script type=\"application\/ld+json\" class=\"yoast-schema-graph\">{\"@context\":\"https:\/\/schema.org\",\"@graph\":[{\"@type\":\"WebPage\",\"@id\":\"https:\/\/natureight.com\/fr\/politique-de-cookie\/\",\"url\":\"https:\/\/natureight.com\/fr\/politique-de-cookie\/\",\"name\":\"Politique de cookie - Natureight\",\"isPartOf\":{\"@id\":\"https:\/\/natureight.com\/fr\/#website\"},\"datePublished\":\"2019-04-27T20:52:21+00:00\",\"breadcrumb\":{\"@id\":\"https:\/\/natureight.com\/fr\/politique-de-cookie\/#breadcrumb\"},\"inLanguage\":\"fr-FR\",\"potentialAction\":[{\"@type\":\"ReadAction\",\"target\":[\"https:\/\/natureight.com\/fr\/politique-de-cookie\/\"]}]},{\"@type\":\"BreadcrumbList\",\"@id\":\"https:\/\/natureight.com\/fr\/politique-de-cookie\/#breadcrumb\",\"itemListElement\":[{\"@type\":\"ListItem\",\"position\":1,\"name\":\"Inicio\",\"item\":\"https:\/\/natureight.com\/fr\/\"},{\"@type\":\"ListItem\",\"position\":2,\"name\":\"Politique de cookie\"}]},{\"@type\":\"WebSite\",\"@id\":\"https:\/\/natureight.com\/fr\/#website\",\"url\":\"https:\/\/natureight.com\/fr\/\",\"name\":\"Natureight\",\"description\":\"Natureight ofrece una amplia gama de complementos alimenticios elaborados con CBD y extractos de plantas\",\"publisher\":{\"@id\":\"https:\/\/natureight.com\/fr\/#organization\"},\"potentialAction\":[{\"@type\":\"SearchAction\",\"target\":{\"@type\":\"EntryPoint\",\"urlTemplate\":\"https:\/\/natureight.com\/fr\/?s={search_term_string}\"},\"query-input\":{\"@type\":\"PropertyValueSpecification\",\"valueRequired\":true,\"valueName\":\"search_term_string\"}}],\"inLanguage\":\"fr-FR\"},{\"@type\":\"Organization\",\"@id\":\"https:\/\/natureight.com\/fr\/#organization\",\"name\":\"Natureight\",\"url\":\"https:\/\/natureight.com\/fr\/\",\"logo\":{\"@type\":\"ImageObject\",\"inLanguage\":\"fr-FR\",\"@id\":\"https:\/\/natureight.com\/fr\/#\/schema\/logo\/image\/\",\"url\":\"https:\/\/natureight.com\/wp-content\/uploads\/2023\/08\/logo-natureight-fin.png\",\"contentUrl\":\"https:\/\/natureight.com\/wp-content\/uploads\/2023\/08\/logo-natureight-fin.png\",\"width\":1060,\"height\":248,\"caption\":\"Natureight\"},\"image\":{\"@id\":\"https:\/\/natureight.com\/fr\/#\/schema\/logo\/image\/\"},\"sameAs\":[\"https:\/\/www.facebook.com\/natureight\/\",\"https:\/\/x.com\/natureight\",\"https:\/\/www.instagram.com\/natureight_en\/\",\"https:\/\/www.linkedin.com\/company\/27155561\/admin\/\",\"https:\/\/www.youtube.com\/channel\/UCBRRvf6PCPG1C1EqJb6lPkw\"]}]}<\/script>\n<!-- \/ Yoast SEO plugin. -->","yoast_head_json":{"title":"Politique de cookie - Natureight","robots":{"index":"noindex","follow":"follow"},"og_locale":"fr_FR","og_type":"article","og_title":"Politique de cookie - Natureight","og_description":"Il s\u2019agit de la d\u00e9claration de confidentialit\u00e9 pour NATUREIGHT, accessible depuis http:\/\/www.natureight.com Que sont les cookies Il s\u2019agit d\u2019une pratique courante de quasiment tous les sites Web professionnels, ce site utilise des cookies, qui sont de tout petits fichiers qui sont t\u00e9l\u00e9charg\u00e9s sur votre ordinateur, afin d\u2019am\u00e9liorer notre exp\u00e9rience. Cette page d\u00e9crit quelles sont les ... Lire la suite","og_url":"https:\/\/natureight.com\/fr\/politique-de-cookie\/","og_site_name":"Natureight","article_publisher":"https:\/\/www.facebook.com\/natureight\/","twitter_card":"summary_large_image","twitter_site":"@natureight","twitter_misc":{"Dur\u00e9e de lecture estim\u00e9e":"6 minutes"},"schema":{"@context":"https:\/\/schema.org","@graph":[{"@type":"WebPage","@id":"https:\/\/natureight.com\/fr\/politique-de-cookie\/","url":"https:\/\/natureight.com\/fr\/politique-de-cookie\/","name":"Politique de cookie - Natureight","isPartOf":{"@id":"https:\/\/natureight.com\/fr\/#website"},"datePublished":"2019-04-27T20:52:21+00:00","breadcrumb":{"@id":"https:\/\/natureight.com\/fr\/politique-de-cookie\/#breadcrumb"},"inLanguage":"fr-FR","potentialAction":[{"@type":"ReadAction","target":["https:\/\/natureight.com\/fr\/politique-de-cookie\/"]}]},{"@type":"BreadcrumbList","@id":"https:\/\/natureight.com\/fr\/politique-de-cookie\/#breadcrumb","itemListElement":[{"@type":"ListItem","position":1,"name":"Inicio","item":"https:\/\/natureight.com\/fr\/"},{"@type":"ListItem","position":2,"name":"Politique de cookie"}]},{"@type":"WebSite","@id":"https:\/\/natureight.com\/fr\/#website","url":"https:\/\/natureight.com\/fr\/","name":"Natureight","description":"Natureight ofrece una amplia gama de complementos alimenticios elaborados con CBD y extractos de plantas","publisher":{"@id":"https:\/\/natureight.com\/fr\/#organization"},"potentialAction":[{"@type":"SearchAction","target":{"@type":"EntryPoint","urlTemplate":"https:\/\/natureight.com\/fr\/?s={search_term_string}"},"query-input":{"@type":"PropertyValueSpecification","valueRequired":true,"valueName":"search_term_string"}}],"inLanguage":"fr-FR"},{"@type":"Organization","@id":"https:\/\/natureight.com\/fr\/#organization","name":"Natureight","url":"https:\/\/natureight.com\/fr\/","logo":{"@type":"ImageObject","inLanguage":"fr-FR","@id":"https:\/\/natureight.com\/fr\/#\/schema\/logo\/image\/","url":"https:\/\/natureight.com\/wp-content\/uploads\/2023\/08\/logo-natureight-fin.png","contentUrl":"https:\/\/natureight.com\/wp-content\/uploads\/2023\/08\/logo-natureight-fin.png","width":1060,"height":248,"caption":"Natureight"},"image":{"@id":"https:\/\/natureight.com\/fr\/#\/schema\/logo\/image\/"},"sameAs":["https:\/\/www.facebook.com\/natureight\/","https:\/\/x.com\/natureight","https:\/\/www.instagram.com\/natureight_en\/","https:\/\/www.linkedin.com\/company\/27155561\/admin\/","https:\/\/www.youtube.com\/channel\/UCBRRvf6PCPG1C1EqJb6lPkw"]}]}},"jetpack_sharing_enabled":true,"publishpress_future_action":{"enabled":false,"date":"2026-04-22 22:23:52","action":"change-status","newStatus":"draft","terms":[],"taxonomy":"translation_priority"},"publishpress_future_workflow_manual_trigger":{"enabledWorkflows":[]},"_links":{"self":[{"href":"https:\/\/natureight.com\/fr\/wp-json\/wp\/v2\/pages\/1349","targetHints":{"allow":["GET"]}}],"collection":[{"href":"https:\/\/natureight.com\/fr\/wp-json\/wp\/v2\/pages"}],"about":[{"href":"https:\/\/natureight.com\/fr\/wp-json\/wp\/v2\/types\/page"}],"author":[{"embeddable":true,"href":"https:\/\/natureight.com\/fr\/wp-json\/wp\/v2\/users\/363"}],"replies":[{"embeddable":true,"href":"https:\/\/natureight.com\/fr\/wp-json\/wp\/v2\/comments?post=1349"}],"version-history":[{"count":0,"href":"https:\/\/natureight.com\/fr\/wp-json\/wp\/v2\/pages\/1349\/revisions"}],"wp:attachment":[{"href":"https:\/\/natureight.com\/fr\/wp-json\/wp\/v2\/media?parent=1349"}],"curies":[{"name":"wp","href":"https:\/\/api.w.org\/{rel}","templated":true}]}}